{"id":13530,"date":"2025-06-10T17:47:00","date_gmt":"2025-06-10T14:47:00","guid":{"rendered":"https:\/\/bitessiulai.lt\/?post_type=product&#038;p=13530"},"modified":"2026-01-04T15:39:53","modified_gmt":"2026-01-04T13:39:53","slug":"babina-prabanga-su-zvyneliais","status":"publish","type":"product","link":"https:\/\/bitessiulai.lt\/et\/toode\/babina-prabanga-su-zvyneliais\/","title":{"rendered":"Babina \u2013 Luksus kaaludega"},"content":{"rendered":"<p><span class=\"html-span xexx8yu xyri2b x18d9i69 x1c1uobl x1hl2dhg x16tdsg8 x1vvkbs x3nfvp2 x1j61x8r x1fcty0u xdj266r xat24cr xm2jcoa x1mpyi22 xxymvpz xlup9mm x1kky2od\"><img decoding=\"async\" class=\"xz74otr x168nmei x13lgxp2 x5pf9jr xo71vjh\" src=\"https:\/\/z-p3-static.xx.fbcdn.net\/images\/emoji.php\/v9\/tc0\/1\/16\/1f4e9.png\" alt=\"\ud83d\udce9\" width=\"16\" height=\"16\" \/><\/span>\u00a0Erineva monitori ja telefoni ekraani resolutsiooni t\u00f5ttu v\u00f5ib toote v\u00e4rv erineda.<span class=\"html-span xexx8yu xyri2b x18d9i69 x1c1uobl x1hl2dhg x16tdsg8 x1vvkbs x3nfvp2 x1j61x8r x1fcty0u xdj266r xat24cr xm2jcoa x1mpyi22 xxymvpz xlup9mm x1kky2od\"><img decoding=\"async\" class=\"xz74otr x168nmei x13lgxp2 x5pf9jr xo71vjh\" src=\"https:\/\/z-p3-static.xx.fbcdn.net\/images\/emoji.php\/v9\/tc0\/1\/16\/1f4e9.png\" alt=\"\ud83d\udce9\" width=\"16\" height=\"16\" \/><\/span><\/p>\n<p><img fetchpriority=\"high\" decoding=\"async\" class=\"alignnone size-medium wp-image-14798\" src=\"http:\/\/bitessiulai.lt\/wp-content\/uploads\/2025\/05\/494454309_122150449784569802_1019145022406287701_n-225x300.jpg\" alt=\"\" width=\"225\" height=\"300\" srcset=\"https:\/\/bitessiulai.lt\/wp-content\/uploads\/2025\/05\/494454309_122150449784569802_1019145022406287701_n-225x300.jpg 225w, https:\/\/bitessiulai.lt\/wp-content\/uploads\/2025\/05\/494454309_122150449784569802_1019145022406287701_n-768x1024.jpg 768w, https:\/\/bitessiulai.lt\/wp-content\/uploads\/2025\/05\/494454309_122150449784569802_1019145022406287701_n-1152x1536.jpg 1152w, https:\/\/bitessiulai.lt\/wp-content\/uploads\/2025\/05\/494454309_122150449784569802_1019145022406287701_n-9x12.jpg 9w, https:\/\/bitessiulai.lt\/wp-content\/uploads\/2025\/05\/494454309_122150449784569802_1019145022406287701_n-600x800.jpg 600w, https:\/\/bitessiulai.lt\/wp-content\/uploads\/2025\/05\/494454309_122150449784569802_1019145022406287701_n-113x150.jpg 113w, https:\/\/bitessiulai.lt\/wp-content\/uploads\/2025\/05\/494454309_122150449784569802_1019145022406287701_n.jpg 1536w\" sizes=\"(max-width: 225px) 100vw, 225px\" \/> <img decoding=\"async\" class=\"alignnone size-medium wp-image-14799\" src=\"http:\/\/bitessiulai.lt\/wp-content\/uploads\/2025\/05\/494715645_122150450372569802_1698699419422119965_n-198x300.jpg\" alt=\"\" width=\"198\" height=\"300\" srcset=\"https:\/\/bitessiulai.lt\/wp-content\/uploads\/2025\/05\/494715645_122150450372569802_1698699419422119965_n-198x300.jpg 198w, https:\/\/bitessiulai.lt\/wp-content\/uploads\/2025\/05\/494715645_122150450372569802_1698699419422119965_n-676x1024.jpg 676w, https:\/\/bitessiulai.lt\/wp-content\/uploads\/2025\/05\/494715645_122150450372569802_1698699419422119965_n-768x1163.jpg 768w, https:\/\/bitessiulai.lt\/wp-content\/uploads\/2025\/05\/494715645_122150450372569802_1698699419422119965_n-1014x1536.jpg 1014w, https:\/\/bitessiulai.lt\/wp-content\/uploads\/2025\/05\/494715645_122150450372569802_1698699419422119965_n-8x12.jpg 8w, https:\/\/bitessiulai.lt\/wp-content\/uploads\/2025\/05\/494715645_122150450372569802_1698699419422119965_n-600x909.jpg 600w, https:\/\/bitessiulai.lt\/wp-content\/uploads\/2025\/05\/494715645_122150450372569802_1698699419422119965_n-99x150.jpg 99w, https:\/\/bitessiulai.lt\/wp-content\/uploads\/2025\/05\/494715645_122150450372569802_1698699419422119965_n.jpg 1352w\" sizes=\"(max-width: 198px) 100vw, 198px\" \/><img loading=\"lazy\" decoding=\"async\" class=\"alignnone size-medium wp-image-14802\" src=\"http:\/\/bitessiulai.lt\/wp-content\/uploads\/2025\/06\/494044810_122149205084569802_5181074312106785082_n-225x300.jpg\" alt=\"\" width=\"225\" height=\"300\" srcset=\"https:\/\/bitessiulai.lt\/wp-content\/uploads\/2025\/06\/494044810_122149205084569802_5181074312106785082_n-225x300.jpg 225w, https:\/\/bitessiulai.lt\/wp-content\/uploads\/2025\/06\/494044810_122149205084569802_5181074312106785082_n-768x1024.jpg 768w, https:\/\/bitessiulai.lt\/wp-content\/uploads\/2025\/06\/494044810_122149205084569802_5181074312106785082_n-1152x1536.jpg 1152w, https:\/\/bitessiulai.lt\/wp-content\/uploads\/2025\/06\/494044810_122149205084569802_5181074312106785082_n-9x12.jpg 9w, https:\/\/bitessiulai.lt\/wp-content\/uploads\/2025\/06\/494044810_122149205084569802_5181074312106785082_n-600x800.jpg 600w, https:\/\/bitessiulai.lt\/wp-content\/uploads\/2025\/06\/494044810_122149205084569802_5181074312106785082_n-113x150.jpg 113w, https:\/\/bitessiulai.lt\/wp-content\/uploads\/2025\/06\/494044810_122149205084569802_5181074312106785082_n.jpg 1536w\" sizes=\"(max-width: 225px) 100vw, 225px\" \/><\/p>","protected":false},"excerpt":{"rendered":"<p><span class=\"html-span xexx8yu xyri2b x18d9i69 x1c1uobl x1hl2dhg x16tdsg8 x1vvkbs x3nfvp2 x1j61x8r x1fcty0u xdj266r xat24cr xm2jcoa x1mpyi22 xxymvpz xlup9mm x1kky2od\"><img loading=\"lazy\" decoding=\"async\" class=\"xz74otr x168nmei x13lgxp2 x5pf9jr xo71vjh\" src=\"https:\/\/z-p3-static.xx.fbcdn.net\/images\/emoji.php\/v9\/t2d\/1\/16\/1f4cd.png\" alt=\"\ud83d\udccd\" width=\"16\" height=\"16\" \/><\/span>M 100g \/ 170m<br class=\"html-br\" \/><span class=\"html-span xexx8yu xyri2b x18d9i69 x1c1uobl x1hl2dhg x16tdsg8 x1vvkbs x3nfvp2 x1j61x8r x1fcty0u xdj266r xat24cr xm2jcoa x1mpyi22 xxymvpz xlup9mm x1kky2od\"><img loading=\"lazy\" decoding=\"async\" class=\"xz74otr x168nmei x13lgxp2 x5pf9jr xo71vjh\" src=\"https:\/\/z-p3-static.xx.fbcdn.net\/images\/emoji.php\/v9\/t1e\/1\/16\/1f33f.png\" alt=\"\ud83c\udf3f\" width=\"16\" height=\"16\" \/><\/span>\u00a0Hind 5,00 \u20ac<br class=\"html-br\" \/>Koostis: 26% puuvill, 17% vill, 6% alpaka, 12% viskoos, 35% pol\u00fcamiid<\/p>","protected":false},"featured_media":13533,"comment_status":"open","ping_status":"closed","template":"","meta":[],"product_brand":[],"product_cat":[173,327,2491,915,652,324,175,410,337],"product_tag":[],"giftcard-category":[],"class_list":{"0":"post-13530","1":"product","2":"type-product","3":"status-publish","4":"has-post-thumbnail","6":"product_cat-siulai","7":"product_cat-alpaka","8":"product_cat-babinos","9":"product_cat-dekoratyviniai-siulai","10":"product_cat-medvilne","11":"product_cat-poliamidas","12":"product_cat-siulu-pluostai","13":"product_cat-vilna","14":"product_cat-viskoze","16":"first","17":"instock","18":"taxable","19":"shipping-taxable","20":"purchasable","21":"product-type-variable"},"_links":{"self":[{"href":"https:\/\/bitessiulai.lt\/et\/wp-json\/wp\/v2\/product\/13530","targetHints":{"allow":["GET"]}}],"collection":[{"href":"https:\/\/bitessiulai.lt\/et\/wp-json\/wp\/v2\/product"}],"about":[{"href":"https:\/\/bitessiulai.lt\/et\/wp-json\/wp\/v2\/types\/product"}],"replies":[{"embeddable":true,"href":"https:\/\/bitessiulai.lt\/et\/wp-json\/wp\/v2\/comments?post=13530"}],"version-history":[{"count":0,"href":"https:\/\/bitessiulai.lt\/et\/wp-json\/wp\/v2\/product\/13530\/revisions"}],"wp:featuredmedia":[{"embeddable":true,"href":"https:\/\/bitessiulai.lt\/et\/wp-json\/wp\/v2\/media\/13533"}],"wp:attachment":[{"href":"https:\/\/bitessiulai.lt\/et\/wp-json\/wp\/v2\/media?parent=13530"}],"wp:term":[{"taxonomy":"product_brand","embeddable":true,"href":"https:\/\/bitessiulai.lt\/et\/wp-json\/wp\/v2\/product_brand?post=13530"},{"taxonomy":"product_cat","embeddable":true,"href":"https:\/\/bitessiulai.lt\/et\/wp-json\/wp\/v2\/product_cat?post=13530"},{"taxonomy":"product_tag","embeddable":true,"href":"https:\/\/bitessiulai.lt\/et\/wp-json\/wp\/v2\/product_tag?post=13530"},{"taxonomy":"giftcard-category","embeddable":true,"href":"https:\/\/bitessiulai.lt\/et\/wp-json\/wp\/v2\/giftcard-category?post=13530"}],"curies":[{"name":"wp","href":"https:\/\/api.w.org\/{rel}","templated":true}]}}