{"id":12948,"date":"2025-05-30T12:31:32","date_gmt":"2025-05-30T09:31:32","guid":{"rendered":"https:\/\/bitessiulai.lt\/?post_type=product&#038;p=12948"},"modified":"2026-04-16T19:33:15","modified_gmt":"2026-04-16T16:33:15","slug":"drops-melody","status":"publish","type":"product","link":"https:\/\/bitessiulai.lt\/et\/toode\/drops-melody\/","title":{"rendered":"Tilgad Meloodia"},"content":{"rendered":"<p>DROPS Melody on pehme ja luksuslik l\u00f5ng, mis on valmistatud \u00fclipeenest alpaka- ja meriinovillast. Soe ja moh\u00e4\u00e4ri meenutav l\u00f5ng on saadaval mitmetes keerukates toonides, alates pehmetest bee\u017eidest ja hallidest kuni kaunite punaste ja lilladeni.<\/p>\n<p>Kuna DROPS Melody on nii kerge ja pehme, sobib see ideaalselt r\u00f5ivaste ja aksessuaaride jaoks. Seda on kiire kududa suurte varrastega ilma kangast raskeks muutmata ning seda saab kasutada dekoratiivl\u00f5ngana koos teiste l\u00f5ngadega, et anda r\u00f5ivastele lisavol\u00fc\u00fcmi ja pehmust.<\/p>\n<p><img fetchpriority=\"high\" decoding=\"async\" class=\"alignnone size-medium wp-image-12949\" src=\"http:\/\/bitessiulai.lt\/wp-content\/uploads\/2025\/05\/1641-2-194x300.jpg\" alt=\"\" width=\"194\" height=\"300\" srcset=\"https:\/\/bitessiulai.lt\/wp-content\/uploads\/2025\/05\/1641-2-194x300.jpg 194w, https:\/\/bitessiulai.lt\/wp-content\/uploads\/2025\/05\/1641-2-8x12.jpg 8w, https:\/\/bitessiulai.lt\/wp-content\/uploads\/2025\/05\/1641-2-97x150.jpg 97w, https:\/\/bitessiulai.lt\/wp-content\/uploads\/2025\/05\/1641-2.jpg 458w\" sizes=\"(max-width: 194px) 100vw, 194px\" \/> <img decoding=\"async\" class=\"alignnone size-medium wp-image-12950\" src=\"http:\/\/bitessiulai.lt\/wp-content\/uploads\/2025\/05\/30-2-3-194x300.jpg\" alt=\"\" width=\"194\" height=\"300\" srcset=\"https:\/\/bitessiulai.lt\/wp-content\/uploads\/2025\/05\/30-2-3-194x300.jpg 194w, https:\/\/bitessiulai.lt\/wp-content\/uploads\/2025\/05\/30-2-3-8x12.jpg 8w, https:\/\/bitessiulai.lt\/wp-content\/uploads\/2025\/05\/30-2-3-97x150.jpg 97w, https:\/\/bitessiulai.lt\/wp-content\/uploads\/2025\/05\/30-2-3.jpg 458w\" sizes=\"(max-width: 194px) 100vw, 194px\" \/><\/p>\n<div class=\"embed-responsive embed-responsive-16by9\"><iframe title=\"DROPS Melody - Luksuslik meriinovilla ja harjatud alpaka segu\" width=\"540\" height=\"960\" src=\"https:\/\/www.youtube.com\/embed\/mT6dGT0yIBA?feature=oembed\" frameborder=\"0\" allow=\"accelerometer; autoplay; clipboard-write; encrypted-media; gyroscope; picture-in-picture; web-share\" referrerpolicy=\"strict-origin-when-cross-origin\" allowfullscreen><\/iframe><\/div>\n<p>*Ekraanil kuvatavad v\u00e4rvid v\u00f5ivad tegelikust niidiv\u00e4rvist veidi erineda.<\/p>","protected":false},"excerpt":{"rendered":"<p>Koostis: 71 % alpaka, 25 % meriinovill, 4 % pol\u00fcamiid<\/p>\n<p>Kaal\/pikkus: 50 g = umbes 140 m.<\/p>\n<p>Soovitatav kudumisvarda suurus: 8 mm.<\/p>","protected":false},"featured_media":12973,"comment_status":"open","ping_status":"closed","template":"","meta":[],"product_brand":[],"product_cat":[173,327,256,217,3163,948,177,324,174,175],"product_tag":[],"giftcard-category":[],"class_list":{"0":"post-12948","1":"product","2":"type-product","3":"status-publish","4":"has-post-thumbnail","6":"product_cat-siulai","7":"product_cat-alpaka","8":"product_cat-drops","9":"product_cat-isparduotuve","10":"product_cat-melody","11":"product_cat-merino-vilna","12":"product_cat-mezgimo-siulai","13":"product_cat-poliamidas","14":"product_cat-siulu-gamintojai","15":"product_cat-siulu-pluostai","17":"first","18":"instock","19":"sale","20":"taxable","21":"shipping-taxable","22":"purchasable","23":"product-type-variable"},"_links":{"self":[{"href":"https:\/\/bitessiulai.lt\/et\/wp-json\/wp\/v2\/product\/12948","targetHints":{"allow":["GET"]}}],"collection":[{"href":"https:\/\/bitessiulai.lt\/et\/wp-json\/wp\/v2\/product"}],"about":[{"href":"https:\/\/bitessiulai.lt\/et\/wp-json\/wp\/v2\/types\/product"}],"replies":[{"embeddable":true,"href":"https:\/\/bitessiulai.lt\/et\/wp-json\/wp\/v2\/comments?post=12948"}],"version-history":[{"count":1,"href":"https:\/\/bitessiulai.lt\/et\/wp-json\/wp\/v2\/product\/12948\/revisions"}],"predecessor-version":[{"id":20680,"href":"https:\/\/bitessiulai.lt\/et\/wp-json\/wp\/v2\/product\/12948\/revisions\/20680"}],"wp:featuredmedia":[{"embeddable":true,"href":"https:\/\/bitessiulai.lt\/et\/wp-json\/wp\/v2\/media\/12973"}],"wp:attachment":[{"href":"https:\/\/bitessiulai.lt\/et\/wp-json\/wp\/v2\/media?parent=12948"}],"wp:term":[{"taxonomy":"product_brand","embeddable":true,"href":"https:\/\/bitessiulai.lt\/et\/wp-json\/wp\/v2\/product_brand?post=12948"},{"taxonomy":"product_cat","embeddable":true,"href":"https:\/\/bitessiulai.lt\/et\/wp-json\/wp\/v2\/product_cat?post=12948"},{"taxonomy":"product_tag","embeddable":true,"href":"https:\/\/bitessiulai.lt\/et\/wp-json\/wp\/v2\/product_tag?post=12948"},{"taxonomy":"giftcard-category","embeddable":true,"href":"https:\/\/bitessiulai.lt\/et\/wp-json\/wp\/v2\/giftcard-category?post=12948"}],"curies":[{"name":"wp","href":"https:\/\/api.w.org\/{rel}","templated":true}]}}