{"id":12590,"date":"2025-05-30T12:51:55","date_gmt":"2025-05-30T09:51:55","guid":{"rendered":"https:\/\/bitessiulai.lt\/?post_type=product&#038;p=12590"},"modified":"2026-04-18T12:57:28","modified_gmt":"2026-04-18T09:57:28","slug":"drops-air","status":"publish","type":"product","link":"https:\/\/bitessiulai.lt\/et\/toode\/drops-air\/","title":{"rendered":"Tilgad \u00f5hku"},"content":{"rendered":"<p>Pehmest alpaka- ja meriinovillast valmistatud h\u00e4mmastav Drops Air l\u00f5ng on ainulaadse konstruktsiooniga kvaliteetne l\u00f5ng. Nendel l\u00f5ngadel on eriline omadus - villakiudu ei kedrata, vaid puhutakse \u00f5huga torusse, mis teeb need...\u00a0<strong>v\u00e4ga kerge ja kohev<\/strong>.<\/p>\n<p>DROPS Air on kerge, \u00f5huline ja nahale meeldiv l\u00f5ng, mis sobib ideaalselt nii tekstuursete kui ka kootud kampsunite, jakkide ja aksessuaaride jaoks. DROPS AIR l\u00f5ngad ei s\u00fcgele, seega saavad neid kanda k\u00f5ik. Sina ja su l\u00e4hedased naudite sellest erilisest l\u00f5ngast kootud kauneid riideid. Lai v\u00e4rvipalett v\u00f5imaldab teil valida ja ellu viia k\u00f5ik soovitud projektid.<\/p>\n<p>&nbsp;<\/p>\n<p><img fetchpriority=\"high\" decoding=\"async\" class=\"alignnone size-medium wp-image-12647\" src=\"http:\/\/bitessiulai.lt\/wp-content\/uploads\/2025\/05\/drops-air5-300x300.jpg\" alt=\"\" width=\"300\" height=\"300\" srcset=\"https:\/\/bitessiulai.lt\/wp-content\/uploads\/2025\/05\/drops-air5-300x300.jpg 300w, https:\/\/bitessiulai.lt\/wp-content\/uploads\/2025\/05\/drops-air5-150x150.jpg 150w, https:\/\/bitessiulai.lt\/wp-content\/uploads\/2025\/05\/drops-air5-768x768.jpg 768w, https:\/\/bitessiulai.lt\/wp-content\/uploads\/2025\/05\/drops-air5-12x12.jpg 12w, https:\/\/bitessiulai.lt\/wp-content\/uploads\/2025\/05\/drops-air5-600x600.jpg 600w, https:\/\/bitessiulai.lt\/wp-content\/uploads\/2025\/05\/drops-air5-96x96.jpg 96w, https:\/\/bitessiulai.lt\/wp-content\/uploads\/2025\/05\/drops-air5.jpg 800w\" sizes=\"(max-width: 300px) 100vw, 300px\" \/><img decoding=\"async\" class=\"alignnone size-medium wp-image-12648\" src=\"http:\/\/bitessiulai.lt\/wp-content\/uploads\/2025\/05\/13-2-1-194x300.jpg\" alt=\"\" width=\"194\" height=\"300\" srcset=\"https:\/\/bitessiulai.lt\/wp-content\/uploads\/2025\/05\/13-2-1-194x300.jpg 194w, https:\/\/bitessiulai.lt\/wp-content\/uploads\/2025\/05\/13-2-1-8x12.jpg 8w, https:\/\/bitessiulai.lt\/wp-content\/uploads\/2025\/05\/13-2-1-97x150.jpg 97w, https:\/\/bitessiulai.lt\/wp-content\/uploads\/2025\/05\/13-2-1.jpg 458w\" sizes=\"(max-width: 194px) 100vw, 194px\" \/> <img decoding=\"async\" class=\"alignnone size-medium wp-image-12649\" src=\"http:\/\/bitessiulai.lt\/wp-content\/uploads\/2025\/05\/36-2-1-194x300.jpg\" alt=\"\" width=\"194\" height=\"300\" srcset=\"https:\/\/bitessiulai.lt\/wp-content\/uploads\/2025\/05\/36-2-1-194x300.jpg 194w, https:\/\/bitessiulai.lt\/wp-content\/uploads\/2025\/05\/36-2-1-8x12.jpg 8w, https:\/\/bitessiulai.lt\/wp-content\/uploads\/2025\/05\/36-2-1-97x150.jpg 97w, https:\/\/bitessiulai.lt\/wp-content\/uploads\/2025\/05\/36-2-1.jpg 458w\" sizes=\"(max-width: 194px) 100vw, 194px\" \/><\/p>\n<div class=\"embed-responsive embed-responsive-16by9\"><iframe title=\"DROPS Air - Keskmise j\u00e4medusega l\u00f5ng beebialpakast ja meriinovillast\" width=\"540\" height=\"960\" src=\"https:\/\/www.youtube.com\/embed\/1zefyrLAhqA?feature=oembed\" frameborder=\"0\" allow=\"accelerometer; autoplay; clipboard-write; encrypted-media; gyroscope; picture-in-picture; web-share\" referrerpolicy=\"strict-origin-when-cross-origin\" allowfullscreen><\/iframe><\/div>\n<p>*Ekraanil kuvatavad v\u00e4rvid v\u00f5ivad tegelikust niidiv\u00e4rvist veidi erineda.<\/p>","protected":false},"excerpt":{"rendered":"<p>Koostis: 65 % alpaka, 28 % pol\u00fcamiid, 7 % meriinovill<\/p>\n<p>Kaal\/pikkus: 50 g = umbes 150 m.<\/p>\n<p>Soovitatav varda suurus: 5 mm.<\/p>","protected":false},"featured_media":12643,"comment_status":"open","ping_status":"closed","template":"","meta":[],"product_brand":[],"product_cat":[173,3160,327,256,217,948,177,324,174,175],"product_tag":[],"giftcard-category":[],"class_list":{"0":"post-12590","1":"product","2":"type-product","3":"status-publish","4":"has-post-thumbnail","6":"product_cat-siulai","7":"product_cat-air","8":"product_cat-alpaka","9":"product_cat-drops","10":"product_cat-isparduotuve","11":"product_cat-merino-vilna","12":"product_cat-mezgimo-siulai","13":"product_cat-poliamidas","14":"product_cat-siulu-gamintojai","15":"product_cat-siulu-pluostai","17":"first","18":"instock","19":"sale","20":"taxable","21":"shipping-taxable","22":"purchasable","23":"product-type-variable"},"_links":{"self":[{"href":"https:\/\/bitessiulai.lt\/et\/wp-json\/wp\/v2\/product\/12590","targetHints":{"allow":["GET"]}}],"collection":[{"href":"https:\/\/bitessiulai.lt\/et\/wp-json\/wp\/v2\/product"}],"about":[{"href":"https:\/\/bitessiulai.lt\/et\/wp-json\/wp\/v2\/types\/product"}],"replies":[{"embeddable":true,"href":"https:\/\/bitessiulai.lt\/et\/wp-json\/wp\/v2\/comments?post=12590"}],"version-history":[{"count":1,"href":"https:\/\/bitessiulai.lt\/et\/wp-json\/wp\/v2\/product\/12590\/revisions"}],"predecessor-version":[{"id":20672,"href":"https:\/\/bitessiulai.lt\/et\/wp-json\/wp\/v2\/product\/12590\/revisions\/20672"}],"wp:featuredmedia":[{"embeddable":true,"href":"https:\/\/bitessiulai.lt\/et\/wp-json\/wp\/v2\/media\/12643"}],"wp:attachment":[{"href":"https:\/\/bitessiulai.lt\/et\/wp-json\/wp\/v2\/media?parent=12590"}],"wp:term":[{"taxonomy":"product_brand","embeddable":true,"href":"https:\/\/bitessiulai.lt\/et\/wp-json\/wp\/v2\/product_brand?post=12590"},{"taxonomy":"product_cat","embeddable":true,"href":"https:\/\/bitessiulai.lt\/et\/wp-json\/wp\/v2\/product_cat?post=12590"},{"taxonomy":"product_tag","embeddable":true,"href":"https:\/\/bitessiulai.lt\/et\/wp-json\/wp\/v2\/product_tag?post=12590"},{"taxonomy":"giftcard-category","embeddable":true,"href":"https:\/\/bitessiulai.lt\/et\/wp-json\/wp\/v2\/giftcard-category?post=12590"}],"curies":[{"name":"wp","href":"https:\/\/api.w.org\/{rel}","templated":true}]}}