{"id":12584,"date":"2025-05-27T11:03:05","date_gmt":"2025-05-27T08:03:05","guid":{"rendered":"https:\/\/bitessiulai.lt\/?post_type=product&#038;p=12584"},"modified":"2025-09-12T13:18:54","modified_gmt":"2025-09-12T10:18:54","slug":"yarnart-siulu-rinkinukas-31","status":"publish","type":"product","link":"https:\/\/bitessiulai.lt\/et\/toode\/yarnart-siulu-rinkinukas-31\/","title":{"rendered":"YarnArt niidikomplekt"},"content":{"rendered":"<h5 dir=\"auto\"><strong>YarnArt niidikomplekt:<\/strong><\/h5>\n<ul>\n<li>YarnArt Vista 4tk.<\/li>\n<li>YarnArt Samba 2tk.<\/li>\n<\/ul>\n<p><strong>YarnArt Vista<\/strong><\/p>\n<p><img fetchpriority=\"high\" decoding=\"async\" class=\"alignnone size-medium wp-image-12581\" src=\"http:\/\/bitessiulai.lt\/wp-content\/uploads\/2025\/05\/YARNART_VISTA_9210--300x300.jpg\" alt=\"\" width=\"300\" height=\"300\" srcset=\"https:\/\/bitessiulai.lt\/wp-content\/uploads\/2025\/05\/YARNART_VISTA_9210--300x300.jpg 300w, https:\/\/bitessiulai.lt\/wp-content\/uploads\/2025\/05\/YARNART_VISTA_9210--1024x1024.jpg 1024w, https:\/\/bitessiulai.lt\/wp-content\/uploads\/2025\/05\/YARNART_VISTA_9210--150x150.jpg 150w, https:\/\/bitessiulai.lt\/wp-content\/uploads\/2025\/05\/YARNART_VISTA_9210--768x768.jpg 768w, https:\/\/bitessiulai.lt\/wp-content\/uploads\/2025\/05\/YARNART_VISTA_9210--1536x1536.jpg 1536w, https:\/\/bitessiulai.lt\/wp-content\/uploads\/2025\/05\/YARNART_VISTA_9210--12x12.jpg 12w, https:\/\/bitessiulai.lt\/wp-content\/uploads\/2025\/05\/YARNART_VISTA_9210--600x600.jpg 600w, https:\/\/bitessiulai.lt\/wp-content\/uploads\/2025\/05\/YARNART_VISTA_9210--96x96.jpg 96w, https:\/\/bitessiulai.lt\/wp-content\/uploads\/2025\/05\/YARNART_VISTA_9210-.jpg 2000w\" sizes=\"(max-width: 300px) 100vw, 300px\" \/><\/p>\n<div class=\"x11i5rnm xat24cr x1mh8g0r x1vvkbs xtlvy1s x126k92a\">\n<div dir=\"auto\">(V\u00e4rv: 9210)<\/div>\n<ul>\n<li dir=\"auto\"><strong>Koostis:<\/strong> 25% vill, 75% akr\u00fc\u00fcl<\/li>\n<li dir=\"auto\"><strong>Kaal\/pikkus:<\/strong> 100 aastat = umbes 280 aastat.<\/li>\n<li dir=\"auto\"><strong>Soovitatav kudumisvarda suurus:<\/strong> 4 mm.<\/li>\n<li dir=\"auto\"><strong>Vaasi soovituslik suurus:<\/strong> 4 mm.<\/li>\n<\/ul>\n<\/div>\n<div class=\"x11i5rnm xat24cr x1mh8g0r x1vvkbs xtlvy1s x126k92a\"><\/div>\n<div class=\"x11i5rnm xat24cr x1mh8g0r x1vvkbs xtlvy1s x126k92a\"><\/div>\n<div class=\"x11i5rnm xat24cr x1mh8g0r x1vvkbs xtlvy1s x126k92a\">\n<div dir=\"auto\"><span class=\"html-span xexx8yu x4uap5 x18d9i69 xkhd6sd x1hl2dhg x16tdsg8 x1vvkbs x3nfvp2 x1j61x8r x1fcty0u xdj266r xat24cr xgzva0m xhhsvwb xxymvpz xlup9mm x1kky2od\"><img decoding=\"async\" class=\"xz74otr\" src=\"https:\/\/static.xx.fbcdn.net\/images\/emoji.php\/v9\/t2d\/1\/16\/1f4cd.png\" alt=\"\ud83d\udccd\" width=\"16\" height=\"16\" \/><\/span> <strong>Hind 2,50 \u20ac<\/strong><\/div>\n<\/div>\n<div dir=\"auto\"><\/div>\n<div dir=\"auto\"><strong>YarnArt Samba<\/strong><\/div>\n<div dir=\"auto\"><img decoding=\"async\" class=\"alignnone size-medium wp-image-12585\" src=\"http:\/\/bitessiulai.lt\/wp-content\/uploads\/2025\/05\/YARNART_SAMBA_08-300x300.jpg\" alt=\"\" width=\"300\" height=\"300\" srcset=\"https:\/\/bitessiulai.lt\/wp-content\/uploads\/2025\/05\/YARNART_SAMBA_08-300x300.jpg 300w, https:\/\/bitessiulai.lt\/wp-content\/uploads\/2025\/05\/YARNART_SAMBA_08-1024x1024.jpg 1024w, https:\/\/bitessiulai.lt\/wp-content\/uploads\/2025\/05\/YARNART_SAMBA_08-150x150.jpg 150w, https:\/\/bitessiulai.lt\/wp-content\/uploads\/2025\/05\/YARNART_SAMBA_08-768x768.jpg 768w, https:\/\/bitessiulai.lt\/wp-content\/uploads\/2025\/05\/YARNART_SAMBA_08-1536x1536.jpg 1536w, https:\/\/bitessiulai.lt\/wp-content\/uploads\/2025\/05\/YARNART_SAMBA_08-12x12.jpg 12w, https:\/\/bitessiulai.lt\/wp-content\/uploads\/2025\/05\/YARNART_SAMBA_08-600x600.jpg 600w, https:\/\/bitessiulai.lt\/wp-content\/uploads\/2025\/05\/YARNART_SAMBA_08-96x96.jpg 96w, https:\/\/bitessiulai.lt\/wp-content\/uploads\/2025\/05\/YARNART_SAMBA_08.jpg 2000w\" sizes=\"(max-width: 300px) 100vw, 300px\" \/><\/div>\n<div dir=\"auto\">\n<div dir=\"auto\">\n<p>(V\u00e4rv: 08)<\/p>\n<ul>\n<li><strong>Koostis:<\/strong> 100% pol\u00fcester<\/li>\n<li><strong>Kaal\/pikkus:<\/strong> 100 aastat = umbes 150 aastat.<\/li>\n<li><strong>Soovitatav kudumisvarda suurus:<\/strong> 5,5 mm.<\/li>\n<li><strong>Vaasi soovituslik suurus:<\/strong> 5,5 mm.<\/li>\n<\/ul>\n<p><span class=\"html-span xexx8yu x4uap5 x18d9i69 xkhd6sd x1hl2dhg x16tdsg8 x1vvkbs x3nfvp2 x1j61x8r x1fcty0u xdj266r xat24cr xgzva0m xhhsvwb xxymvpz xlup9mm x1kky2od\"><img decoding=\"async\" class=\"xz74otr\" src=\"https:\/\/static.xx.fbcdn.net\/images\/emoji.php\/v9\/t2d\/1\/16\/1f4cd.png\" alt=\"\ud83d\udccd\" width=\"16\" height=\"16\" \/><\/span> <strong>Hind 1,60 \u20ac<\/strong><\/p>\n<\/div>\n<p>&nbsp;<\/p>\n<p><span class=\"html-span xexx8yu x4uap5 x18d9i69 xkhd6sd x1hl2dhg x16tdsg8 x1vvkbs x3nfvp2 x1j61x8r x1fcty0u xdj266r xat24cr xgzva0m xhhsvwb xxymvpz xlup9mm x1kky2od\"><img decoding=\"async\" class=\"xz74otr\" src=\"https:\/\/static.xx.fbcdn.net\/images\/emoji.php\/v9\/t2d\/1\/16\/1f4cd.png\" alt=\"\ud83d\udccd\" width=\"16\" height=\"16\" \/>Kui komplekt pole saadaval v\u00f5i vajate suuremat kogust, v\u00f5tke meiega \u00fchendust. <img decoding=\"async\" class=\"xz74otr\" src=\"https:\/\/static.xx.fbcdn.net\/images\/emoji.php\/v9\/t2d\/1\/16\/1f4cd.png\" alt=\"\ud83d\udccd\" width=\"16\" height=\"16\" \/><\/span><\/p>\n<div class=\"item\">\n<ul>\n<li class=\"text\">+370 672 44443<\/li>\n<\/ul>\n<\/div>\n<div class=\"item\">\n<ul>\n<li class=\"text\">info@bitessiulai.lt<\/li>\n<\/ul>\n<\/div>\n<p>*Ekraanil kuvatav YarnArt niidikomplekt v\u00f5ib tegelikust niidiv\u00e4rvist veidi erineda.<\/p>\n<\/div>","protected":false},"excerpt":{"rendered":"<p>YarnArt Si\u016bl\u0173 rinkinukas\u00a0: YarnArt Vista 4vnt. YarnArt Samba 2vnt. YarnArt Vista (Spalva: 9210) Sud\u0117tis: 25% vilna, 75% akrilas Svoris\/ilgis: 100 g.= ma\u017edaug 280 m. Rekomenduojamas virbal\u0173 dydis: 4 mm. Rekomenduojamas va\u0161elio dydis: 4 mm. Kaina 2,50\u20ac YarnArt Samba (Spalva: 08) Sud\u0117tis: 100% poliesteris Svoris\/ilgis: 100 g.= ma\u017edaug 150 m. Rekomenduojamas virbal\u0173 dydis: 5,5 mm. Rekomenduojamas va\u0161elio dydis: 5,5 mm. Kaina 1,60\u20ac &nbsp; Jeigu prekyboje rinkinio n\u0117ra arba reikalingas didesnis kiekis, susiekite su Mumis +370 672 44443 info@bitessiulai.lt *Ekrane matomas YarnArt Si\u016bl\u0173 rinkinys \u00a0gali \u0161iek tiek skirtis nuo tikrosios si\u016bl\u0173 spalvos.<\/p>","protected":false},"featured_media":12586,"comment_status":"open","ping_status":"closed","template":"","meta":[],"product_brand":[],"product_cat":[176,3566],"product_tag":[],"giftcard-category":[],"class_list":{"0":"post-12584","1":"product","2":"type-product","3":"status-publish","4":"has-post-thumbnail","6":"product_cat-siulu-rinkinukai","7":"product_cat-rinkinukai-su-yarnart-vista","9":"first","10":"instock","11":"taxable","12":"shipping-taxable","13":"purchasable","14":"product-type-simple"},"_links":{"self":[{"href":"https:\/\/bitessiulai.lt\/et\/wp-json\/wp\/v2\/product\/12584","targetHints":{"allow":["GET"]}}],"collection":[{"href":"https:\/\/bitessiulai.lt\/et\/wp-json\/wp\/v2\/product"}],"about":[{"href":"https:\/\/bitessiulai.lt\/et\/wp-json\/wp\/v2\/types\/product"}],"replies":[{"embeddable":true,"href":"https:\/\/bitessiulai.lt\/et\/wp-json\/wp\/v2\/comments?post=12584"}],"version-history":[{"count":0,"href":"https:\/\/bitessiulai.lt\/et\/wp-json\/wp\/v2\/product\/12584\/revisions"}],"wp:featuredmedia":[{"embeddable":true,"href":"https:\/\/bitessiulai.lt\/et\/wp-json\/wp\/v2\/media\/12586"}],"wp:attachment":[{"href":"https:\/\/bitessiulai.lt\/et\/wp-json\/wp\/v2\/media?parent=12584"}],"wp:term":[{"taxonomy":"product_brand","embeddable":true,"href":"https:\/\/bitessiulai.lt\/et\/wp-json\/wp\/v2\/product_brand?post=12584"},{"taxonomy":"product_cat","embeddable":true,"href":"https:\/\/bitessiulai.lt\/et\/wp-json\/wp\/v2\/product_cat?post=12584"},{"taxonomy":"product_tag","embeddable":true,"href":"https:\/\/bitessiulai.lt\/et\/wp-json\/wp\/v2\/product_tag?post=12584"},{"taxonomy":"giftcard-category","embeddable":true,"href":"https:\/\/bitessiulai.lt\/et\/wp-json\/wp\/v2\/giftcard-category?post=12584"}],"curies":[{"name":"wp","href":"https:\/\/api.w.org\/{rel}","templated":true}]}}