{"id":11932,"date":"2025-04-29T10:20:39","date_gmt":"2025-04-29T07:20:39","guid":{"rendered":"https:\/\/bitessiulai.lt\/?post_type=product&#038;p=11932"},"modified":"2026-02-15T19:08:14","modified_gmt":"2026-02-15T17:08:14","slug":"opry-stitch-dygsnio-zymekliai","status":"publish","type":"product","link":"https:\/\/bitessiulai.lt\/et\/toode\/opry-stitch-dygsnio-zymekliai\/","title":{"rendered":"Opry Stitch pistem\u00e4rgid"},"content":{"rendered":"<p>Opry Stitch silmusemarkerid on v\u00e4ga praktiline abivahend kudumise ja heegeldamise alal. Need aitavad sul j\u00e4lgida oma ringe, mustrite algust ja l\u00f5ppu ning silmuste kasvatamise v\u00f5i kahandamise alustamise kohta. Markerid sisestatakse silmusesse ja suletakse, et need v\u00e4lja ei libiseks. Igas pakis on 15 erinevat v\u00e4rvi silmusemarkerit.<\/p>","protected":false},"excerpt":{"rendered":"<p>Opry Stitch silmusemarkerid on v\u00e4ga praktiline abivahend kudumise ja heegeldamise alal. Need aitavad sul j\u00e4lgida oma ringe, mustrite algust ja l\u00f5ppu ning silmuste kasvatamise v\u00f5i kahandamise alustamise kohta. Markerid sisestatakse silmusesse ja suletakse, et need v\u00e4lja ei libiseks. Igas pakis on 15 erinevat v\u00e4rvi silmusemarkerit.<\/p>","protected":false},"featured_media":11933,"comment_status":"open","ping_status":"closed","template":"","meta":[],"product_brand":[],"product_cat":[192,194],"product_tag":[],"giftcard-category":[],"class_list":{"0":"post-11932","1":"product","2":"type-product","3":"status-publish","4":"has-post-thumbnail","6":"product_cat-priedai-mezgimui","7":"product_cat-akiu-zymekliai","9":"first","10":"instock","11":"taxable","12":"shipping-taxable","13":"purchasable","14":"product-type-simple"},"_links":{"self":[{"href":"https:\/\/bitessiulai.lt\/et\/wp-json\/wp\/v2\/product\/11932","targetHints":{"allow":["GET"]}}],"collection":[{"href":"https:\/\/bitessiulai.lt\/et\/wp-json\/wp\/v2\/product"}],"about":[{"href":"https:\/\/bitessiulai.lt\/et\/wp-json\/wp\/v2\/types\/product"}],"replies":[{"embeddable":true,"href":"https:\/\/bitessiulai.lt\/et\/wp-json\/wp\/v2\/comments?post=11932"}],"version-history":[{"count":1,"href":"https:\/\/bitessiulai.lt\/et\/wp-json\/wp\/v2\/product\/11932\/revisions"}],"predecessor-version":[{"id":21780,"href":"https:\/\/bitessiulai.lt\/et\/wp-json\/wp\/v2\/product\/11932\/revisions\/21780"}],"wp:featuredmedia":[{"embeddable":true,"href":"https:\/\/bitessiulai.lt\/et\/wp-json\/wp\/v2\/media\/11933"}],"wp:attachment":[{"href":"https:\/\/bitessiulai.lt\/et\/wp-json\/wp\/v2\/media?parent=11932"}],"wp:term":[{"taxonomy":"product_brand","embeddable":true,"href":"https:\/\/bitessiulai.lt\/et\/wp-json\/wp\/v2\/product_brand?post=11932"},{"taxonomy":"product_cat","embeddable":true,"href":"https:\/\/bitessiulai.lt\/et\/wp-json\/wp\/v2\/product_cat?post=11932"},{"taxonomy":"product_tag","embeddable":true,"href":"https:\/\/bitessiulai.lt\/et\/wp-json\/wp\/v2\/product_tag?post=11932"},{"taxonomy":"giftcard-category","embeddable":true,"href":"https:\/\/bitessiulai.lt\/et\/wp-json\/wp\/v2\/giftcard-category?post=11932"}],"curies":[{"name":"wp","href":"https:\/\/api.w.org\/{rel}","templated":true}]}}