{"id":11925,"date":"2025-04-29T10:21:25","date_gmt":"2025-04-29T07:21:25","guid":{"rendered":"https:\/\/bitessiulai.lt\/?post_type=product&#038;p=11925"},"modified":"2026-01-06T17:15:30","modified_gmt":"2026-01-06T15:15:30","slug":"knitpro-dreamz-virbalu-rinkinys-13cm-starter","status":"publish","type":"product","link":"https:\/\/bitessiulai.lt\/et\/toode\/knitpro-dreamz-virbalu-rinkinys-13cm-starter\/","title":{"rendered":"KnitPro Dreamz n\u00f5elte komplekt 13cm algajatele"},"content":{"rendered":"<p><strong>KnitPro Dreamz n\u00f5elte komplekt 13cm algajatele<\/strong> \u2013 see on kaunis kaseokaste komplekt, mis on v\u00e4rvitud erksates v\u00e4rvides. Naturaalne materjal tundub k\u00e4es sile ja imeliselt soe, olles samas kerge ja \u00e4\u00e4rmiselt vastupidav.<\/p>\n<p>KnitPro Dreamz vahetatavate otsikutega algajate komplekt sisaldab vahetatavaid kudumisotsi, -n\u00f6\u00f6re ja -tarvikuid. Komplekt sisaldab j\u00e4rgmisi esemeid:<\/p>\n<p>&nbsp;<\/p>\n<ul>\n<li>5 paari vahetatavaid kudumisvardasid pikkusega 13 cm suurustes 3.00, 3.50, 4.00, 4.50 ja 5.00 mm<\/li>\n<li>2 x musta 360\u00b0 p\u00f6\u00f6rlevat joont: 1 x 40 ja 1 x 50 cm (kogupikkus koos kudumisnippidega)<\/li>\n<li>4 x otsakorki<\/li>\n<li>2 x liiniklahvi<\/li>\n<li>1 x liinipistikute komplekt<\/li>\n<\/ul>\n<p>&nbsp;<\/p>\n<p>KnitPro Dreamzi vahetatavad kudumisvardad on mitmek\u00fclgsed ja koos n\u00f6\u00f6riga v\u00f5imaldavad kududa nii sirgelt kui ka ringselt. Varrastel on j\u00e4rk-j\u00e4rgult kitsenevad otsad, mis tagab kauni silmuste m\u00e4\u00e4ratluse igas projektis. Lisaks takistavad otsad l\u00f5nga hargnemist ja sobivad igat t\u00fc\u00fcpi l\u00f5ngadele. Innovatiivselt disainitud \u00fchendus tagab sujuva \u00fclemineku kudumisvardast n\u00f6\u00f6rile, ilma l\u00f5nga takerdumist takistamata. Roostevabast terasest n\u00f6\u00f6rid on kaetud nailonkattega. See muudab n\u00f6\u00f6ri tugevaks, kuid v\u00f5imaldab sellel siiski h\u00f5lpsalt silmuste vahel libiseda. 360\u00b0 p\u00f6\u00f6rlev s\u00fcsteem v\u00f5imaldab vaba p\u00f6\u00f6rlemist. N\u00f6\u00f6ride otstes on auk, mis sobib ideaalselt n\u00f5ela ja n\u00f6\u00f6ri \u00fchendava n\u00f6\u00f6riv\u00f5tmesse. N\u00f6\u00f6riv\u00f5tme auke saab kasutada ka p\u00e4\u00e4stek\u00f6iena, n\u00e4iteks maha kukkunud silmuste v\u00e4ljat\u00f5mbamiseks.<\/p>\n<p>KnitPro Dreamz komplekt on pakendatud kaunisse burgundiapunasest kangast lukuga kotti.<\/p>\n<p><img fetchpriority=\"high\" decoding=\"async\" class=\"alignnone size-medium wp-image-11928\" src=\"http:\/\/bitessiulai.lt\/wp-content\/uploads\/2025\/04\/K200632-4-300x300.webp\" alt=\"\" width=\"300\" height=\"300\" srcset=\"https:\/\/bitessiulai.lt\/wp-content\/uploads\/2025\/04\/K200632-4-300x300.webp 300w, https:\/\/bitessiulai.lt\/wp-content\/uploads\/2025\/04\/K200632-4-150x150.webp 150w, https:\/\/bitessiulai.lt\/wp-content\/uploads\/2025\/04\/K200632-4-96x96.webp 96w, https:\/\/bitessiulai.lt\/wp-content\/uploads\/2025\/04\/K200632-4.webp 583w\" sizes=\"(max-width: 300px) 100vw, 300px\" \/> <img decoding=\"async\" class=\"alignnone size-medium wp-image-11929\" src=\"http:\/\/bitessiulai.lt\/wp-content\/uploads\/2025\/04\/K200632-3-300x300.webp\" alt=\"\" width=\"300\" height=\"300\" srcset=\"https:\/\/bitessiulai.lt\/wp-content\/uploads\/2025\/04\/K200632-3-300x300.webp 300w, https:\/\/bitessiulai.lt\/wp-content\/uploads\/2025\/04\/K200632-3-150x150.webp 150w, https:\/\/bitessiulai.lt\/wp-content\/uploads\/2025\/04\/K200632-3-96x96.webp 96w, https:\/\/bitessiulai.lt\/wp-content\/uploads\/2025\/04\/K200632-3.webp 583w\" sizes=\"(max-width: 300px) 100vw, 300px\" \/><\/p>","protected":false},"excerpt":{"rendered":"<p>KnitPro Dreamz virbal\u0173 rinkinys 13cm Starter \u2013 tai nuostabus ber\u017eo virbal\u0173 rinkinys, nuda\u017eytas ry\u0161kiomis spalvomis. Nat\u016brali med\u017eiaga jau\u010diasi lygi ir nuostabiai \u0161ilta j\u016bs\u0173 rankose, ta\u010diau vis tiek yra lengva ir ypa\u010d tvirta. \u201eKnitPro Dreamz\u201c kei\u010diam\u0173 antgali\u0173 prad\u017eios rinkinys yra su kei\u010diamais mezgimo antgaliais, valais ir priedais. Rinkin\u012f sudaro \u0161ie elementai: &nbsp; 5 x poros kei\u010diam\u0173 mezgimo virabl\u0173 13 cm ilgio 3,00, 3,50, 4,00, 4,50 ir 5,00 mm dyd\u017ei\u0173 2 x juodi 360\u00b0 pasukami valai: 1 x 40 ir 1 x 50 cm (bendras ilgis, \u012fskaitant mezgimo antgalius) 4 x galiniai kam\u0161\u010diai 2 x valo raktai 1 x val\u0173 jung\u010di\u0173 rinkinys &nbsp; Kei\u010diami KnitPro Dreamz mezgimo antgaliai yra universal\u016bs virbalai, kurie kartu su valu leid\u017eia megzti tiek tiesiai, tiek apvaliai. Vrbalai turi laipsni\u0161kai siaur\u0117jan\u010dius antgalius, o tai u\u017etikrina gra\u017e\u0173 dygsnio apibr\u0117\u017eim\u0105 bet kuriame projekte. Be to, antgaliai neleid\u017eia skilti verpalams ir tinka vis\u0173 tip\u0173 si\u016blams. Naujovi\u0161kai sukurta jungtis u\u017etikrina skland\u0173 per\u0117jim\u0105 tarp mezgimo antgalio ir valo, neu\u017eklimpstant verpalams. Ner\u016bdijan\u010dio plieno valai padengti nailono danga. D\u0117l to valas yra tvirtas, ta\u010diau jis vis tiek leid\u017eia lengvai slysti per si\u016bles. Swivel 360\u00b0 sistema leid\u017eia laisvai suktis. Val\u0173 galuose yra skyl\u0117, kuri puikiai tinka valo raktui, jungian\u010diam antgal\u012f ir val\u0105. Valo rakto skyl\u0117s taip pat gali b\u016bti naudojamos kaip gelb\u0117jimosi virvel\u0117, pavyzd\u017eiui, norint i\u0161traukti i\u0161kritusias si\u016bles. KnitPro Dreamz rinkinys supakuotas \u012f gra\u017ei\u0105 u\u017etrauktuku u\u017esegam\u0105 mai\u0161el\u012f, pagamint\u0105 i\u0161 bordo raudonos spalvos audinio.<\/p>","protected":false},"featured_media":11926,"comment_status":"open","ping_status":"closed","template":"","meta":[],"product_brand":[],"product_cat":[180,2440,181],"product_tag":[],"giftcard-category":[],"class_list":{"0":"post-11925","1":"product","2":"type-product","3":"status-publish","4":"has-post-thumbnail","6":"product_cat-mezgimo-priemones","7":"product_cat-knitpro","8":"product_cat-virbalu-rinkiniai","10":"first","11":"instock","12":"taxable","13":"shipping-taxable","14":"purchasable","15":"product-type-simple"},"_links":{"self":[{"href":"https:\/\/bitessiulai.lt\/et\/wp-json\/wp\/v2\/product\/11925","targetHints":{"allow":["GET"]}}],"collection":[{"href":"https:\/\/bitessiulai.lt\/et\/wp-json\/wp\/v2\/product"}],"about":[{"href":"https:\/\/bitessiulai.lt\/et\/wp-json\/wp\/v2\/types\/product"}],"replies":[{"embeddable":true,"href":"https:\/\/bitessiulai.lt\/et\/wp-json\/wp\/v2\/comments?post=11925"}],"version-history":[{"count":1,"href":"https:\/\/bitessiulai.lt\/et\/wp-json\/wp\/v2\/product\/11925\/revisions"}],"predecessor-version":[{"id":20820,"href":"https:\/\/bitessiulai.lt\/et\/wp-json\/wp\/v2\/product\/11925\/revisions\/20820"}],"wp:featuredmedia":[{"embeddable":true,"href":"https:\/\/bitessiulai.lt\/et\/wp-json\/wp\/v2\/media\/11926"}],"wp:attachment":[{"href":"https:\/\/bitessiulai.lt\/et\/wp-json\/wp\/v2\/media?parent=11925"}],"wp:term":[{"taxonomy":"product_brand","embeddable":true,"href":"https:\/\/bitessiulai.lt\/et\/wp-json\/wp\/v2\/product_brand?post=11925"},{"taxonomy":"product_cat","embeddable":true,"href":"https:\/\/bitessiulai.lt\/et\/wp-json\/wp\/v2\/product_cat?post=11925"},{"taxonomy":"product_tag","embeddable":true,"href":"https:\/\/bitessiulai.lt\/et\/wp-json\/wp\/v2\/product_tag?post=11925"},{"taxonomy":"giftcard-category","embeddable":true,"href":"https:\/\/bitessiulai.lt\/et\/wp-json\/wp\/v2\/giftcard-category?post=11925"}],"curies":[{"name":"wp","href":"https:\/\/api.w.org\/{rel}","templated":true}]}}