{"id":11907,"date":"2025-04-28T14:26:31","date_gmt":"2025-04-28T11:26:31","guid":{"rendered":"https:\/\/bitessiulai.lt\/?post_type=product&#038;p=11907"},"modified":"2026-03-12T14:23:48","modified_gmt":"2026-03-12T12:23:48","slug":"knitpro-symfonie-virbalu-rinkinys-13cm-chunky","status":"publish","type":"product","link":"https:\/\/bitessiulai.lt\/et\/toode\/knitpro-symfonie-virbalu-rinkinys-13cm-chunky\/","title":{"rendered":"KnitPro Symfonie n\u00f5elte komplekt 13cm paksud"},"content":{"rendered":"<p>KnitPro Symfonie n\u00f5elte komplekt 13 cm Chunky. KnitPro Symfonie Chunky vahetatavate n\u00f5elte komplekt on erakordselt ilus komplekt vahetatavate n\u00f5elaotstega. <b>,<\/b> Valmistatud mitmev\u00e4rvilisest poleeritud puidust. Vardad on kerged, nii et saate kududa tundide kaupa ilma v\u00e4simuseta. Knitpro Symfonie Chunky vahetatavate varraste komplekt sisaldab j\u00e4rgmisi esemeid:<\/p>\n<ul>\n<li>3 paari vahetatavaid n\u00f5elaotsikuid suurustes 9.00, 10.00 ja 12.00 mm<\/li>\n<li>3 x 60, 80 ja 100 cm pikkused \u00f5ngen\u00f6\u00f6rid<\/li>\n<li>6 x otsakorki<\/li>\n<li>3 x kaabliv\u00f5tit<\/li>\n<li>1 x liinipistikute komplekt<\/li>\n<\/ul>\n<p>Komplekt on stiilses lukuga kotis, mis on valmistatud lillast kangast. Kotil on v\u00e4ike illustratsioon kahest lambast.<\/p>\n<p><img fetchpriority=\"high\" decoding=\"async\" class=\"alignnone size-medium wp-image-11910\" src=\"http:\/\/bitessiulai.lt\/wp-content\/uploads\/2025\/04\/K20663-4-300x300.webp\" alt=\"\" width=\"300\" height=\"300\" srcset=\"https:\/\/bitessiulai.lt\/wp-content\/uploads\/2025\/04\/K20663-4-300x300.webp 300w, https:\/\/bitessiulai.lt\/wp-content\/uploads\/2025\/04\/K20663-4-150x150.webp 150w, https:\/\/bitessiulai.lt\/wp-content\/uploads\/2025\/04\/K20663-4-96x96.webp 96w, https:\/\/bitessiulai.lt\/wp-content\/uploads\/2025\/04\/K20663-4.webp 583w\" sizes=\"(max-width: 300px) 100vw, 300px\" \/><img decoding=\"async\" class=\"alignnone size-medium wp-image-11911\" src=\"http:\/\/bitessiulai.lt\/wp-content\/uploads\/2025\/04\/K20663-3-1-300x300.webp\" alt=\"\" width=\"300\" height=\"300\" srcset=\"https:\/\/bitessiulai.lt\/wp-content\/uploads\/2025\/04\/K20663-3-1-300x300.webp 300w, https:\/\/bitessiulai.lt\/wp-content\/uploads\/2025\/04\/K20663-3-1-150x150.webp 150w, https:\/\/bitessiulai.lt\/wp-content\/uploads\/2025\/04\/K20663-3-1-96x96.webp 96w, https:\/\/bitessiulai.lt\/wp-content\/uploads\/2025\/04\/K20663-3-1.webp 583w\" sizes=\"(max-width: 300px) 100vw, 300px\" \/><\/p>","protected":false},"excerpt":{"rendered":"<p>KnitPro Symfonie virbal\u0173 rinkinys 13cm Chunky. Kei\u010diam\u0173 virbal\u0173 rinkinys KnitPro Symfonie Chunky yra i\u0161skirtinai gra\u017eus kei\u010diam\u0173 virbal\u0173 antgali\u0173 rinkinys , pagamintas i\u0161 \u012fvairiaspalv\u0117s poliruotos medienos. Virbalai yra lengvi, tod\u0117l galite be vargo megzti valandas, nepatiriant rank\u0173 nuovargio. \u201eKnitpro Symfonie\u201c kei\u010diam\u0173 virbal\u0173 rinkin\u012f \u201eChunky\u201c sudaro \u0161ie elementai: 3 x poros kei\u010diam\u0173 9,00, 10,00 ir 12,00 mm dyd\u017eio virbal\u0173 antgali\u0173 3 x 60, 80 ir 100 cm ilgio valai 6 x galiniai kam\u0161\u010diai 3 x trosiniai ver\u017eliarak\u010diai 1 x val\u0173 jung\u010di\u0173 rinkinys Rinkinys yra stilingame mai\u0161elyje su u\u017etrauktuku i\u0161 violetin\u0117s spalvos audinio. D\u0117kle yra nedidel\u0117 dviej\u0173 avi\u0173 iliustracija.<\/p>","protected":false},"featured_media":11908,"comment_status":"open","ping_status":"closed","template":"","meta":[],"product_brand":[],"product_cat":[180,2440,181],"product_tag":[],"giftcard-category":[],"class_list":{"0":"post-11907","1":"product","2":"type-product","3":"status-publish","4":"has-post-thumbnail","6":"product_cat-mezgimo-priemones","7":"product_cat-knitpro","8":"product_cat-virbalu-rinkiniai","10":"first","11":"instock","12":"taxable","13":"shipping-taxable","14":"purchasable","15":"product-type-simple"},"_links":{"self":[{"href":"https:\/\/bitessiulai.lt\/et\/wp-json\/wp\/v2\/product\/11907","targetHints":{"allow":["GET"]}}],"collection":[{"href":"https:\/\/bitessiulai.lt\/et\/wp-json\/wp\/v2\/product"}],"about":[{"href":"https:\/\/bitessiulai.lt\/et\/wp-json\/wp\/v2\/types\/product"}],"replies":[{"embeddable":true,"href":"https:\/\/bitessiulai.lt\/et\/wp-json\/wp\/v2\/comments?post=11907"}],"version-history":[{"count":1,"href":"https:\/\/bitessiulai.lt\/et\/wp-json\/wp\/v2\/product\/11907\/revisions"}],"predecessor-version":[{"id":20818,"href":"https:\/\/bitessiulai.lt\/et\/wp-json\/wp\/v2\/product\/11907\/revisions\/20818"}],"wp:featuredmedia":[{"embeddable":true,"href":"https:\/\/bitessiulai.lt\/et\/wp-json\/wp\/v2\/media\/11908"}],"wp:attachment":[{"href":"https:\/\/bitessiulai.lt\/et\/wp-json\/wp\/v2\/media?parent=11907"}],"wp:term":[{"taxonomy":"product_brand","embeddable":true,"href":"https:\/\/bitessiulai.lt\/et\/wp-json\/wp\/v2\/product_brand?post=11907"},{"taxonomy":"product_cat","embeddable":true,"href":"https:\/\/bitessiulai.lt\/et\/wp-json\/wp\/v2\/product_cat?post=11907"},{"taxonomy":"product_tag","embeddable":true,"href":"https:\/\/bitessiulai.lt\/et\/wp-json\/wp\/v2\/product_tag?post=11907"},{"taxonomy":"giftcard-category","embeddable":true,"href":"https:\/\/bitessiulai.lt\/et\/wp-json\/wp\/v2\/giftcard-category?post=11907"}],"curies":[{"name":"wp","href":"https:\/\/api.w.org\/{rel}","templated":true}]}}