{"id":10726,"date":"2025-03-26T11:52:57","date_gmt":"2025-03-26T09:52:57","guid":{"rendered":"https:\/\/bitessiulai.lt\/?post_type=product&#038;p=10726"},"modified":"2025-09-17T12:59:50","modified_gmt":"2025-09-17T09:59:50","slug":"lanoso-ir-yarnart-rinkinukas-8","status":"publish","type":"product","link":"https:\/\/bitessiulai.lt\/et\/toode\/lanoso-ir-yarnart-rinkinukas-8\/","title":{"rendered":"Lanoso ja YarnArt komplekt"},"content":{"rendered":"<h6><strong>Lanoso ja YarnArt komplekt:<\/strong><\/h6>\n<ul>\n<li>Lanos Single 2tk.<\/li>\n<li>YarnArt Symphony Dream 4tk.<\/li>\n<\/ul>\n<p><strong>Lanos Single<\/strong><\/p>\n<p><img fetchpriority=\"high\" decoding=\"async\" class=\"alignnone size-medium wp-image-10723\" src=\"http:\/\/bitessiulai.lt\/wp-content\/uploads\/2025\/03\/72609a02-b7f0-423a-ab4a-afa081172ea0-600x702-1-256x300.jpg\" alt=\"\" width=\"256\" height=\"300\" srcset=\"https:\/\/bitessiulai.lt\/wp-content\/uploads\/2025\/03\/72609a02-b7f0-423a-ab4a-afa081172ea0-600x702-1-256x300.jpg 256w, https:\/\/bitessiulai.lt\/wp-content\/uploads\/2025\/03\/72609a02-b7f0-423a-ab4a-afa081172ea0-600x702-1-10x12.jpg 10w, https:\/\/bitessiulai.lt\/wp-content\/uploads\/2025\/03\/72609a02-b7f0-423a-ab4a-afa081172ea0-600x702-1-128x150.jpg 128w, https:\/\/bitessiulai.lt\/wp-content\/uploads\/2025\/03\/72609a02-b7f0-423a-ab4a-afa081172ea0-600x702-1.jpg 600w\" sizes=\"(max-width: 256px) 100vw, 256px\" \/><\/p>\n<p>(V\u00e4rv: 912)<\/p>\n<ul>\n<li dir=\"auto\"><strong>Koostis:<\/strong> 90% pol\u00fcamiid, 10% pol\u00fcester<\/li>\n<li dir=\"auto\"><strong>Kaal\/pikkus:<\/strong> 100 aastat = umbes 70 aastat.<\/li>\n<li dir=\"auto\"><strong>Soovitatav kudumisvarda suurus:<\/strong> 5\u20136 mm.<\/li>\n<li dir=\"auto\"><strong>Vaasi soovituslik suurus:<\/strong> 5\u20136 mm.<\/li>\n<\/ul>\n<p>&nbsp;<\/p>\n<p><span class=\"html-span xexx8yu x4uap5 x18d9i69 xkhd6sd x1hl2dhg x16tdsg8 x1vvkbs x3nfvp2 x1j61x8r x1fcty0u xdj266r xat24cr xgzva0m xhhsvwb xxymvpz xlup9mm x1kky2od\"><img decoding=\"async\" class=\"xz74otr\" src=\"https:\/\/static.xx.fbcdn.net\/images\/emoji.php\/v9\/t2d\/1\/16\/1f4cd.png\" alt=\"\ud83d\udccd\" width=\"16\" height=\"16\" \/><\/span> <strong>Hind 3,70 \u20ac<\/strong><\/p>\n<p><strong>YarnArt S\u00fcmfoonia Unistus<\/strong><\/p>\n<p><img decoding=\"async\" class=\"alignnone size-medium wp-image-10728\" src=\"http:\/\/bitessiulai.lt\/wp-content\/uploads\/2025\/03\/YARNART_SYMPHONY_DREAM_3105_DETAY-600x600-1-300x300.jpg\" alt=\"\" width=\"300\" height=\"300\" srcset=\"https:\/\/bitessiulai.lt\/wp-content\/uploads\/2025\/03\/YARNART_SYMPHONY_DREAM_3105_DETAY-600x600-1-300x300.jpg 300w, https:\/\/bitessiulai.lt\/wp-content\/uploads\/2025\/03\/YARNART_SYMPHONY_DREAM_3105_DETAY-600x600-1-150x150.jpg 150w, https:\/\/bitessiulai.lt\/wp-content\/uploads\/2025\/03\/YARNART_SYMPHONY_DREAM_3105_DETAY-600x600-1-12x12.jpg 12w, https:\/\/bitessiulai.lt\/wp-content\/uploads\/2025\/03\/YARNART_SYMPHONY_DREAM_3105_DETAY-600x600-1-96x96.jpg 96w, https:\/\/bitessiulai.lt\/wp-content\/uploads\/2025\/03\/YARNART_SYMPHONY_DREAM_3105_DETAY-600x600-1.jpg 600w\" sizes=\"(max-width: 300px) 100vw, 300px\" \/><\/p>\n<p>(V\u00e4rv: 3105)<\/p>\n<ul>\n<li dir=\"auto\"><strong>Koostis:<\/strong> 80% puuvill, 20% viskoos<\/li>\n<li dir=\"auto\"><strong>Kaal\/pikkus:<\/strong> 150 aastat = umbes 245 aastat.<\/li>\n<li dir=\"auto\"><strong>Soovitatav kudumisvarda suurus:<\/strong> 4 mm.<\/li>\n<li dir=\"auto\"><strong>Vaasi soovituslik suurus:<\/strong> 4 mm.<\/li>\n<\/ul>\n<p>&nbsp;<\/p>\n<p><span class=\"html-span xexx8yu x4uap5 x18d9i69 xkhd6sd x1hl2dhg x16tdsg8 x1vvkbs x3nfvp2 x1j61x8r x1fcty0u xdj266r xat24cr xgzva0m xhhsvwb xxymvpz xlup9mm x1kky2od\"><img decoding=\"async\" class=\"xz74otr\" src=\"https:\/\/static.xx.fbcdn.net\/images\/emoji.php\/v9\/t2d\/1\/16\/1f4cd.png\" alt=\"\ud83d\udccd\" width=\"16\" height=\"16\" \/><\/span> <strong>Hind 3,20 \u20ac<\/strong><\/p>\n<p><span class=\"html-span xexx8yu x4uap5 x18d9i69 xkhd6sd x1hl2dhg x16tdsg8 x1vvkbs x3nfvp2 x1j61x8r x1fcty0u xdj266r xat24cr xgzva0m xhhsvwb xxymvpz xlup9mm x1kky2od\"><img decoding=\"async\" class=\"xz74otr\" src=\"https:\/\/static.xx.fbcdn.net\/images\/emoji.php\/v9\/t2d\/1\/16\/1f4cd.png\" alt=\"\ud83d\udccd\" width=\"16\" height=\"16\" \/>Kui Lanoso ja YarnArt komplekt pole saadaval v\u00f5i on vaja suuremat kogust, v\u00f5tke meiega \u00fchendust. <img decoding=\"async\" class=\"xz74otr\" src=\"https:\/\/static.xx.fbcdn.net\/images\/emoji.php\/v9\/t2d\/1\/16\/1f4cd.png\" alt=\"\ud83d\udccd\" width=\"16\" height=\"16\" \/><\/span><\/p>\n<div class=\"item\">\n<ul>\n<li class=\"text\">+370 672 44443<\/li>\n<\/ul>\n<\/div>\n<div class=\"item\">\n<ul>\n<li class=\"text\">info@bitessiulai.lt<\/li>\n<\/ul>\n<\/div>\n<p>&nbsp;<\/p>\n<p>*Ekraanil kuvatavad v\u00e4rvid v\u00f5ivad tegelikust niidiv\u00e4rvist veidi erineda.<\/p>","protected":false},"excerpt":{"rendered":"<p>Lanoso ir YarnArt rinkinukas: Lanoso Single 2vnt. YarnArt Symphony Dream 4vnt. Lanoso Single (Spalva: 912) Sud\u0117tis: 90% poliamidas, 10% poliesteris Svoris\/ilgis: 100 g.= ma\u017edaug 70 m. Rekomenduojamas virbal\u0173 dydis: 5 \u2013 6\u00a0 mm. Rekomenduojamas va\u0161elio dydis: 5 \u2013 6\u00a0 mm. &nbsp; Kaina 3,70\u20ac YarnArt Symphony Dream (Spalva: 3105) Sud\u0117tis: 80% medviln\u0117, 20% viskoz\u0117 Svoris\/ilgis: 150 g.= ma\u017edaug 245m. Rekomenduojamas virbal\u0173 dydis: 4\u00a0 mm. Rekomenduojamas va\u0161elio dydis: 4\u00a0 mm. &nbsp; Kaina 3,20\u20ac Jeigu prekyboje Lanoso ir YarnArt rinkinys yra neprieinamas n\u0117ra arba reikalingas didesnis kiekis, susiekite su Mumis +370 672 44443 info@bitessiulai.lt &nbsp; *Ekrane matomos spalvos gali \u0161iek tiek skirtis nuo tikrosios si\u016bl\u0173 spalvos.<\/p>","protected":false},"featured_media":10727,"comment_status":"open","ping_status":"closed","template":"","meta":[],"product_brand":[],"product_cat":[176,3561],"product_tag":[],"giftcard-category":[],"class_list":{"0":"post-10726","1":"product","2":"type-product","3":"status-publish","4":"has-post-thumbnail","6":"product_cat-siulu-rinkinukai","7":"product_cat-rinkinukai-su-yarnart-symphony-dream","9":"first","10":"outofstock","11":"taxable","12":"shipping-taxable","13":"purchasable","14":"product-type-simple"},"_links":{"self":[{"href":"https:\/\/bitessiulai.lt\/et\/wp-json\/wp\/v2\/product\/10726","targetHints":{"allow":["GET"]}}],"collection":[{"href":"https:\/\/bitessiulai.lt\/et\/wp-json\/wp\/v2\/product"}],"about":[{"href":"https:\/\/bitessiulai.lt\/et\/wp-json\/wp\/v2\/types\/product"}],"replies":[{"embeddable":true,"href":"https:\/\/bitessiulai.lt\/et\/wp-json\/wp\/v2\/comments?post=10726"}],"version-history":[{"count":0,"href":"https:\/\/bitessiulai.lt\/et\/wp-json\/wp\/v2\/product\/10726\/revisions"}],"wp:featuredmedia":[{"embeddable":true,"href":"https:\/\/bitessiulai.lt\/et\/wp-json\/wp\/v2\/media\/10727"}],"wp:attachment":[{"href":"https:\/\/bitessiulai.lt\/et\/wp-json\/wp\/v2\/media?parent=10726"}],"wp:term":[{"taxonomy":"product_brand","embeddable":true,"href":"https:\/\/bitessiulai.lt\/et\/wp-json\/wp\/v2\/product_brand?post=10726"},{"taxonomy":"product_cat","embeddable":true,"href":"https:\/\/bitessiulai.lt\/et\/wp-json\/wp\/v2\/product_cat?post=10726"},{"taxonomy":"product_tag","embeddable":true,"href":"https:\/\/bitessiulai.lt\/et\/wp-json\/wp\/v2\/product_tag?post=10726"},{"taxonomy":"giftcard-category","embeddable":true,"href":"https:\/\/bitessiulai.lt\/et\/wp-json\/wp\/v2\/giftcard-category?post=10726"}],"curies":[{"name":"wp","href":"https:\/\/api.w.org\/{rel}","templated":true}]}}