{"id":10672,"date":"2025-03-25T15:00:10","date_gmt":"2025-03-25T13:00:10","guid":{"rendered":"https:\/\/bitessiulai.lt\/?post_type=product&#038;p=10672"},"modified":"2025-09-12T14:49:19","modified_gmt":"2025-09-12T11:49:19","slug":"gazzal-yarnart-ir-stenli-rinkinukas","status":"publish","type":"product","link":"https:\/\/bitessiulai.lt\/et\/toode\/gazzal-yarnart-ir-stenli-rinkinukas\/","title":{"rendered":"Gazzal YarnArt ja Stanley komplekt"},"content":{"rendered":"<h6>Gazzal YarnArt ja Stanley komplekt:<\/h6>\n<ul>\n<li>Gazzal Super Kid Moh\u00e4\u00e4r 4tk.<\/li>\n<li>YarnArt Symphony 8 tk.<\/li>\n<li>Stanley Lux 1 tk.<\/li>\n<\/ul>\n<p><strong>Gazzal Super Kid Moh\u00e4\u00e4r<\/strong><\/p>\n<p><img fetchpriority=\"high\" decoding=\"async\" class=\"alignnone size-medium wp-image-10673\" src=\"http:\/\/bitessiulai.lt\/wp-content\/uploads\/2025\/03\/super-kid-mohair-64422-895-10-B-600x600-1-300x300.jpg\" alt=\"\" width=\"300\" height=\"300\" srcset=\"https:\/\/bitessiulai.lt\/wp-content\/uploads\/2025\/03\/super-kid-mohair-64422-895-10-B-600x600-1-300x300.jpg 300w, https:\/\/bitessiulai.lt\/wp-content\/uploads\/2025\/03\/super-kid-mohair-64422-895-10-B-600x600-1-150x150.jpg 150w, https:\/\/bitessiulai.lt\/wp-content\/uploads\/2025\/03\/super-kid-mohair-64422-895-10-B-600x600-1-12x12.jpg 12w, https:\/\/bitessiulai.lt\/wp-content\/uploads\/2025\/03\/super-kid-mohair-64422-895-10-B-600x600-1-96x96.jpg 96w, https:\/\/bitessiulai.lt\/wp-content\/uploads\/2025\/03\/super-kid-mohair-64422-895-10-B-600x600-1.jpg 600w\" sizes=\"(max-width: 300px) 100vw, 300px\" \/><\/p>\n<p>(V\u00e4rv: 64422)<\/p>\n<ul>\n<li dir=\"auto\"><strong>Koostis:<\/strong> 47% superkid moh\u00e4\u00e4r, 31% meriinovill, 22% pol\u00fcamiid<\/li>\n<li dir=\"auto\"><strong>Kaal\/pikkus:<\/strong> 25 aastat = ligikaudu 237 aastat.<\/li>\n<li dir=\"auto\"><strong>Soovitatav kudumisvarda suurus:<\/strong> \u00a03 mm.<\/li>\n<li dir=\"auto\"><strong>Vaasi soovituslik suurus:<\/strong> 2,5\u20133 mm.<\/li>\n<\/ul>\n<p>&nbsp;<\/p>\n<p><span class=\"html-span xexx8yu x4uap5 x18d9i69 xkhd6sd x1hl2dhg x16tdsg8 x1vvkbs x3nfvp2 x1j61x8r x1fcty0u xdj266r xat24cr xgzva0m xhhsvwb xxymvpz xlup9mm x1kky2od\"><img decoding=\"async\" class=\"xz74otr\" src=\"https:\/\/static.xx.fbcdn.net\/images\/emoji.php\/v9\/t2d\/1\/16\/1f4cd.png\" alt=\"\ud83d\udccd\" width=\"16\" height=\"16\" \/><\/span> <strong>Hind 2,99 \u20ac<\/strong><\/p>\n<p><strong>YarnArt S\u00fcmfoonia<\/strong><\/p>\n<p><img decoding=\"async\" class=\"alignnone size-medium wp-image-10674\" src=\"http:\/\/bitessiulai.lt\/wp-content\/uploads\/2025\/03\/YARNART_SYMPHONY_2112-600x600-1-300x300.jpg\" alt=\"\" width=\"300\" height=\"300\" srcset=\"https:\/\/bitessiulai.lt\/wp-content\/uploads\/2025\/03\/YARNART_SYMPHONY_2112-600x600-1-300x300.jpg 300w, https:\/\/bitessiulai.lt\/wp-content\/uploads\/2025\/03\/YARNART_SYMPHONY_2112-600x600-1-150x150.jpg 150w, https:\/\/bitessiulai.lt\/wp-content\/uploads\/2025\/03\/YARNART_SYMPHONY_2112-600x600-1-12x12.jpg 12w, https:\/\/bitessiulai.lt\/wp-content\/uploads\/2025\/03\/YARNART_SYMPHONY_2112-600x600-1-96x96.jpg 96w, https:\/\/bitessiulai.lt\/wp-content\/uploads\/2025\/03\/YARNART_SYMPHONY_2112-600x600-1.jpg 600w\" sizes=\"(max-width: 300px) 100vw, 300px\" \/><\/p>\n<p>(V\u00e4rv: 2112)<\/p>\n<ul>\n<li dir=\"auto\"><strong>Koostis:<\/strong> 20% viskoos, 80% puuvill<\/li>\n<li dir=\"auto\"><strong>Kaal\/pikkus:<\/strong> 50 aastat = umbes 125 aastat.<\/li>\n<li dir=\"auto\"><strong>Soovitatav kudumisvarda suurus:<\/strong> \u00a04 mm.<\/li>\n<li dir=\"auto\"><strong>Vaasi soovituslik suurus:<\/strong> 4 mm.<\/li>\n<\/ul>\n<p>&nbsp;<\/p>\n<p><span class=\"html-span xexx8yu x4uap5 x18d9i69 xkhd6sd x1hl2dhg x16tdsg8 x1vvkbs x3nfvp2 x1j61x8r x1fcty0u xdj266r xat24cr xgzva0m xhhsvwb xxymvpz xlup9mm x1kky2od\"><img decoding=\"async\" class=\"xz74otr\" src=\"https:\/\/static.xx.fbcdn.net\/images\/emoji.php\/v9\/t2d\/1\/16\/1f4cd.png\" alt=\"\ud83d\udccd\" width=\"16\" height=\"16\" \/><\/span> <strong>Hind 1,60 \u20ac<\/strong><\/p>\n<p><strong>Stanley Lux<\/strong><\/p>\n<p><img loading=\"lazy\" decoding=\"async\" class=\"alignnone size-medium wp-image-10675\" src=\"http:\/\/bitessiulai.lt\/wp-content\/uploads\/2025\/03\/3737_17258-500x500-1-1-300x300.jpg\" alt=\"\" width=\"300\" height=\"300\" srcset=\"https:\/\/bitessiulai.lt\/wp-content\/uploads\/2025\/03\/3737_17258-500x500-1-1-300x300.jpg 300w, https:\/\/bitessiulai.lt\/wp-content\/uploads\/2025\/03\/3737_17258-500x500-1-1-150x150.jpg 150w, https:\/\/bitessiulai.lt\/wp-content\/uploads\/2025\/03\/3737_17258-500x500-1-1-12x12.jpg 12w, https:\/\/bitessiulai.lt\/wp-content\/uploads\/2025\/03\/3737_17258-500x500-1-1-96x96.jpg 96w, https:\/\/bitessiulai.lt\/wp-content\/uploads\/2025\/03\/3737_17258-500x500-1-1.jpg 500w\" sizes=\"(max-width: 300px) 100vw, 300px\" \/><\/p>\n<p>(V\u00e4rv: 221)<\/p>\n<ul>\n<li dir=\"auto\"><strong>Koostis: <\/strong>80% lurex, 10% pol\u00fcester, 10% litrid<\/li>\n<li dir=\"auto\"><strong>Kaal\/pikkus:<\/strong> 25 aastat = umbes 113 aastat.<\/li>\n<li dir=\"auto\"><strong>Soovitatav kudumisvarda suurus:<\/strong> 5\u20136 mm.<\/li>\n<li dir=\"auto\"><strong>Vaasi soovituslik suurus:<\/strong> 4\u20135 mm.<\/li>\n<\/ul>\n<p>&nbsp;<\/p>\n<p><span class=\"html-span xexx8yu x4uap5 x18d9i69 xkhd6sd x1hl2dhg x16tdsg8 x1vvkbs x3nfvp2 x1j61x8r x1fcty0u xdj266r xat24cr xgzva0m xhhsvwb xxymvpz xlup9mm x1kky2od\"><img decoding=\"async\" class=\"xz74otr\" src=\"https:\/\/static.xx.fbcdn.net\/images\/emoji.php\/v9\/t2d\/1\/16\/1f4cd.png\" alt=\"\ud83d\udccd\" width=\"16\" height=\"16\" \/><\/span> <strong>Hind 2,89 \u20ac<\/strong><\/p>\n<p><span class=\"html-span xexx8yu x4uap5 x18d9i69 xkhd6sd x1hl2dhg x16tdsg8 x1vvkbs x3nfvp2 x1j61x8r x1fcty0u xdj266r xat24cr xgzva0m xhhsvwb xxymvpz xlup9mm x1kky2od\"><img decoding=\"async\" class=\"xz74otr\" src=\"https:\/\/static.xx.fbcdn.net\/images\/emoji.php\/v9\/t2d\/1\/16\/1f4cd.png\" alt=\"\ud83d\udccd\" width=\"16\" height=\"16\" \/>Kui Gazzali, YarnArti ja Stanley komplektid pole saadaval v\u00f5i on vaja suuremat kogust, v\u00f5tke meiega \u00fchendust. <img decoding=\"async\" class=\"xz74otr\" src=\"https:\/\/static.xx.fbcdn.net\/images\/emoji.php\/v9\/t2d\/1\/16\/1f4cd.png\" alt=\"\ud83d\udccd\" width=\"16\" height=\"16\" \/><\/span><\/p>\n<div class=\"item\">\n<ul>\n<li class=\"text\">+370 672 44443<\/li>\n<\/ul>\n<\/div>\n<div class=\"item\">\n<ul>\n<li class=\"text\">info@bitessiulai.lt<\/li>\n<\/ul>\n<\/div>\n<p>&nbsp;<\/p>\n<p>*Ekraanil kuvatavad v\u00e4rvid v\u00f5ivad tegelikust niidiv\u00e4rvist veidi erineda.<\/p>","protected":false},"excerpt":{"rendered":"<p>Gazzal YarnArt ir Stenli rinkinukas: Gazzal Super Kid Mohair 4vnt. YarnArt Symphony 8vnt. Stenli Lux 1vnt. Gazzal Super Kid Mohair (Spalva: 64422) Sud\u0117tis: 47% super kid mohera, 31% merino vilna, 22% poliamidas Svoris\/ilgis: 25 g.= ma\u017edaug 237 m. Rekomenduojamas virbal\u0173 dydis: \u00a03 mm. Rekomenduojamas va\u0161elio dydis: 2,5 \u2013 3 mm. &nbsp; Kaina 2,99\u20ac YarnArt Symphony (Spalva: 2112) Sud\u0117tis: 20% viskoz\u0117, 80% medviln\u0117 Svoris\/ilgis: 50 g.= ma\u017edaug 125m. Rekomenduojamas virbal\u0173 dydis: \u00a04 mm. Rekomenduojamas va\u0161elio dydis: 4 mm. &nbsp; Kaina 1,60\u20ac Stenli Lux (Spalva: 221) Sud\u0117tis: 80% liureksas, 10% poliesteris, 10% blizgu\u010diai Svoris\/ilgis: 25 g.= ma\u017edaug 113 m. Rekomenduojamas virbal\u0173 dydis: 5 \u2013 6\u00a0 mm. Rekomenduojamas va\u0161elio dydis: 4 \u2013 5 mm. &nbsp; Kaina 2,89\u20ac Jeigu prekyboje Gazzal, YarnArt ir Stenli rinkinys yra neprieinamas n\u0117ra arba reikalingas didesnis kiekis, susiekite su Mumis +370 672 44443 info@bitessiulai.lt &nbsp; *Ekrane matomos spalvos gali \u0161iek tiek skirtis nuo tikrosios si\u016bl\u0173 spalvos.<\/p>","protected":false},"featured_media":10676,"comment_status":"open","ping_status":"closed","template":"","meta":[],"product_brand":[],"product_cat":[176,3571],"product_tag":[],"giftcard-category":[],"class_list":{"0":"post-10672","1":"product","2":"type-product","3":"status-publish","4":"has-post-thumbnail","6":"product_cat-siulu-rinkinukai","7":"product_cat-rinkinukai-su-gazzal-super-kid-mohair-siulu-rinkinukai","9":"first","10":"outofstock","11":"taxable","12":"shipping-taxable","13":"purchasable","14":"product-type-simple"},"_links":{"self":[{"href":"https:\/\/bitessiulai.lt\/et\/wp-json\/wp\/v2\/product\/10672","targetHints":{"allow":["GET"]}}],"collection":[{"href":"https:\/\/bitessiulai.lt\/et\/wp-json\/wp\/v2\/product"}],"about":[{"href":"https:\/\/bitessiulai.lt\/et\/wp-json\/wp\/v2\/types\/product"}],"replies":[{"embeddable":true,"href":"https:\/\/bitessiulai.lt\/et\/wp-json\/wp\/v2\/comments?post=10672"}],"version-history":[{"count":0,"href":"https:\/\/bitessiulai.lt\/et\/wp-json\/wp\/v2\/product\/10672\/revisions"}],"wp:featuredmedia":[{"embeddable":true,"href":"https:\/\/bitessiulai.lt\/et\/wp-json\/wp\/v2\/media\/10676"}],"wp:attachment":[{"href":"https:\/\/bitessiulai.lt\/et\/wp-json\/wp\/v2\/media?parent=10672"}],"wp:term":[{"taxonomy":"product_brand","embeddable":true,"href":"https:\/\/bitessiulai.lt\/et\/wp-json\/wp\/v2\/product_brand?post=10672"},{"taxonomy":"product_cat","embeddable":true,"href":"https:\/\/bitessiulai.lt\/et\/wp-json\/wp\/v2\/product_cat?post=10672"},{"taxonomy":"product_tag","embeddable":true,"href":"https:\/\/bitessiulai.lt\/et\/wp-json\/wp\/v2\/product_tag?post=10672"},{"taxonomy":"giftcard-category","embeddable":true,"href":"https:\/\/bitessiulai.lt\/et\/wp-json\/wp\/v2\/giftcard-category?post=10672"}],"curies":[{"name":"wp","href":"https:\/\/api.w.org\/{rel}","templated":true}]}}