{"id":10596,"date":"2025-03-23T17:26:43","date_gmt":"2025-03-23T15:26:43","guid":{"rendered":"https:\/\/bitessiulai.lt\/?post_type=product&#038;p=10596"},"modified":"2026-02-06T10:25:48","modified_gmt":"2026-02-06T08:25:48","slug":"milward-2-skyluciu-sagos-8","status":"publish","type":"product","link":"https:\/\/bitessiulai.lt\/et\/toode\/milward-2-skyluciu-sagos-8\/","title":{"rendered":"Milwardi kahe auguga n\u00f6\u00f6bid"},"content":{"rendered":"<p>Need kaunid Milwardi kahe auguga n\u00f6\u00f6bid <span>on uskumatult mitmek\u00fclgsed: neid saab kasutada (k\u00e4sitsi valmistatud) r\u00f5ivastel, kodukaunistustel ja aksessuaaridel. Neid \u00fcmmargusi valgete t\u00e4ppidega n\u00f6\u00f6pe saab k\u00e4sitsi \u00f5mmelda l\u00e4bi kahe augu. Need on valmistatud nailonist ja pestavad kuni 40 \u00b0C juures. N\u00f6\u00f6bid on pakendatud stiilsesse papp\u00fcmbrikusse.\u00a0<\/span><\/p>\n<p>20 mm x 4 tk.<\/p>\n<p><img fetchpriority=\"high\" decoding=\"async\" class=\"alignnone size-medium wp-image-10598\" src=\"http:\/\/bitessiulai.lt\/wp-content\/uploads\/2025\/03\/mg9033158-3-300x300.webp\" alt=\"\" width=\"300\" height=\"300\" srcset=\"https:\/\/bitessiulai.lt\/wp-content\/uploads\/2025\/03\/mg9033158-3-300x300.webp 300w, https:\/\/bitessiulai.lt\/wp-content\/uploads\/2025\/03\/mg9033158-3-150x150.webp 150w, https:\/\/bitessiulai.lt\/wp-content\/uploads\/2025\/03\/mg9033158-3-12x12.webp 12w, https:\/\/bitessiulai.lt\/wp-content\/uploads\/2025\/03\/mg9033158-3-96x96.webp 96w, https:\/\/bitessiulai.lt\/wp-content\/uploads\/2025\/03\/mg9033158-3.webp 583w\" sizes=\"(max-width: 300px) 100vw, 300px\" \/><\/p>\n<p>*Ekraanil n\u00e4htavad v\u00e4rvid v\u00f5ivad tegelikkusest veidi erineda.<\/p>","protected":false},"excerpt":{"rendered":"<p>\u0160ios gra\u017eios Milward 2 skylu\u010di\u0173 sagos yra ne\u012ftik\u0117tinai universalios: jas galite naudoti prie (rank\u0173 darbo) drabu\u017ei\u0173, nam\u0173 dekoro element\u0173 ir aksesuar\u0173. \u0160ios apvalios sagos su baltais ta\u0161keliais gali b\u016bti prisi\u016btos rankomis per dvi skylutes. Jie pagaminti i\u0161 nailono ir skalbiami iki 40\u00b0C. Sagos supakuotos \u012f stiling\u0105 kartonin\u012f vok\u0105.\u00a0 20mm. x 4vnt. *Ekrane matomos spalvos gali \u0161iek tiek skirtis nuo tikrosios spalvos.<\/p>","protected":false},"featured_media":10599,"comment_status":"open","ping_status":"closed","template":"","meta":[],"product_brand":[],"product_cat":[192,210],"product_tag":[],"giftcard-category":[],"class_list":{"0":"post-10596","1":"product","2":"type-product","3":"status-publish","4":"has-post-thumbnail","6":"product_cat-priedai-mezgimui","7":"product_cat-sagos","9":"first","10":"outofstock","11":"taxable","12":"shipping-taxable","13":"purchasable","14":"product-type-simple"},"_links":{"self":[{"href":"https:\/\/bitessiulai.lt\/et\/wp-json\/wp\/v2\/product\/10596","targetHints":{"allow":["GET"]}}],"collection":[{"href":"https:\/\/bitessiulai.lt\/et\/wp-json\/wp\/v2\/product"}],"about":[{"href":"https:\/\/bitessiulai.lt\/et\/wp-json\/wp\/v2\/types\/product"}],"replies":[{"embeddable":true,"href":"https:\/\/bitessiulai.lt\/et\/wp-json\/wp\/v2\/comments?post=10596"}],"version-history":[{"count":1,"href":"https:\/\/bitessiulai.lt\/et\/wp-json\/wp\/v2\/product\/10596\/revisions"}],"predecessor-version":[{"id":22485,"href":"https:\/\/bitessiulai.lt\/et\/wp-json\/wp\/v2\/product\/10596\/revisions\/22485"}],"wp:featuredmedia":[{"embeddable":true,"href":"https:\/\/bitessiulai.lt\/et\/wp-json\/wp\/v2\/media\/10599"}],"wp:attachment":[{"href":"https:\/\/bitessiulai.lt\/et\/wp-json\/wp\/v2\/media?parent=10596"}],"wp:term":[{"taxonomy":"product_brand","embeddable":true,"href":"https:\/\/bitessiulai.lt\/et\/wp-json\/wp\/v2\/product_brand?post=10596"},{"taxonomy":"product_cat","embeddable":true,"href":"https:\/\/bitessiulai.lt\/et\/wp-json\/wp\/v2\/product_cat?post=10596"},{"taxonomy":"product_tag","embeddable":true,"href":"https:\/\/bitessiulai.lt\/et\/wp-json\/wp\/v2\/product_tag?post=10596"},{"taxonomy":"giftcard-category","embeddable":true,"href":"https:\/\/bitessiulai.lt\/et\/wp-json\/wp\/v2\/giftcard-category?post=10596"}],"curies":[{"name":"wp","href":"https:\/\/api.w.org\/{rel}","templated":true}]}}