{"id":10530,"date":"2025-03-23T16:36:25","date_gmt":"2025-03-23T14:36:25","guid":{"rendered":"https:\/\/bitessiulai.lt\/?post_type=product&#038;p=10530"},"modified":"2026-05-08T13:37:57","modified_gmt":"2026-05-08T10:37:57","slug":"milward-2-skyluciu-sagos-2","status":"publish","type":"product","link":"https:\/\/bitessiulai.lt\/et\/toode\/milward-2-skyluciu-sagos-2\/","title":{"rendered":"Milwardi kahe auguga n\u00f6\u00f6bid"},"content":{"rendered":"<p>Need Milwardi kahe auguga n\u00f6\u00f6bid on uskumatult mitmek\u00fclgsed: neid saab kasutada (k\u00e4sitsi valmistatud) r\u00f5ivastel, kodukaunistustel ja aksessuaaridel. Neid soonikkoes servaga n\u00f6\u00f6pe saab k\u00e4sitsi \u00f5mmelda l\u00e4bi kahe augu. Need on valmistatud pol\u00fcestrist ja pestavad kuni 40 \u00b0C juures. N\u00f6\u00f6bid on pakendatud stiilsesse papp\u00fcmbrikusse.<\/p>\n<p><img fetchpriority=\"high\" decoding=\"async\" class=\"alignnone size-medium wp-image-10531\" src=\"http:\/\/bitessiulai.lt\/wp-content\/uploads\/2025\/03\/MG9033019-3-300x300.webp\" alt=\"\" width=\"300\" height=\"300\" srcset=\"https:\/\/bitessiulai.lt\/wp-content\/uploads\/2025\/03\/MG9033019-3-300x300.webp 300w, https:\/\/bitessiulai.lt\/wp-content\/uploads\/2025\/03\/MG9033019-3-150x150.webp 150w, https:\/\/bitessiulai.lt\/wp-content\/uploads\/2025\/03\/MG9033019-3-12x12.webp 12w, https:\/\/bitessiulai.lt\/wp-content\/uploads\/2025\/03\/MG9033019-3-96x96.webp 96w, https:\/\/bitessiulai.lt\/wp-content\/uploads\/2025\/03\/MG9033019-3.webp 583w\" sizes=\"(max-width: 300px) 100vw, 300px\" \/><\/p>\n<p>15 mm x 6 tk.<\/p>","protected":false},"excerpt":{"rendered":"<p>\u0160ios Milward 2 skylu\u010di\u0173 sagos yra ne\u012ftik\u0117tinai universalios: jas galite naudoti prie (rank\u0173 darbo) drabu\u017ei\u0173, nam\u0173 dekoro element\u0173 ir aksesuar\u0173. \u0160ios sagos su briaunuotu kra\u0161tu gali b\u016bti prisi\u016btos rankomis per dvi skylutes. Jie pagaminti i\u0161 poliesterio ir skalbiami iki 40\u00b0C. Sagos supakuotos \u012f stiling\u0105 kartonin\u012f vok\u0105. 15mm. x 6vnt.<\/p>","protected":false},"featured_media":10533,"comment_status":"open","ping_status":"closed","template":"","meta":[],"product_brand":[],"product_cat":[192,210],"product_tag":[],"giftcard-category":[],"class_list":{"0":"post-10530","1":"product","2":"type-product","3":"status-publish","4":"has-post-thumbnail","6":"product_cat-priedai-mezgimui","7":"product_cat-sagos","9":"first","10":"outofstock","11":"taxable","12":"shipping-taxable","13":"purchasable","14":"product-type-simple"},"_links":{"self":[{"href":"https:\/\/bitessiulai.lt\/et\/wp-json\/wp\/v2\/product\/10530","targetHints":{"allow":["GET"]}}],"collection":[{"href":"https:\/\/bitessiulai.lt\/et\/wp-json\/wp\/v2\/product"}],"about":[{"href":"https:\/\/bitessiulai.lt\/et\/wp-json\/wp\/v2\/types\/product"}],"replies":[{"embeddable":true,"href":"https:\/\/bitessiulai.lt\/et\/wp-json\/wp\/v2\/comments?post=10530"}],"version-history":[{"count":1,"href":"https:\/\/bitessiulai.lt\/et\/wp-json\/wp\/v2\/product\/10530\/revisions"}],"predecessor-version":[{"id":22963,"href":"https:\/\/bitessiulai.lt\/et\/wp-json\/wp\/v2\/product\/10530\/revisions\/22963"}],"wp:featuredmedia":[{"embeddable":true,"href":"https:\/\/bitessiulai.lt\/et\/wp-json\/wp\/v2\/media\/10533"}],"wp:attachment":[{"href":"https:\/\/bitessiulai.lt\/et\/wp-json\/wp\/v2\/media?parent=10530"}],"wp:term":[{"taxonomy":"product_brand","embeddable":true,"href":"https:\/\/bitessiulai.lt\/et\/wp-json\/wp\/v2\/product_brand?post=10530"},{"taxonomy":"product_cat","embeddable":true,"href":"https:\/\/bitessiulai.lt\/et\/wp-json\/wp\/v2\/product_cat?post=10530"},{"taxonomy":"product_tag","embeddable":true,"href":"https:\/\/bitessiulai.lt\/et\/wp-json\/wp\/v2\/product_tag?post=10530"},{"taxonomy":"giftcard-category","embeddable":true,"href":"https:\/\/bitessiulai.lt\/et\/wp-json\/wp\/v2\/giftcard-category?post=10530"}],"curies":[{"name":"wp","href":"https:\/\/api.w.org\/{rel}","templated":true}]}}