{"id":10509,"date":"2025-03-23T16:05:19","date_gmt":"2025-03-23T14:05:19","guid":{"rendered":"https:\/\/bitessiulai.lt\/?post_type=product&#038;p=10509"},"modified":"2026-03-19T15:43:35","modified_gmt":"2026-03-19T13:43:35","slug":"geliu-sagos","status":"publish","type":"product","link":"https:\/\/bitessiulai.lt\/et\/toode\/geliu-sagos\/","title":{"rendered":"Lillenupud"},"content":{"rendered":"<p>Need pilkup\u00fc\u00fcdvad puidust lillen\u00f6\u00f6bid lisavad l\u00f5busa viimistluse mitmesugustele loomingulistele projektidele. Olenemata sellest, kas soovite kaunistada omatehtud kotte, salle ja m\u00fctse v\u00f5i kasutada neid kardiganide v\u00f5i sallide kinnitusdetailidena, sobivad need n\u00f6\u00f6bid ideaalselt. Igal n\u00f6\u00f6bil on kaks auku ja see on m\u00f5eldud k\u00e4sitsi \u00f5mblemiseks. Lillen\u00f6\u00f6bid on 40 (25 mm) suurused.<\/p>\n<p>*Ekraanil n\u00e4htavad v\u00e4rvid v\u00f5ivad tegelikkusest veidi erineda.<\/p>","protected":false},"excerpt":{"rendered":"<p>\u0160ios ak\u012f traukian\u010dios medin\u0117s g\u0117li\u0173 sagos suteiks smag\u0173 u\u017ebaigim\u0105 \u012fvairiems k\u016brybiniams projektams. Nesvarbu, ar norite papuo\u0161ti naminius krep\u0161ius, \u0161alikus ir skryb\u0117les, ar naudoti ant kardigan\u0173 ar skar\u0173 kaip u\u017esegim\u0105, \u0161ios sagos puikiai tiks. Kiekviena sag\u0117 turi dvi skylutes ir yra skirtas susi\u016bti rankomis. G\u0117li\u0173 sagos yra 40 (25 mm) dyd\u017eio. *Ekrane matomos spalvos gali \u0161iek tiek skirtis nuo tikrosios spalvos.<\/p>","protected":false},"featured_media":10511,"comment_status":"open","ping_status":"closed","template":"","meta":[],"product_brand":[],"product_cat":[192,210],"product_tag":[],"giftcard-category":[],"class_list":{"0":"post-10509","1":"product","2":"type-product","3":"status-publish","4":"has-post-thumbnail","6":"product_cat-priedai-mezgimui","7":"product_cat-sagos","9":"first","10":"instock","11":"taxable","12":"shipping-taxable","13":"purchasable","14":"product-type-simple"},"_links":{"self":[{"href":"https:\/\/bitessiulai.lt\/et\/wp-json\/wp\/v2\/product\/10509","targetHints":{"allow":["GET"]}}],"collection":[{"href":"https:\/\/bitessiulai.lt\/et\/wp-json\/wp\/v2\/product"}],"about":[{"href":"https:\/\/bitessiulai.lt\/et\/wp-json\/wp\/v2\/types\/product"}],"replies":[{"embeddable":true,"href":"https:\/\/bitessiulai.lt\/et\/wp-json\/wp\/v2\/comments?post=10509"}],"version-history":[{"count":0,"href":"https:\/\/bitessiulai.lt\/et\/wp-json\/wp\/v2\/product\/10509\/revisions"}],"wp:featuredmedia":[{"embeddable":true,"href":"https:\/\/bitessiulai.lt\/et\/wp-json\/wp\/v2\/media\/10511"}],"wp:attachment":[{"href":"https:\/\/bitessiulai.lt\/et\/wp-json\/wp\/v2\/media?parent=10509"}],"wp:term":[{"taxonomy":"product_brand","embeddable":true,"href":"https:\/\/bitessiulai.lt\/et\/wp-json\/wp\/v2\/product_brand?post=10509"},{"taxonomy":"product_cat","embeddable":true,"href":"https:\/\/bitessiulai.lt\/et\/wp-json\/wp\/v2\/product_cat?post=10509"},{"taxonomy":"product_tag","embeddable":true,"href":"https:\/\/bitessiulai.lt\/et\/wp-json\/wp\/v2\/product_tag?post=10509"},{"taxonomy":"giftcard-category","embeddable":true,"href":"https:\/\/bitessiulai.lt\/et\/wp-json\/wp\/v2\/giftcard-category?post=10509"}],"curies":[{"name":"wp","href":"https:\/\/api.w.org\/{rel}","templated":true}]}}