{"id":10134,"date":"2025-03-15T16:05:29","date_gmt":"2025-03-15T14:05:29","guid":{"rendered":"https:\/\/bitessiulai.lt\/?post_type=product&#038;p=10134"},"modified":"2026-04-25T16:13:28","modified_gmt":"2026-04-25T13:13:28","slug":"stenli-tokyo","status":"publish","type":"product","link":"https:\/\/bitessiulai.lt\/et\/toode\/stenli-tokyo\/","title":{"rendered":"Stanley Tokyo"},"content":{"rendered":"<p>Stanley Tokyo on kaunis l\u00f5ng, mis \u00fchendab naturaalseid pehmeid puuvillakiude ja siledat viskoossiidi, mis on m\u00e4hitud \u00f5rna pol\u00fcamiidkanga sisse. M\u00f5lemad kiud j\u00e4rgnevad teineteisele s\u00fcnkroonselt, moodustades v\u00e4ikeseid tihedaid piklikke struktuure ebamaise l\u00e4ikega, mida \u00fchendab \u00f5huke ja sile niit. L\u00f5nga efekti maksimeerimiseks on kudumisel soovitatav kasutada suuri vardaid, mis annavad kudumile vajaliku v\u00e4\u00e4rikuse ja paljastavad kogu selle ilu. Stanley Tokyo l\u00f5ng sobib kergete ja \u00f5rnade kudumite loomiseks kevad-suvehooajaks ning sobib suurep\u00e4raselt teiste sarnase koostisega l\u00f5ngasarjadega. L\u00f5ng sobib nii kogenud kudujatele kui ka algajatele.<\/p>\n<p><img fetchpriority=\"high\" decoding=\"async\" class=\"alignnone size-medium wp-image-10148\" src=\"http:\/\/bitessiulai.lt\/wp-content\/uploads\/2025\/03\/279884219_857773688507732_3903508314384928403_n-20220503144931-263-200x300.jpg\" alt=\"\" width=\"200\" height=\"300\" srcset=\"https:\/\/bitessiulai.lt\/wp-content\/uploads\/2025\/03\/279884219_857773688507732_3903508314384928403_n-20220503144931-263-200x300.jpg 200w, https:\/\/bitessiulai.lt\/wp-content\/uploads\/2025\/03\/279884219_857773688507732_3903508314384928403_n-20220503144931-263-683x1024.jpg 683w, https:\/\/bitessiulai.lt\/wp-content\/uploads\/2025\/03\/279884219_857773688507732_3903508314384928403_n-20220503144931-263-768x1152.jpg 768w, https:\/\/bitessiulai.lt\/wp-content\/uploads\/2025\/03\/279884219_857773688507732_3903508314384928403_n-20220503144931-263-8x12.jpg 8w, https:\/\/bitessiulai.lt\/wp-content\/uploads\/2025\/03\/279884219_857773688507732_3903508314384928403_n-20220503144931-263-600x900.jpg 600w, https:\/\/bitessiulai.lt\/wp-content\/uploads\/2025\/03\/279884219_857773688507732_3903508314384928403_n-20220503144931-263-100x150.jpg 100w, https:\/\/bitessiulai.lt\/wp-content\/uploads\/2025\/03\/279884219_857773688507732_3903508314384928403_n-20220503144931-263.jpg 800w\" sizes=\"(max-width: 200px) 100vw, 200px\" \/><\/p>\n<p>*Ekraanil kuvatavad v\u00e4rvid v\u00f5ivad tegelikust niidiv\u00e4rvist veidi erineda.<\/p>","protected":false},"excerpt":{"rendered":"<p>Koostis: 40% viskoos, 40% puuvill, 20% pol\u00fcamiid<\/p>\n<p>Kaal\/pikkus: 100 g = umbes 300 m.<\/p>\n<p>Soovitatav varda suurus: 6\u20137 mm.<\/p>","protected":false},"featured_media":10135,"comment_status":"open","ping_status":"closed","template":"","meta":[],"product_brand":[],"product_cat":[15,915,652,177,324,173,174,175,1641,3297,337],"product_tag":[],"giftcard-category":[],"class_list":{"0":"post-10134","1":"product","2":"type-product","3":"status-publish","4":"has-post-thumbnail","6":"product_cat-be-kategorijos","7":"product_cat-dekoratyviniai-siulai","8":"product_cat-medvilne","9":"product_cat-mezgimo-siulai","10":"product_cat-poliamidas","11":"product_cat-siulai","12":"product_cat-siulu-gamintojai","13":"product_cat-siulu-pluostai","14":"product_cat-stenli","15":"product_cat-tokyo","16":"product_cat-viskoze","18":"first","19":"instock","20":"taxable","21":"shipping-taxable","22":"purchasable","23":"product-type-variable"},"_links":{"self":[{"href":"https:\/\/bitessiulai.lt\/et\/wp-json\/wp\/v2\/product\/10134","targetHints":{"allow":["GET"]}}],"collection":[{"href":"https:\/\/bitessiulai.lt\/et\/wp-json\/wp\/v2\/product"}],"about":[{"href":"https:\/\/bitessiulai.lt\/et\/wp-json\/wp\/v2\/types\/product"}],"replies":[{"embeddable":true,"href":"https:\/\/bitessiulai.lt\/et\/wp-json\/wp\/v2\/comments?post=10134"}],"version-history":[{"count":0,"href":"https:\/\/bitessiulai.lt\/et\/wp-json\/wp\/v2\/product\/10134\/revisions"}],"wp:featuredmedia":[{"embeddable":true,"href":"https:\/\/bitessiulai.lt\/et\/wp-json\/wp\/v2\/media\/10135"}],"wp:attachment":[{"href":"https:\/\/bitessiulai.lt\/et\/wp-json\/wp\/v2\/media?parent=10134"}],"wp:term":[{"taxonomy":"product_brand","embeddable":true,"href":"https:\/\/bitessiulai.lt\/et\/wp-json\/wp\/v2\/product_brand?post=10134"},{"taxonomy":"product_cat","embeddable":true,"href":"https:\/\/bitessiulai.lt\/et\/wp-json\/wp\/v2\/product_cat?post=10134"},{"taxonomy":"product_tag","embeddable":true,"href":"https:\/\/bitessiulai.lt\/et\/wp-json\/wp\/v2\/product_tag?post=10134"},{"taxonomy":"giftcard-category","embeddable":true,"href":"https:\/\/bitessiulai.lt\/et\/wp-json\/wp\/v2\/giftcard-category?post=10134"}],"curies":[{"name":"wp","href":"https:\/\/api.w.org\/{rel}","templated":true}]}}