{"id":9068,"date":"2025-03-03T08:14:41","date_gmt":"2025-03-03T06:14:41","guid":{"rendered":"https:\/\/bitessiulai.lt\/?post_type=product&#038;p=9068"},"modified":"2026-04-17T08:56:15","modified_gmt":"2026-04-17T05:56:15","slug":"drops-plus-dygsnio-zymekliai","status":"publish","type":"product","link":"https:\/\/bitessiulai.lt\/en\/product\/drops-plus-dygsnio-zymekliai\/","title":{"rendered":"Drops Plus stitch markers"},"content":{"rendered":"<p><strong>Drops Plus stitch markers<\/strong> are very useful knitting and crocheting tools. They are used to indicate the beginning of a new row or certain points in a pattern. The markers can be inserted into the piece and closed to stay in place, but they can also act as a ring marker. They are made of plastic. One pack contains 30 different stitch markers.<\/p>\n<p>*Colors seen on screen may differ slightly from actual color.<\/p>","protected":false},"excerpt":{"rendered":"<p>Drops Plus dygsnio \u017eymekliai yra labai naudingi mezgimo ir n\u0117rimo \u012frankiai. Jie naudojami nurodyti naujos eilut\u0117s prad\u017ei\u0105 arba tam tikrus modelio ta\u0161kus. \u017dymeklius galima \u012fki\u0161ti \u012f k\u016brin\u012f ir u\u017edaryti, kad jie likt\u0173 vietoje, ta\u010diau jie taip pat gali veikti kaip \u017eiedinis \u017eymeklis. Jie pagaminti i\u0161 plastiko. Vienoje pakuot\u0117je yra 30 \u012fvairi\u0173 dygsnio \u017eymekli\u0173. *Ekrane matomos spalvos gali \u0161iek tiek skirtis nuo tikrosios spalvos.<\/p>","protected":false},"featured_media":9070,"comment_status":"open","ping_status":"closed","template":"","meta":[],"product_brand":[],"product_cat":[194,192],"product_tag":[],"giftcard-category":[],"class_list":{"0":"post-9068","1":"product","2":"type-product","3":"status-publish","4":"has-post-thumbnail","6":"product_cat-akiu-zymekliai","7":"product_cat-priedai-mezgimui","9":"first","10":"instock","11":"taxable","12":"shipping-taxable","13":"purchasable","14":"product-type-simple"},"_links":{"self":[{"href":"https:\/\/bitessiulai.lt\/en\/wp-json\/wp\/v2\/product\/9068","targetHints":{"allow":["GET"]}}],"collection":[{"href":"https:\/\/bitessiulai.lt\/en\/wp-json\/wp\/v2\/product"}],"about":[{"href":"https:\/\/bitessiulai.lt\/en\/wp-json\/wp\/v2\/types\/product"}],"replies":[{"embeddable":true,"href":"https:\/\/bitessiulai.lt\/en\/wp-json\/wp\/v2\/comments?post=9068"}],"version-history":[{"count":1,"href":"https:\/\/bitessiulai.lt\/en\/wp-json\/wp\/v2\/product\/9068\/revisions"}],"predecessor-version":[{"id":22616,"href":"https:\/\/bitessiulai.lt\/en\/wp-json\/wp\/v2\/product\/9068\/revisions\/22616"}],"wp:featuredmedia":[{"embeddable":true,"href":"https:\/\/bitessiulai.lt\/en\/wp-json\/wp\/v2\/media\/9070"}],"wp:attachment":[{"href":"https:\/\/bitessiulai.lt\/en\/wp-json\/wp\/v2\/media?parent=9068"}],"wp:term":[{"taxonomy":"product_brand","embeddable":true,"href":"https:\/\/bitessiulai.lt\/en\/wp-json\/wp\/v2\/product_brand?post=9068"},{"taxonomy":"product_cat","embeddable":true,"href":"https:\/\/bitessiulai.lt\/en\/wp-json\/wp\/v2\/product_cat?post=9068"},{"taxonomy":"product_tag","embeddable":true,"href":"https:\/\/bitessiulai.lt\/en\/wp-json\/wp\/v2\/product_tag?post=9068"},{"taxonomy":"giftcard-category","embeddable":true,"href":"https:\/\/bitessiulai.lt\/en\/wp-json\/wp\/v2\/giftcard-category?post=9068"}],"curies":[{"name":"wp","href":"https:\/\/api.w.org\/{rel}","templated":true}]}}