{"id":8877,"date":"2025-03-01T18:19:13","date_gmt":"2025-03-01T16:19:13","guid":{"rendered":"https:\/\/bitessiulai.lt\/?post_type=product&#038;p=8877"},"modified":"2025-05-15T14:42:11","modified_gmt":"2025-05-15T11:42:11","slug":"premax-omnia-zirkles","status":"publish","type":"product","link":"https:\/\/bitessiulai.lt\/en\/product\/premax-omnia-zirkles\/","title":{"rendered":"Premax Omnia scissors"},"content":{"rendered":"<p>Premax Omnia scissors are perfect for all your sewing, knitting, crocheting projects. The scissors have a beautiful shape. Made of nickel-plated and gold-plated carbon steel. Premax embroidery scissors are 9 cm long.<\/p>\n<p>*Colors seen on screen may differ slightly from actual color.<\/p>","protected":false},"excerpt":{"rendered":"<p>Premax Omnia \u017eirkl\u0117s puikiai tinka visiems j\u016bs\u0173 siuvimo, mezgimo, n\u0117rimo projektams. \u017dirkl\u0117s yra gra\u017eios formos. Pagaminta i\u0161 nikeliuoto ir paauksuoto anglinio plieno. Premax siuvin\u0117jimo \u017eirkl\u0117s yra 9 cm ilgio. *Ekrane matomos spalvos gali \u0161iek tiek skirtis nuo tikrosios spalvos.<\/p>","protected":false},"featured_media":8880,"comment_status":"open","ping_status":"closed","template":"","meta":[],"product_brand":[],"product_cat":[15],"product_tag":[],"giftcard-category":[],"class_list":{"0":"post-8877","1":"product","2":"type-product","3":"status-publish","4":"has-post-thumbnail","6":"product_cat-be-kategorijos","8":"first","9":"instock","10":"taxable","11":"shipping-taxable","12":"purchasable","13":"product-type-simple"},"_links":{"self":[{"href":"https:\/\/bitessiulai.lt\/en\/wp-json\/wp\/v2\/product\/8877","targetHints":{"allow":["GET"]}}],"collection":[{"href":"https:\/\/bitessiulai.lt\/en\/wp-json\/wp\/v2\/product"}],"about":[{"href":"https:\/\/bitessiulai.lt\/en\/wp-json\/wp\/v2\/types\/product"}],"replies":[{"embeddable":true,"href":"https:\/\/bitessiulai.lt\/en\/wp-json\/wp\/v2\/comments?post=8877"}],"version-history":[{"count":0,"href":"https:\/\/bitessiulai.lt\/en\/wp-json\/wp\/v2\/product\/8877\/revisions"}],"wp:featuredmedia":[{"embeddable":true,"href":"https:\/\/bitessiulai.lt\/en\/wp-json\/wp\/v2\/media\/8880"}],"wp:attachment":[{"href":"https:\/\/bitessiulai.lt\/en\/wp-json\/wp\/v2\/media?parent=8877"}],"wp:term":[{"taxonomy":"product_brand","embeddable":true,"href":"https:\/\/bitessiulai.lt\/en\/wp-json\/wp\/v2\/product_brand?post=8877"},{"taxonomy":"product_cat","embeddable":true,"href":"https:\/\/bitessiulai.lt\/en\/wp-json\/wp\/v2\/product_cat?post=8877"},{"taxonomy":"product_tag","embeddable":true,"href":"https:\/\/bitessiulai.lt\/en\/wp-json\/wp\/v2\/product_tag?post=8877"},{"taxonomy":"giftcard-category","embeddable":true,"href":"https:\/\/bitessiulai.lt\/en\/wp-json\/wp\/v2\/giftcard-category?post=8877"}],"curies":[{"name":"wp","href":"https:\/\/api.w.org\/{rel}","templated":true}]}}