{"id":8836,"date":"2025-02-28T21:45:49","date_gmt":"2025-02-28T19:45:49","guid":{"rendered":"https:\/\/bitessiulai.lt\/?post_type=product&#038;p=8836"},"modified":"2026-01-08T11:36:31","modified_gmt":"2026-01-08T09:36:31","slug":"lantern-moon-deklas-mezgimo-reikmenims","status":"publish","type":"product","link":"https:\/\/bitessiulai.lt\/en\/product\/lantern-moon-deklas-mezgimo-reikmenims\/","title":{"rendered":"Lantern Moon Knitting Case"},"content":{"rendered":"<p><strong>Lantern Moon Case for knitting supplies.<\/strong> Due to its small size, this accessory case is ideal for storing and carrying various small craft supplies, as it fits in almost any bag. The case has 5 pockets inside, for example, for interchangeable knitting tips, as well as tapestry needles and line keys. It closes with a magnetic clasp. A protective flap ensures that the contents do not fall out of the case when you carry it or travel. When opened, the case measures 11\u00d711 cm. Available in a variety of beautiful colors. Case without contents.<\/p>\n<p>&nbsp;<\/p>\n<p><img fetchpriority=\"high\" decoding=\"async\" class=\"alignnone size-medium wp-image-8842\" src=\"http:\/\/bitessiulai.lt\/wp-content\/uploads\/2025\/02\/lm350683-1-300x300.webp\" alt=\"\" width=\"300\" height=\"300\" srcset=\"https:\/\/bitessiulai.lt\/wp-content\/uploads\/2025\/02\/lm350683-1-300x300.webp 300w, https:\/\/bitessiulai.lt\/wp-content\/uploads\/2025\/02\/lm350683-1-150x150.webp 150w, https:\/\/bitessiulai.lt\/wp-content\/uploads\/2025\/02\/lm350683-1-12x12.webp 12w, https:\/\/bitessiulai.lt\/wp-content\/uploads\/2025\/02\/lm350683-1-96x96.webp 96w, https:\/\/bitessiulai.lt\/wp-content\/uploads\/2025\/02\/lm350683-1.webp 583w\" sizes=\"(max-width: 300px) 100vw, 300px\" \/><img decoding=\"async\" class=\"alignnone size-medium wp-image-8839\" src=\"http:\/\/bitessiulai.lt\/wp-content\/uploads\/2025\/02\/lm350684-1-300x300.webp\" alt=\"\" width=\"300\" height=\"300\" srcset=\"https:\/\/bitessiulai.lt\/wp-content\/uploads\/2025\/02\/lm350684-1-300x300.webp 300w, https:\/\/bitessiulai.lt\/wp-content\/uploads\/2025\/02\/lm350684-1-150x150.webp 150w, https:\/\/bitessiulai.lt\/wp-content\/uploads\/2025\/02\/lm350684-1-768x768.webp 768w, https:\/\/bitessiulai.lt\/wp-content\/uploads\/2025\/02\/lm350684-1-12x12.webp 12w, https:\/\/bitessiulai.lt\/wp-content\/uploads\/2025\/02\/lm350684-1-600x600.webp 600w, https:\/\/bitessiulai.lt\/wp-content\/uploads\/2025\/02\/lm350684-1-96x96.webp 96w, https:\/\/bitessiulai.lt\/wp-content\/uploads\/2025\/02\/lm350684-1.webp 1000w\" sizes=\"(max-width: 300px) 100vw, 300px\" \/> <img decoding=\"async\" class=\"alignnone size-medium wp-image-8838\" src=\"http:\/\/bitessiulai.lt\/wp-content\/uploads\/2025\/02\/lm350681-1-300x300.webp\" alt=\"\" width=\"300\" height=\"300\" srcset=\"https:\/\/bitessiulai.lt\/wp-content\/uploads\/2025\/02\/lm350681-1-300x300.webp 300w, https:\/\/bitessiulai.lt\/wp-content\/uploads\/2025\/02\/lm350681-1-150x150.webp 150w, https:\/\/bitessiulai.lt\/wp-content\/uploads\/2025\/02\/lm350681-1-12x12.webp 12w, https:\/\/bitessiulai.lt\/wp-content\/uploads\/2025\/02\/lm350681-1-96x96.webp 96w, https:\/\/bitessiulai.lt\/wp-content\/uploads\/2025\/02\/lm350681-1.webp 583w\" sizes=\"(max-width: 300px) 100vw, 300px\" \/><\/p>\n<p>*Colors seen on screen may differ slightly from actual color.<\/p>","protected":false},"excerpt":{"rendered":"<p>Lantern Moon D\u0117klas mezgimo reikmenims. D\u0117l ma\u017eo dyd\u017eio \u0161is aksesuar\u0173 d\u0117klas idealiai tinka \u012fvairiems smulkiems amat\u0173 reikmenims laikyti ir ne\u0161iotis, nes telpa beveik bet kuriame krep\u0161yje. D\u0117klo viduje yra 5 ki\u0161en\u0117s, skirtos, pavyzd\u017eiui, kei\u010diamiems mezgimo antgaliams, taip pat gobeleno adatoms ir val\u0173 raktams. Jis u\u017esisega magnetiniu u\u017esegimu. Apsauginis atvartas u\u017etikrina, kad turinys nei\u0161kris i\u0161 d\u0117klo, kai j\u012f ne\u0161iojate ar keliaujate. Atidarius d\u0117klo i\u0161matavimai 11&#215;11 cm. Galimos \u012fvairios gra\u017eios spalvos. D\u0117klas be turinio. &nbsp; *Ekrane matomos spalvos gali \u0161iek tiek skirtis nuo tikrosios spalvos.<\/p>","protected":false},"featured_media":8840,"comment_status":"open","ping_status":"closed","template":"","meta":[],"product_brand":[],"product_cat":[199],"product_tag":[],"giftcard-category":[],"class_list":{"0":"post-8836","1":"product","2":"type-product","3":"status-publish","4":"has-post-thumbnail","6":"product_cat-deklai-krepsiai","8":"first","9":"instock","10":"taxable","11":"shipping-taxable","12":"purchasable","13":"product-type-variable"},"_links":{"self":[{"href":"https:\/\/bitessiulai.lt\/en\/wp-json\/wp\/v2\/product\/8836","targetHints":{"allow":["GET"]}}],"collection":[{"href":"https:\/\/bitessiulai.lt\/en\/wp-json\/wp\/v2\/product"}],"about":[{"href":"https:\/\/bitessiulai.lt\/en\/wp-json\/wp\/v2\/types\/product"}],"replies":[{"embeddable":true,"href":"https:\/\/bitessiulai.lt\/en\/wp-json\/wp\/v2\/comments?post=8836"}],"version-history":[{"count":0,"href":"https:\/\/bitessiulai.lt\/en\/wp-json\/wp\/v2\/product\/8836\/revisions"}],"wp:featuredmedia":[{"embeddable":true,"href":"https:\/\/bitessiulai.lt\/en\/wp-json\/wp\/v2\/media\/8840"}],"wp:attachment":[{"href":"https:\/\/bitessiulai.lt\/en\/wp-json\/wp\/v2\/media?parent=8836"}],"wp:term":[{"taxonomy":"product_brand","embeddable":true,"href":"https:\/\/bitessiulai.lt\/en\/wp-json\/wp\/v2\/product_brand?post=8836"},{"taxonomy":"product_cat","embeddable":true,"href":"https:\/\/bitessiulai.lt\/en\/wp-json\/wp\/v2\/product_cat?post=8836"},{"taxonomy":"product_tag","embeddable":true,"href":"https:\/\/bitessiulai.lt\/en\/wp-json\/wp\/v2\/product_tag?post=8836"},{"taxonomy":"giftcard-category","embeddable":true,"href":"https:\/\/bitessiulai.lt\/en\/wp-json\/wp\/v2\/giftcard-category?post=8836"}],"curies":[{"name":"wp","href":"https:\/\/api.w.org\/{rel}","templated":true}]}}