{"id":8573,"date":"2025-02-24T14:55:28","date_gmt":"2025-02-24T12:55:28","guid":{"rendered":"https:\/\/bitessiulai.lt\/?post_type=product&#038;p=8573"},"modified":"2025-10-12T13:24:42","modified_gmt":"2025-10-12T10:24:42","slug":"yarnart-ir-stenli-siulu-rinkinukas-12","status":"publish","type":"product","link":"https:\/\/bitessiulai.lt\/en\/product\/yarnart-ir-stenli-siulu-rinkinukas-12\/","title":{"rendered":"YarnArt and Stanley yarn set"},"content":{"rendered":"<h5 dir=\"auto\"><strong>YarnArt and Stanley yarn set:<\/strong><\/h5>\n<ul>\n<li>YarnArt Mohair Trendy 4pcs.<\/li>\n<li>Stanley Venezia 2pcs.<\/li>\n<\/ul>\n<p><strong>YarnArt Mohair Trendy\u00a0<\/strong><\/p>\n<p><img fetchpriority=\"high\" decoding=\"async\" class=\"alignnone size-medium wp-image-8550\" src=\"http:\/\/bitessiulai.lt\/wp-content\/uploads\/2025\/02\/YARNART_MOHAIR_TRENDY_127-1-600x600-1-300x300.jpg\" alt=\"\" width=\"300\" height=\"300\" srcset=\"https:\/\/bitessiulai.lt\/wp-content\/uploads\/2025\/02\/YARNART_MOHAIR_TRENDY_127-1-600x600-1-300x300.jpg 300w, https:\/\/bitessiulai.lt\/wp-content\/uploads\/2025\/02\/YARNART_MOHAIR_TRENDY_127-1-600x600-1-150x150.jpg 150w, https:\/\/bitessiulai.lt\/wp-content\/uploads\/2025\/02\/YARNART_MOHAIR_TRENDY_127-1-600x600-1-12x12.jpg 12w, https:\/\/bitessiulai.lt\/wp-content\/uploads\/2025\/02\/YARNART_MOHAIR_TRENDY_127-1-600x600-1-96x96.jpg 96w, https:\/\/bitessiulai.lt\/wp-content\/uploads\/2025\/02\/YARNART_MOHAIR_TRENDY_127-1-600x600-1.jpg 600w\" sizes=\"(max-width: 300px) 100vw, 300px\" \/><\/p>\n<p>(Color: 127)<\/p>\n<ul>\n<li dir=\"auto\"><strong>Composition:<\/strong> 50% mohair, 50% acrylic<\/li>\n<li dir=\"auto\"><strong>Weight\/length:<\/strong> 100 years = approximately 220 years.<\/li>\n<li dir=\"auto\"><strong>Recommended knitting needle size:<\/strong> 5 mm.<\/li>\n<li dir=\"auto\"><strong>Recommended size of the vase:<\/strong> 5.5 mm.<\/li>\n<\/ul>\n<p>&nbsp;<\/p>\n<p><span class=\"html-span xexx8yu x4uap5 x18d9i69 xkhd6sd x1hl2dhg x16tdsg8 x1vvkbs x3nfvp2 x1j61x8r x1fcty0u xdj266r xat24cr xgzva0m xhhsvwb xxymvpz xlup9mm x1kky2od\"><img decoding=\"async\" class=\"xz74otr\" src=\"https:\/\/static.xx.fbcdn.net\/images\/emoji.php\/v9\/t2d\/1\/16\/1f4cd.png\" alt=\"\ud83d\udccd\" width=\"16\" height=\"16\" \/><\/span> <strong>Price \u20ac4.20<\/strong><\/p>\n<p>&nbsp;<\/p>\n<p><strong>Stanley Venezia<\/strong><\/p>\n<p><img decoding=\"async\" class=\"alignnone size-medium wp-image-8575\" src=\"http:\/\/bitessiulai.lt\/wp-content\/uploads\/2025\/02\/57_9207-500x500-1-1-300x300.jpg\" alt=\"\" width=\"300\" height=\"300\" srcset=\"https:\/\/bitessiulai.lt\/wp-content\/uploads\/2025\/02\/57_9207-500x500-1-1-300x300.jpg 300w, https:\/\/bitessiulai.lt\/wp-content\/uploads\/2025\/02\/57_9207-500x500-1-1-150x150.jpg 150w, https:\/\/bitessiulai.lt\/wp-content\/uploads\/2025\/02\/57_9207-500x500-1-1-12x12.jpg 12w, https:\/\/bitessiulai.lt\/wp-content\/uploads\/2025\/02\/57_9207-500x500-1-1-96x96.jpg 96w, https:\/\/bitessiulai.lt\/wp-content\/uploads\/2025\/02\/57_9207-500x500-1-1.jpg 500w\" sizes=\"(max-width: 300px) 100vw, 300px\" \/><\/p>\n<p>(Color: 120)<\/p>\n<ul>\n<li><strong>Composition:<\/strong> 40% wool, 30% polyester, 20% acrylic, 10% metallic thread<\/li>\n<li><strong>Weight\/length:<\/strong> 100 years = approximately 300 years.<\/li>\n<li><strong>Recommended knitting needle size:<\/strong> 4 \u2013 6 mm.<\/li>\n<li><strong>Recommended size of the vase:<\/strong> 5 mm.<\/li>\n<\/ul>\n<p>&nbsp;<\/p>\n<p><span class=\"html-span xexx8yu x4uap5 x18d9i69 xkhd6sd x1hl2dhg x16tdsg8 x1vvkbs x3nfvp2 x1j61x8r x1fcty0u xdj266r xat24cr xgzva0m xhhsvwb xxymvpz xlup9mm x1kky2od\"><img decoding=\"async\" class=\"xz74otr\" src=\"https:\/\/static.xx.fbcdn.net\/images\/emoji.php\/v9\/t2d\/1\/16\/1f4cd.png\" alt=\"\ud83d\udccd\" width=\"16\" height=\"16\" \/><\/span> <strong>Price \u20ac4.50<\/strong><\/p>\n<p><span class=\"html-span xexx8yu x4uap5 x18d9i69 xkhd6sd x1hl2dhg x16tdsg8 x1vvkbs x3nfvp2 x1j61x8r x1fcty0u xdj266r xat24cr xgzva0m xhhsvwb xxymvpz xlup9mm x1kky2od\"><img decoding=\"async\" class=\"xz74otr\" src=\"https:\/\/static.xx.fbcdn.net\/images\/emoji.php\/v9\/t2d\/1\/16\/1f4cd.png\" alt=\"\ud83d\udccd\" width=\"16\" height=\"16\" \/>If the set is not available or you need a larger quantity, please contact us. <img decoding=\"async\" class=\"xz74otr\" src=\"https:\/\/static.xx.fbcdn.net\/images\/emoji.php\/v9\/t2d\/1\/16\/1f4cd.png\" alt=\"\ud83d\udccd\" width=\"16\" height=\"16\" \/><\/span><\/p>\n<div class=\"item\">\n<ul>\n<li class=\"text\">+370 672 44443<\/li>\n<\/ul>\n<\/div>\n<div class=\"item\">\n<ul>\n<li class=\"text\">info@bitessiulai.lt<\/li>\n<\/ul>\n<\/div>\n<p>&nbsp;<\/p>\n<p>*The colors you see on your screen may differ slightly from the actual thread color.<\/p>\n<p>&nbsp;<\/p>","protected":false},"excerpt":{"rendered":"<p>YarnArt ir Stenli si\u016bl\u0173 rinkinukas\u00a0: YarnArt Mohair Trendy 4vnt. Stenli Venezia 2vnt. YarnArt Mohair Trendy\u00a0 (Spalva: 127) Sud\u0117tis: 50% mohera, 50% akrilas Svoris\/ilgis: 100 g.= ma\u017edaug 220 m. Rekomenduojamas virbal\u0173 dydis: 5 mm. Rekomenduojamas va\u0161elio dydis: 5,5 mm. &nbsp; Kaina 4,20\u20ac &nbsp; Stenli Venezia (Spalva: 120) Sud\u0117tis: 40% vilna, 30% poliesteris, 20% akrilas, 10% metalinis si\u016blas Svoris\/ilgis: 100 g.= ma\u017edaug 300 m. Rekomenduojamas virbal\u0173 dydis: 4 &#8211; 6 mm. Rekomenduojamas va\u0161elio dydis: 5 mm. &nbsp; Kaina 4,50\u20ac Jeigu prekyboje rinkinio n\u0117ra arba reikalingas didesnis kiekis, susiekite su Mumis +370 672 44443 info@bitessiulai.lt &nbsp; *Ekrane matomos spalvos gali \u0161iek tiek skirtis nuo tikrosios si\u016bl\u0173 spalvos. &nbsp;<\/p>","protected":false},"featured_media":8574,"comment_status":"open","ping_status":"closed","template":"","meta":[],"product_brand":[],"product_cat":[176,3564],"product_tag":[],"giftcard-category":[],"class_list":{"0":"post-8573","1":"product","2":"type-product","3":"status-publish","4":"has-post-thumbnail","6":"product_cat-siulu-rinkinukai","7":"product_cat-rinkinukai-su-yarnart-mohair-trendy","9":"first","10":"outofstock","11":"taxable","12":"shipping-taxable","13":"purchasable","14":"product-type-simple"},"_links":{"self":[{"href":"https:\/\/bitessiulai.lt\/en\/wp-json\/wp\/v2\/product\/8573","targetHints":{"allow":["GET"]}}],"collection":[{"href":"https:\/\/bitessiulai.lt\/en\/wp-json\/wp\/v2\/product"}],"about":[{"href":"https:\/\/bitessiulai.lt\/en\/wp-json\/wp\/v2\/types\/product"}],"replies":[{"embeddable":true,"href":"https:\/\/bitessiulai.lt\/en\/wp-json\/wp\/v2\/comments?post=8573"}],"version-history":[{"count":0,"href":"https:\/\/bitessiulai.lt\/en\/wp-json\/wp\/v2\/product\/8573\/revisions"}],"wp:featuredmedia":[{"embeddable":true,"href":"https:\/\/bitessiulai.lt\/en\/wp-json\/wp\/v2\/media\/8574"}],"wp:attachment":[{"href":"https:\/\/bitessiulai.lt\/en\/wp-json\/wp\/v2\/media?parent=8573"}],"wp:term":[{"taxonomy":"product_brand","embeddable":true,"href":"https:\/\/bitessiulai.lt\/en\/wp-json\/wp\/v2\/product_brand?post=8573"},{"taxonomy":"product_cat","embeddable":true,"href":"https:\/\/bitessiulai.lt\/en\/wp-json\/wp\/v2\/product_cat?post=8573"},{"taxonomy":"product_tag","embeddable":true,"href":"https:\/\/bitessiulai.lt\/en\/wp-json\/wp\/v2\/product_tag?post=8573"},{"taxonomy":"giftcard-category","embeddable":true,"href":"https:\/\/bitessiulai.lt\/en\/wp-json\/wp\/v2\/giftcard-category?post=8573"}],"curies":[{"name":"wp","href":"https:\/\/api.w.org\/{rel}","templated":true}]}}