{"id":8395,"date":"2025-02-23T16:13:30","date_gmt":"2025-02-23T14:13:30","guid":{"rendered":"https:\/\/bitessiulai.lt\/?post_type=product&#038;p=8395"},"modified":"2025-10-09T18:03:16","modified_gmt":"2025-10-09T15:03:16","slug":"chiaogoo-spin-bambuko-virbalu-rinkinys-13cm-275-50mm","status":"publish","type":"product","link":"https:\/\/bitessiulai.lt\/en\/product\/chiaogoo-spin-bambuko-virbalu-rinkinys-13cm-275-50mm\/","title":{"rendered":"ChiaoGoo Spin bamboo skewer set 13cm (2.75-5.0mm)"},"content":{"rendered":"<p><strong>ChiaoGoo Spin bamboo skewer set 13cm<\/strong> \u2013 the Interchangeable Circular Knitting Needle Set is the one-stop shop for every knitting enthusiast! With a variety of needle tips, lines of varying lengths, and a variety of knitting essentials, enjoy exceptional flexibility in creating every project. The SPIN series features a swivel joint between the tip and line, allowing your needles to rotate freely, preventing line kinks or twists. Not to mention the handcrafted tips made from the highest quality Moso bamboo, these lightweight, polished needles will ensure hours of enjoyable knitting without tiring your hands.<\/p>\n<p>The complete set includes:<\/p>\n<p>(supplied in a practical zip-lock bag:)<\/p>\n<ul>\n<li>\u2013 7 pairs of 13 cm long knitting needles (sizes 2.75-5.50 mm)<\/li>\n<li>\u2013 3 x fishing lines (35 cm, 55 cm and 75 cm size S)<\/li>\n<li>\u2013 2 x end caps\/plugs<\/li>\n<li>\u2013 2 x torque wrenches<\/li>\n<li>\u2013 1 x line connector<\/li>\n<li>\u2013 12 x stitch markers<\/li>\n<li>\u2013 1 x needle gauge<\/li>\n<\/ul>\n<p><img fetchpriority=\"high\" decoding=\"async\" class=\"alignnone size-medium wp-image-8386\" src=\"http:\/\/bitessiulai.lt\/wp-content\/uploads\/2025\/02\/cg2500-c-3-300x300.webp\" alt=\"\" width=\"300\" height=\"300\" srcset=\"https:\/\/bitessiulai.lt\/wp-content\/uploads\/2025\/02\/cg2500-c-3-300x300.webp 300w, https:\/\/bitessiulai.lt\/wp-content\/uploads\/2025\/02\/cg2500-c-3-150x150.webp 150w, https:\/\/bitessiulai.lt\/wp-content\/uploads\/2025\/02\/cg2500-c-3-12x12.webp 12w, https:\/\/bitessiulai.lt\/wp-content\/uploads\/2025\/02\/cg2500-c-3-96x96.webp 96w, https:\/\/bitessiulai.lt\/wp-content\/uploads\/2025\/02\/cg2500-c-3.webp 583w\" sizes=\"(max-width: 300px) 100vw, 300px\" \/><img decoding=\"async\" class=\"alignnone size-medium wp-image-8387\" src=\"http:\/\/bitessiulai.lt\/wp-content\/uploads\/2025\/02\/cg2500-c-2-300x300.webp\" alt=\"\" width=\"300\" height=\"300\" srcset=\"https:\/\/bitessiulai.lt\/wp-content\/uploads\/2025\/02\/cg2500-c-2-300x300.webp 300w, https:\/\/bitessiulai.lt\/wp-content\/uploads\/2025\/02\/cg2500-c-2-150x150.webp 150w, https:\/\/bitessiulai.lt\/wp-content\/uploads\/2025\/02\/cg2500-c-2-12x12.webp 12w, https:\/\/bitessiulai.lt\/wp-content\/uploads\/2025\/02\/cg2500-c-2-96x96.webp 96w, https:\/\/bitessiulai.lt\/wp-content\/uploads\/2025\/02\/cg2500-c-2.webp 583w\" sizes=\"(max-width: 300px) 100vw, 300px\" \/> <img decoding=\"async\" class=\"alignnone size-medium wp-image-8385\" src=\"http:\/\/bitessiulai.lt\/wp-content\/uploads\/2025\/02\/cg2500-c-5-300x300.webp\" alt=\"\" width=\"300\" height=\"300\" srcset=\"https:\/\/bitessiulai.lt\/wp-content\/uploads\/2025\/02\/cg2500-c-5-300x300.webp 300w, https:\/\/bitessiulai.lt\/wp-content\/uploads\/2025\/02\/cg2500-c-5-150x150.webp 150w, https:\/\/bitessiulai.lt\/wp-content\/uploads\/2025\/02\/cg2500-c-5-12x12.webp 12w, https:\/\/bitessiulai.lt\/wp-content\/uploads\/2025\/02\/cg2500-c-5-96x96.webp 96w, https:\/\/bitessiulai.lt\/wp-content\/uploads\/2025\/02\/cg2500-c-5.webp 583w\" sizes=\"(max-width: 300px) 100vw, 300px\" \/><\/p>\n<p>*Colors seen on screen and actual product color may vary slightly.<\/p>","protected":false},"excerpt":{"rendered":"<p>ChiaoGoo Spin bambuko virbal\u0173 rinkinys 13cm &#8211; kei\u010diam\u0173 \u017eiedini\u0173 mezgimo virbal\u0173 rinkinys yra viskas vienoje vietoje kiekvienam mezgimo entuziastui! Tur\u0117dami \u012fvairi\u0173 dyd\u017ei\u0173 virbal\u0173 antgalius, \u012fvairaus ilgio valus ir daugyb\u0119 b\u016btiniausi\u0173 mezgimo reikmen\u0173, m\u0117gaukit\u0117s i\u0161skirtiniu lankstumu kurdami kiekvien\u0105 projekt\u0105. SPIN serijoje yra pasukama jungtis tarp antgalio ir valo, leid\u017eianti j\u016bs\u0173 virbalams laisvai suktis, i\u0161vengiant valo \u012flinkim\u0173 ar susisukim\u0173. Jau nekalbant apie rank\u0173 darbo antgalius, pagamintus i\u0161 auk\u0161\u010diausios kokyb\u0117s Moso bambuko, \u0161ie lengvi, nupoliruoti virbalai u\u017etikrins malon\u0173 mezgim\u0105 valand\u0173 valandas, nenuvargindami rank\u0173. Vis\u0105 komplekt\u0105 sudaro: (pateiktas prakti\u0161kame mai\u0161elyje su u\u017etrauktuku:) &#8211; 7 poros 13 cm ilgio virbal\u0173 (dyd\u017eiai 2,75-5,50 mm) &#8211; 3 x valai (35 cm, 55 cm ir 75 cm S dyd\u017eio ) &#8211; 2 x galiniai dangteliai \/ kam\u0161\u010diai &#8211; 2 x priver\u017eiami rakteliai &#8211; 1 x valo jungtis &#8211; 12 x dygsnio \u017eymekliai &#8211; 1 x adatos matuoklis *Ekrane matomos spalvos ir tikroji prek\u0117s spalva gali \u0161iek tiek skirtis<\/p>","protected":false},"featured_media":8392,"comment_status":"open","ping_status":"closed","template":"","meta":[],"product_brand":[],"product_cat":[2419,180,181],"product_tag":[],"giftcard-category":[],"class_list":{"0":"post-8395","1":"product","2":"type-product","3":"status-publish","4":"has-post-thumbnail","6":"product_cat-chiaogoo","7":"product_cat-mezgimo-priemones","8":"product_cat-virbalu-rinkiniai","10":"first","11":"instock","12":"taxable","13":"shipping-taxable","14":"purchasable","15":"product-type-simple"},"_links":{"self":[{"href":"https:\/\/bitessiulai.lt\/en\/wp-json\/wp\/v2\/product\/8395","targetHints":{"allow":["GET"]}}],"collection":[{"href":"https:\/\/bitessiulai.lt\/en\/wp-json\/wp\/v2\/product"}],"about":[{"href":"https:\/\/bitessiulai.lt\/en\/wp-json\/wp\/v2\/types\/product"}],"replies":[{"embeddable":true,"href":"https:\/\/bitessiulai.lt\/en\/wp-json\/wp\/v2\/comments?post=8395"}],"version-history":[{"count":0,"href":"https:\/\/bitessiulai.lt\/en\/wp-json\/wp\/v2\/product\/8395\/revisions"}],"wp:featuredmedia":[{"embeddable":true,"href":"https:\/\/bitessiulai.lt\/en\/wp-json\/wp\/v2\/media\/8392"}],"wp:attachment":[{"href":"https:\/\/bitessiulai.lt\/en\/wp-json\/wp\/v2\/media?parent=8395"}],"wp:term":[{"taxonomy":"product_brand","embeddable":true,"href":"https:\/\/bitessiulai.lt\/en\/wp-json\/wp\/v2\/product_brand?post=8395"},{"taxonomy":"product_cat","embeddable":true,"href":"https:\/\/bitessiulai.lt\/en\/wp-json\/wp\/v2\/product_cat?post=8395"},{"taxonomy":"product_tag","embeddable":true,"href":"https:\/\/bitessiulai.lt\/en\/wp-json\/wp\/v2\/product_tag?post=8395"},{"taxonomy":"giftcard-category","embeddable":true,"href":"https:\/\/bitessiulai.lt\/en\/wp-json\/wp\/v2\/giftcard-category?post=8395"}],"curies":[{"name":"wp","href":"https:\/\/api.w.org\/{rel}","templated":true}]}}