{"id":7537,"date":"2025-02-13T15:43:20","date_gmt":"2025-02-13T13:43:20","guid":{"rendered":"https:\/\/bitessiulai.lt\/?post_type=product&#038;p=7537"},"modified":"2025-10-21T13:08:42","modified_gmt":"2025-10-21T10:08:42","slug":"zirkles-gerve","status":"publish","type":"product","link":"https:\/\/bitessiulai.lt\/en\/product\/zirkles-gerve\/","title":{"rendered":"Scissors Winch"},"content":{"rendered":"<p><strong> Scissors Winch<\/strong> is a must-have in your bag. This classic model of scissors has very sharp blades and is perfect for cutting threads thanks to its fine tip. However, it is also useful for regular sewing, for example, for precisely cutting or trimming fabric edges, opening seams and cutting buttonholes. The 11.5 cm long scissors easily fit into a travel case, making them easy to take with you on the go. Available in a variety of beautiful (metallic) colors.<\/p>","protected":false},"excerpt":{"rendered":"<p>\u017dirkl\u0117s Gerv\u0117 yra b\u016btinas dalykas J\u016bs\u0173 krep\u0161elyje. \u0160is klasikinis \u017eirkli\u0173 modelis turi labai a\u0161trius peiliukus ir d\u0117l smulkaus galiuko puikiai tinka kirpti si\u016blus. Ta\u010diau jis taip pat naudingas \u012fprastam siuvimui, pavyzd\u017eiui, norint tiksliai i\u0161kirpti ar i\u0161kirpti audinio kra\u0161tus, atpl\u0117\u0161ti si\u016bles ir i\u0161kirpti sag\u0173 skylutes. 11,5 cm ilgio \u017eirkl\u0117s lengvai telpa kelionin\u0117je d\u0117\u017e\u0117je, tod\u0117l jas lengva pasiimti su savimi keliaujant. Galimos \u012fvairios gra\u017eios (metalin\u0117s) spalvos.<\/p>","protected":false},"featured_media":7544,"comment_status":"open","ping_status":"closed","template":"","meta":[],"product_brand":[],"product_cat":[192,215],"product_tag":[],"giftcard-category":[],"class_list":{"0":"post-7537","1":"product","2":"type-product","3":"status-publish","4":"has-post-thumbnail","6":"product_cat-priedai-mezgimui","7":"product_cat-zirkles","9":"first","10":"instock","11":"taxable","12":"shipping-taxable","13":"purchasable","14":"product-type-variable"},"_links":{"self":[{"href":"https:\/\/bitessiulai.lt\/en\/wp-json\/wp\/v2\/product\/7537","targetHints":{"allow":["GET"]}}],"collection":[{"href":"https:\/\/bitessiulai.lt\/en\/wp-json\/wp\/v2\/product"}],"about":[{"href":"https:\/\/bitessiulai.lt\/en\/wp-json\/wp\/v2\/types\/product"}],"replies":[{"embeddable":true,"href":"https:\/\/bitessiulai.lt\/en\/wp-json\/wp\/v2\/comments?post=7537"}],"version-history":[{"count":0,"href":"https:\/\/bitessiulai.lt\/en\/wp-json\/wp\/v2\/product\/7537\/revisions"}],"wp:featuredmedia":[{"embeddable":true,"href":"https:\/\/bitessiulai.lt\/en\/wp-json\/wp\/v2\/media\/7544"}],"wp:attachment":[{"href":"https:\/\/bitessiulai.lt\/en\/wp-json\/wp\/v2\/media?parent=7537"}],"wp:term":[{"taxonomy":"product_brand","embeddable":true,"href":"https:\/\/bitessiulai.lt\/en\/wp-json\/wp\/v2\/product_brand?post=7537"},{"taxonomy":"product_cat","embeddable":true,"href":"https:\/\/bitessiulai.lt\/en\/wp-json\/wp\/v2\/product_cat?post=7537"},{"taxonomy":"product_tag","embeddable":true,"href":"https:\/\/bitessiulai.lt\/en\/wp-json\/wp\/v2\/product_tag?post=7537"},{"taxonomy":"giftcard-category","embeddable":true,"href":"https:\/\/bitessiulai.lt\/en\/wp-json\/wp\/v2\/giftcard-category?post=7537"}],"curies":[{"name":"wp","href":"https:\/\/api.w.org\/{rel}","templated":true}]}}