{"id":7493,"date":"2025-02-13T14:26:49","date_gmt":"2025-02-13T12:26:49","guid":{"rendered":"https:\/\/bitessiulai.lt\/?post_type=product&#038;p=7493"},"modified":"2026-05-04T12:22:15","modified_gmt":"2026-05-04T09:22:15","slug":"opry-digital-eiliu-skaiciuotuvas","status":"publish","type":"product","link":"https:\/\/bitessiulai.lt\/en\/product\/opry-digital-eiliu-skaiciuotuvas\/","title":{"rendered":"Opry Digital Queue Calculator"},"content":{"rendered":"<p>Opry Digital Row Counter - Keep track of your knitting or crochet rows with this handy Opry digital row counter. You can wear the row counter on your thumb or attach it to your handbag handle. Use the reset button to reset the row counter to zero and press the large button after each row to display the row count. Available in a variety of fun (pastel) colors.<\/p>\n<p>*Colors seen on screen may differ slightly from actual color.<\/p>\n<p><img fetchpriority=\"high\" decoding=\"async\" class=\"alignnone size-medium wp-image-7495\" src=\"https:\/\/bitessiulai.lt\/wp-content\/uploads\/2025\/02\/sj_97299_1-300x200.jpg\" alt=\"\" width=\"300\" height=\"200\" srcset=\"https:\/\/bitessiulai.lt\/wp-content\/uploads\/2025\/02\/sj_97299_1-300x200.jpg 300w, https:\/\/bitessiulai.lt\/wp-content\/uploads\/2025\/02\/sj_97299_1-1024x683.jpg 1024w, https:\/\/bitessiulai.lt\/wp-content\/uploads\/2025\/02\/sj_97299_1-768x512.jpg 768w, https:\/\/bitessiulai.lt\/wp-content\/uploads\/2025\/02\/sj_97299_1-18x12.jpg 18w, https:\/\/bitessiulai.lt\/wp-content\/uploads\/2025\/02\/sj_97299_1-600x400.jpg 600w, https:\/\/bitessiulai.lt\/wp-content\/uploads\/2025\/02\/sj_97299_1-150x100.jpg 150w, https:\/\/bitessiulai.lt\/wp-content\/uploads\/2025\/02\/sj_97299_1.jpg 1200w\" sizes=\"(max-width: 300px) 100vw, 300px\" \/> <img decoding=\"async\" class=\"alignnone size-medium wp-image-7496\" src=\"https:\/\/bitessiulai.lt\/wp-content\/uploads\/2025\/02\/sj_97299_2-300x200.jpg\" alt=\"\" width=\"300\" height=\"200\" srcset=\"https:\/\/bitessiulai.lt\/wp-content\/uploads\/2025\/02\/sj_97299_2-300x200.jpg 300w, https:\/\/bitessiulai.lt\/wp-content\/uploads\/2025\/02\/sj_97299_2-1024x683.jpg 1024w, https:\/\/bitessiulai.lt\/wp-content\/uploads\/2025\/02\/sj_97299_2-768x512.jpg 768w, https:\/\/bitessiulai.lt\/wp-content\/uploads\/2025\/02\/sj_97299_2-18x12.jpg 18w, https:\/\/bitessiulai.lt\/wp-content\/uploads\/2025\/02\/sj_97299_2-600x400.jpg 600w, https:\/\/bitessiulai.lt\/wp-content\/uploads\/2025\/02\/sj_97299_2-150x100.jpg 150w, https:\/\/bitessiulai.lt\/wp-content\/uploads\/2025\/02\/sj_97299_2.jpg 1200w\" sizes=\"(max-width: 300px) 100vw, 300px\" \/><\/p>","protected":false},"excerpt":{"rendered":"<p>Opry Digital eili\u0173 skai\u010diuotuvas &#8211; steb\u0117kite megztas arba n\u0117rimo eilutes naudodami \u0161\u012f patog\u0173 \u201eOpry\u201c skaitmenin\u012f eilu\u010di\u0173 skaitikl\u012f. Eili\u0173 skaitikl\u012f galite ne\u0161ioti ant nyk\u0161\u010dio arba pritvirtinti prie rankin\u0117s rankenos. Atstatymo mygtuku nustatykite eilu\u010di\u0173 skaitikl\u012f \u012f nul\u012f ir po kiekvienos eilut\u0117s paspauskite didel\u012f mygtuk\u0105, kad ekrane b\u016bt\u0173 rodomas eilu\u010di\u0173 skai\u010dius. Galimos kelios linksmos (pastelin\u0117s) spalvos. *Ekrane matomos spalvos gali \u0161iek tiek skirtis nuo tikrosios spalvos.<\/p>","protected":false},"featured_media":7494,"comment_status":"open","ping_status":"closed","template":"","meta":[],"product_brand":[],"product_cat":[192,213],"product_tag":[],"giftcard-category":[],"class_list":{"0":"post-7493","1":"product","2":"type-product","3":"status-publish","4":"has-post-thumbnail","6":"product_cat-priedai-mezgimui","7":"product_cat-skaiciuotuvai","9":"first","10":"instock","11":"taxable","12":"shipping-taxable","13":"purchasable","14":"product-type-variable"},"_links":{"self":[{"href":"https:\/\/bitessiulai.lt\/en\/wp-json\/wp\/v2\/product\/7493","targetHints":{"allow":["GET"]}}],"collection":[{"href":"https:\/\/bitessiulai.lt\/en\/wp-json\/wp\/v2\/product"}],"about":[{"href":"https:\/\/bitessiulai.lt\/en\/wp-json\/wp\/v2\/types\/product"}],"replies":[{"embeddable":true,"href":"https:\/\/bitessiulai.lt\/en\/wp-json\/wp\/v2\/comments?post=7493"}],"version-history":[{"count":1,"href":"https:\/\/bitessiulai.lt\/en\/wp-json\/wp\/v2\/product\/7493\/revisions"}],"predecessor-version":[{"id":20332,"href":"https:\/\/bitessiulai.lt\/en\/wp-json\/wp\/v2\/product\/7493\/revisions\/20332"}],"wp:featuredmedia":[{"embeddable":true,"href":"https:\/\/bitessiulai.lt\/en\/wp-json\/wp\/v2\/media\/7494"}],"wp:attachment":[{"href":"https:\/\/bitessiulai.lt\/en\/wp-json\/wp\/v2\/media?parent=7493"}],"wp:term":[{"taxonomy":"product_brand","embeddable":true,"href":"https:\/\/bitessiulai.lt\/en\/wp-json\/wp\/v2\/product_brand?post=7493"},{"taxonomy":"product_cat","embeddable":true,"href":"https:\/\/bitessiulai.lt\/en\/wp-json\/wp\/v2\/product_cat?post=7493"},{"taxonomy":"product_tag","embeddable":true,"href":"https:\/\/bitessiulai.lt\/en\/wp-json\/wp\/v2\/product_tag?post=7493"},{"taxonomy":"giftcard-category","embeddable":true,"href":"https:\/\/bitessiulai.lt\/en\/wp-json\/wp\/v2\/giftcard-category?post=7493"}],"curies":[{"name":"wp","href":"https:\/\/api.w.org\/{rel}","templated":true}]}}