{"id":7468,"date":"2025-02-13T13:44:14","date_gmt":"2025-02-13T11:44:14","guid":{"rendered":"https:\/\/bitessiulai.lt\/?post_type=product&#038;p=7468"},"modified":"2026-04-13T11:04:23","modified_gmt":"2026-04-13T08:04:23","slug":"opry-dygsnio-zymekliai","status":"publish","type":"product","link":"https:\/\/bitessiulai.lt\/en\/product\/opry-dygsnio-zymekliai\/","title":{"rendered":"Opry stitch markers"},"content":{"rendered":"<p><span style=\"letter-spacing: 0px;\"><strong>Opry stitch markers<\/strong> are very useful knitting and crocheting tools. They are used to indicate the beginning of a new row or certain points in a pattern. The markers can be inserted into the piece and closed to stay in place, but they can also act as a ring marker. They are made of plastic. One pack contains 20 stitch markers in a variety of bright colors.\u00a0<\/span><\/p>\n<p><img fetchpriority=\"high\" decoding=\"async\" class=\"alignnone size-medium wp-image-7471\" src=\"https:\/\/bitessiulai.lt\/wp-content\/uploads\/2025\/02\/0024-23606_1-300x300.webp\" alt=\"\" width=\"300\" height=\"300\" srcset=\"https:\/\/bitessiulai.lt\/wp-content\/uploads\/2025\/02\/0024-23606_1-300x300.webp 300w, https:\/\/bitessiulai.lt\/wp-content\/uploads\/2025\/02\/0024-23606_1-150x150.webp 150w, https:\/\/bitessiulai.lt\/wp-content\/uploads\/2025\/02\/0024-23606_1-12x12.webp 12w, https:\/\/bitessiulai.lt\/wp-content\/uploads\/2025\/02\/0024-23606_1-600x600.webp 600w, https:\/\/bitessiulai.lt\/wp-content\/uploads\/2025\/02\/0024-23606_1-96x96.webp 96w, https:\/\/bitessiulai.lt\/wp-content\/uploads\/2025\/02\/0024-23606_1.webp 700w\" sizes=\"(max-width: 300px) 100vw, 300px\" \/> <img decoding=\"async\" class=\"alignnone size-medium wp-image-7472\" src=\"https:\/\/bitessiulai.lt\/wp-content\/uploads\/2025\/02\/23606-0024_1-300x300.webp\" alt=\"\" width=\"300\" height=\"300\" srcset=\"https:\/\/bitessiulai.lt\/wp-content\/uploads\/2025\/02\/23606-0024_1-300x300.webp 300w, https:\/\/bitessiulai.lt\/wp-content\/uploads\/2025\/02\/23606-0024_1-150x150.webp 150w, https:\/\/bitessiulai.lt\/wp-content\/uploads\/2025\/02\/23606-0024_1-12x12.webp 12w, https:\/\/bitessiulai.lt\/wp-content\/uploads\/2025\/02\/23606-0024_1-600x600.webp 600w, https:\/\/bitessiulai.lt\/wp-content\/uploads\/2025\/02\/23606-0024_1-96x96.webp 96w, https:\/\/bitessiulai.lt\/wp-content\/uploads\/2025\/02\/23606-0024_1.webp 700w\" sizes=\"(max-width: 300px) 100vw, 300px\" \/><\/p>\n<p>*Colors seen on screen may differ slightly from actual color.<\/p>\n<p>&nbsp;<\/p>","protected":false},"excerpt":{"rendered":"<p>Opry dygsnio \u017eymekliai yra labai naudingi mezgimo ir n\u0117rimo \u012frankiai. Jie naudojami nurodyti naujos eilut\u0117s prad\u017ei\u0105 arba tam tikrus modelio ta\u0161kus. \u017dymeklius galima \u012fki\u0161ti \u012f k\u016brin\u012f ir u\u017edaryti, kad jie likt\u0173 vietoje, ta\u010diau jie taip pat gali veikti kaip \u017eiedinis \u017eymeklis. Jie pagaminti i\u0161 plastiko. Vienoje pakuot\u0117je yra 20 \u012fvairi\u0173 ry\u0161ki\u0173 spalv\u0173 dygsnio \u017eymekli\u0173.\u00a0 *Ekrane matomos spalvos gali \u0161iek tiek skirtis nuo tikrosios spalvos. &nbsp;<\/p>","protected":false},"featured_media":7469,"comment_status":"open","ping_status":"closed","template":"","meta":[],"product_brand":[],"product_cat":[194,192],"product_tag":[],"giftcard-category":[],"class_list":{"0":"post-7468","1":"product","2":"type-product","3":"status-publish","4":"has-post-thumbnail","6":"product_cat-akiu-zymekliai","7":"product_cat-priedai-mezgimui","9":"first","10":"instock","11":"taxable","12":"shipping-taxable","13":"purchasable","14":"product-type-simple"},"_links":{"self":[{"href":"https:\/\/bitessiulai.lt\/en\/wp-json\/wp\/v2\/product\/7468","targetHints":{"allow":["GET"]}}],"collection":[{"href":"https:\/\/bitessiulai.lt\/en\/wp-json\/wp\/v2\/product"}],"about":[{"href":"https:\/\/bitessiulai.lt\/en\/wp-json\/wp\/v2\/types\/product"}],"replies":[{"embeddable":true,"href":"https:\/\/bitessiulai.lt\/en\/wp-json\/wp\/v2\/comments?post=7468"}],"version-history":[{"count":1,"href":"https:\/\/bitessiulai.lt\/en\/wp-json\/wp\/v2\/product\/7468\/revisions"}],"predecessor-version":[{"id":21032,"href":"https:\/\/bitessiulai.lt\/en\/wp-json\/wp\/v2\/product\/7468\/revisions\/21032"}],"wp:featuredmedia":[{"embeddable":true,"href":"https:\/\/bitessiulai.lt\/en\/wp-json\/wp\/v2\/media\/7469"}],"wp:attachment":[{"href":"https:\/\/bitessiulai.lt\/en\/wp-json\/wp\/v2\/media?parent=7468"}],"wp:term":[{"taxonomy":"product_brand","embeddable":true,"href":"https:\/\/bitessiulai.lt\/en\/wp-json\/wp\/v2\/product_brand?post=7468"},{"taxonomy":"product_cat","embeddable":true,"href":"https:\/\/bitessiulai.lt\/en\/wp-json\/wp\/v2\/product_cat?post=7468"},{"taxonomy":"product_tag","embeddable":true,"href":"https:\/\/bitessiulai.lt\/en\/wp-json\/wp\/v2\/product_tag?post=7468"},{"taxonomy":"giftcard-category","embeddable":true,"href":"https:\/\/bitessiulai.lt\/en\/wp-json\/wp\/v2\/giftcard-category?post=7468"}],"curies":[{"name":"wp","href":"https:\/\/api.w.org\/{rel}","templated":true}]}}