{"id":7339,"date":"2025-02-12T15:33:55","date_gmt":"2025-02-12T13:33:55","guid":{"rendered":"https:\/\/bitessiulai.lt\/?post_type=product&#038;p=7339"},"modified":"2026-03-09T19:34:51","modified_gmt":"2026-03-09T17:34:51","slug":"seeknit-mezginio-akiu-zymekliai-ploni","status":"publish","type":"product","link":"https:\/\/bitessiulai.lt\/en\/product\/seeknit-mezginio-akiu-zymekliai-ploni\/","title":{"rendered":"Seeknit knitting eye markers thin"},"content":{"rendered":"<p><strong>Seeknit knitting eye markers thin<\/strong>\u00a0is a practical and effective tool! This special selection of stitch markers features a locking feature that allows you to use them in crochet projects by simply sliding them over the stitch you want to mark and closing them to secure them. They can then be easily removed at any time! Use them to mark the start of a motif or row sequence. Each pack contains 20 stitch markers in black and white or yellow and blue color combinations.<\/p>\n<p>The package contains 20 markers.<\/p>","protected":false},"excerpt":{"rendered":"<p>Seeknit mezginio aki\u0173 \u017eymekliai ploni\u00a0yra prakti\u0161kas ir efektyvus \u012frankis! \u0160is ypatingas dygsnio \u017eymekli\u0173 pasirinkimas pasi\u017eymi fiksavimo funkcija, leid\u017eian\u010dia juos naudoti n\u0117rimo projektuose, tiesiog perbraukiant juos per dygsn\u012f, kur\u012f norite pa\u017eym\u0117ti, ir u\u017edarant, kad b\u016bt\u0173 apsaugotas. Tada juos bet kada galima lengvai pa\u0161alinti! Naudokite juos motyvo ar eilu\u010di\u0173 sekos prad\u017eiai pa\u017eym\u0117ti. Kiekvienoje pakuot\u0117je yra 20 dygsnio \u017eymekli\u0173, kuri\u0173 spalv\u0173 deriniai yra juodi ir balti arba geltoni ir m\u0117lyni. Pakuot\u0117je rasite 20vnt. \u017eymekli\u0173.<\/p>","protected":false},"featured_media":7341,"comment_status":"open","ping_status":"closed","template":"","meta":[],"product_brand":[],"product_cat":[194,192],"product_tag":[],"giftcard-category":[],"class_list":{"0":"post-7339","1":"product","2":"type-product","3":"status-publish","4":"has-post-thumbnail","6":"product_cat-akiu-zymekliai","7":"product_cat-priedai-mezgimui","9":"first","10":"instock","11":"taxable","12":"shipping-taxable","13":"purchasable","14":"product-type-variable"},"_links":{"self":[{"href":"https:\/\/bitessiulai.lt\/en\/wp-json\/wp\/v2\/product\/7339","targetHints":{"allow":["GET"]}}],"collection":[{"href":"https:\/\/bitessiulai.lt\/en\/wp-json\/wp\/v2\/product"}],"about":[{"href":"https:\/\/bitessiulai.lt\/en\/wp-json\/wp\/v2\/types\/product"}],"replies":[{"embeddable":true,"href":"https:\/\/bitessiulai.lt\/en\/wp-json\/wp\/v2\/comments?post=7339"}],"version-history":[{"count":1,"href":"https:\/\/bitessiulai.lt\/en\/wp-json\/wp\/v2\/product\/7339\/revisions"}],"predecessor-version":[{"id":20396,"href":"https:\/\/bitessiulai.lt\/en\/wp-json\/wp\/v2\/product\/7339\/revisions\/20396"}],"wp:featuredmedia":[{"embeddable":true,"href":"https:\/\/bitessiulai.lt\/en\/wp-json\/wp\/v2\/media\/7341"}],"wp:attachment":[{"href":"https:\/\/bitessiulai.lt\/en\/wp-json\/wp\/v2\/media?parent=7339"}],"wp:term":[{"taxonomy":"product_brand","embeddable":true,"href":"https:\/\/bitessiulai.lt\/en\/wp-json\/wp\/v2\/product_brand?post=7339"},{"taxonomy":"product_cat","embeddable":true,"href":"https:\/\/bitessiulai.lt\/en\/wp-json\/wp\/v2\/product_cat?post=7339"},{"taxonomy":"product_tag","embeddable":true,"href":"https:\/\/bitessiulai.lt\/en\/wp-json\/wp\/v2\/product_tag?post=7339"},{"taxonomy":"giftcard-category","embeddable":true,"href":"https:\/\/bitessiulai.lt\/en\/wp-json\/wp\/v2\/giftcard-category?post=7339"}],"curies":[{"name":"wp","href":"https:\/\/api.w.org\/{rel}","templated":true}]}}