{"id":7032,"date":"2025-02-09T16:58:17","date_gmt":"2025-02-09T14:58:17","guid":{"rendered":"https:\/\/bitessiulai.lt\/?post_type=product&#038;p=7032"},"modified":"2026-03-12T14:21:22","modified_gmt":"2026-03-12T12:21:22","slug":"knitpro-mindful-mezgimo-eiliu-skaiciuotuvas","status":"publish","type":"product","link":"https:\/\/bitessiulai.lt\/en\/product\/knitpro-mindful-mezgimo-eiliu-skaiciuotuvas\/","title":{"rendered":"KnitPro Mindful knitting row calculator"},"content":{"rendered":"<h6>KnitPro Mindful knitting row calculator<\/h6>\n<p>&nbsp;<\/p>\n<ul>\n<li>Clearly visible numbers<\/li>\n<li>\n<p id=\"tw-target-text\" class=\"tw-data-text tw-text-large tw-ta\" dir=\"ltr\" data-placeholder=\"Vertimas\" data-ved=\"2ahUKEwiF5Las6raLAxUenf0HHe5SBnYQ3ewLegQIBxAV\" aria-label=\"Translated text: With this KnitPro Clicky row counter you can easily keep track of the rows or stitches of your crochet or knitting project! With two dials on the side, the two counters can be set separately. When you are working on one row, simply click the button on the top to keep track of the rows worked. The KnitPro Clicky row counter is pink with white dots and measures 40 x 37.5 mm. Supplied in a pack of 1\"><span class=\"Y2IQFc\" lang=\"lt\">You will be able to easily keep track of the rows or stitches of your crochet or knitting project<\/span><\/p>\n<\/li>\n<li>Presented in a cotton bag<\/li>\n<\/ul>\n<p><img fetchpriority=\"high\" decoding=\"async\" class=\"alignnone size-medium wp-image-7036\" src=\"https:\/\/bitessiulai.lt\/wp-content\/uploads\/2025\/02\/k36648-6-300x300.webp\" alt=\"\" width=\"300\" height=\"300\" srcset=\"https:\/\/bitessiulai.lt\/wp-content\/uploads\/2025\/02\/k36648-6-300x300.webp 300w, https:\/\/bitessiulai.lt\/wp-content\/uploads\/2025\/02\/k36648-6-150x150.webp 150w, https:\/\/bitessiulai.lt\/wp-content\/uploads\/2025\/02\/k36648-6-12x12.webp 12w, https:\/\/bitessiulai.lt\/wp-content\/uploads\/2025\/02\/k36648-6-600x600.webp 600w, https:\/\/bitessiulai.lt\/wp-content\/uploads\/2025\/02\/k36648-6-96x96.webp 96w, https:\/\/bitessiulai.lt\/wp-content\/uploads\/2025\/02\/k36648-6.webp 700w\" sizes=\"(max-width: 300px) 100vw, 300px\" \/><\/p>\n<p>*Colors seen on screen may differ slightly from actual color.<\/p>","protected":false},"excerpt":{"rendered":"<p>KnitPro Mindful mezgimo eili\u0173 skai\u010diuotuvas &nbsp; Ai\u0161kiai matomi skai\u010diai Gal\u0117site lengvai sekti savo n\u0117rimo ar mezgimo projekto eilutes ar si\u016bles Pateiktas medvilniniame mai\u0161elyje *Ekrane matomos spalvos gali \u0161iek tiek skirtis nuo tikrosios spalvos.<\/p>","protected":false},"featured_media":7033,"comment_status":"open","ping_status":"closed","template":"","meta":[],"product_brand":[],"product_cat":[192,213],"product_tag":[],"giftcard-category":[],"class_list":{"0":"post-7032","1":"product","2":"type-product","3":"status-publish","4":"has-post-thumbnail","6":"product_cat-priedai-mezgimui","7":"product_cat-skaiciuotuvai","9":"first","10":"instock","11":"taxable","12":"shipping-taxable","13":"purchasable","14":"product-type-simple"},"_links":{"self":[{"href":"https:\/\/bitessiulai.lt\/en\/wp-json\/wp\/v2\/product\/7032","targetHints":{"allow":["GET"]}}],"collection":[{"href":"https:\/\/bitessiulai.lt\/en\/wp-json\/wp\/v2\/product"}],"about":[{"href":"https:\/\/bitessiulai.lt\/en\/wp-json\/wp\/v2\/types\/product"}],"replies":[{"embeddable":true,"href":"https:\/\/bitessiulai.lt\/en\/wp-json\/wp\/v2\/comments?post=7032"}],"version-history":[{"count":1,"href":"https:\/\/bitessiulai.lt\/en\/wp-json\/wp\/v2\/product\/7032\/revisions"}],"predecessor-version":[{"id":20406,"href":"https:\/\/bitessiulai.lt\/en\/wp-json\/wp\/v2\/product\/7032\/revisions\/20406"}],"wp:featuredmedia":[{"embeddable":true,"href":"https:\/\/bitessiulai.lt\/en\/wp-json\/wp\/v2\/media\/7033"}],"wp:attachment":[{"href":"https:\/\/bitessiulai.lt\/en\/wp-json\/wp\/v2\/media?parent=7032"}],"wp:term":[{"taxonomy":"product_brand","embeddable":true,"href":"https:\/\/bitessiulai.lt\/en\/wp-json\/wp\/v2\/product_brand?post=7032"},{"taxonomy":"product_cat","embeddable":true,"href":"https:\/\/bitessiulai.lt\/en\/wp-json\/wp\/v2\/product_cat?post=7032"},{"taxonomy":"product_tag","embeddable":true,"href":"https:\/\/bitessiulai.lt\/en\/wp-json\/wp\/v2\/product_tag?post=7032"},{"taxonomy":"giftcard-category","embeddable":true,"href":"https:\/\/bitessiulai.lt\/en\/wp-json\/wp\/v2\/giftcard-category?post=7032"}],"curies":[{"name":"wp","href":"https:\/\/api.w.org\/{rel}","templated":true}]}}