{"id":5116,"date":"2025-02-07T12:18:45","date_gmt":"2025-02-07T10:18:45","guid":{"rendered":"https:\/\/bitessiulai.lt\/?post_type=product&#038;p=5116"},"modified":"2025-12-08T15:11:48","modified_gmt":"2025-12-08T13:11:48","slug":"lykke-weekender-mazas-rinkinys","status":"publish","type":"product","link":"https:\/\/bitessiulai.lt\/en\/product\/lykke-weekender-mazas-rinkinys\/","title":{"rendered":"LYKKE WEEKENDER small case"},"content":{"rendered":"<h6 id=\"tw-target-text\" class=\"tw-data-text tw-text-large tw-ta\" dir=\"ltr\" data-placeholder=\"Vertimas\" data-ved=\"2ahUKEwjN39PHuZaLAxW9Z_EDHcSMDpIQ3ewLegQICBAV\" aria-label=\"Translated text: The LYKKE Weekender magnetic flap case is a sleek and functional accessory for knitters and crocheters. Made from durable denim and vegan leather, this case is stylish and practical.\"><strong><span class=\"Y2IQFc\" lang=\"lt\">The LYKKE Weekender small zip-up case, made of durable denim and vegan leather, is stylish and practical.<\/span><\/strong><\/h6>\n<p><img fetchpriority=\"high\" decoding=\"async\" class=\"alignnone size-medium wp-image-5118\" src=\"https:\/\/bitessiulai.lt\/wp-content\/uploads\/2025\/01\/LYKKEWeekenderSmallTravelNeedleCaseEmptyinDenimandChocolateVeganLeather-Chocolate-300x300.jpg\" alt=\"\" width=\"300\" height=\"300\" srcset=\"https:\/\/bitessiulai.lt\/wp-content\/uploads\/2025\/01\/LYKKEWeekenderSmallTravelNeedleCaseEmptyinDenimandChocolateVeganLeather-Chocolate-300x300.jpg 300w, https:\/\/bitessiulai.lt\/wp-content\/uploads\/2025\/01\/LYKKEWeekenderSmallTravelNeedleCaseEmptyinDenimandChocolateVeganLeather-Chocolate-150x150.jpg 150w, https:\/\/bitessiulai.lt\/wp-content\/uploads\/2025\/01\/LYKKEWeekenderSmallTravelNeedleCaseEmptyinDenimandChocolateVeganLeather-Chocolate-768x768.jpg 768w, https:\/\/bitessiulai.lt\/wp-content\/uploads\/2025\/01\/LYKKEWeekenderSmallTravelNeedleCaseEmptyinDenimandChocolateVeganLeather-Chocolate-12x12.jpg 12w, https:\/\/bitessiulai.lt\/wp-content\/uploads\/2025\/01\/LYKKEWeekenderSmallTravelNeedleCaseEmptyinDenimandChocolateVeganLeather-Chocolate-600x600.jpg 600w, https:\/\/bitessiulai.lt\/wp-content\/uploads\/2025\/01\/LYKKEWeekenderSmallTravelNeedleCaseEmptyinDenimandChocolateVeganLeather-Chocolate-96x96.jpg 96w, https:\/\/bitessiulai.lt\/wp-content\/uploads\/2025\/01\/LYKKEWeekenderSmallTravelNeedleCaseEmptyinDenimandChocolateVeganLeather-Chocolate.jpg 800w\" sizes=\"(max-width: 300px) 100vw, 300px\" \/> <img decoding=\"async\" class=\"alignnone size-medium wp-image-5119\" src=\"https:\/\/bitessiulai.lt\/wp-content\/uploads\/2025\/01\/Lykke-Weekender-Travel-Needle-Case-Small-Chocolate-300x300.jpg\" alt=\"\" width=\"300\" height=\"300\" srcset=\"https:\/\/bitessiulai.lt\/wp-content\/uploads\/2025\/01\/Lykke-Weekender-Travel-Needle-Case-Small-Chocolate-300x300.jpg 300w, https:\/\/bitessiulai.lt\/wp-content\/uploads\/2025\/01\/Lykke-Weekender-Travel-Needle-Case-Small-Chocolate-150x150.jpg 150w, https:\/\/bitessiulai.lt\/wp-content\/uploads\/2025\/01\/Lykke-Weekender-Travel-Needle-Case-Small-Chocolate-12x12.jpg 12w, https:\/\/bitessiulai.lt\/wp-content\/uploads\/2025\/01\/Lykke-Weekender-Travel-Needle-Case-Small-Chocolate-600x600.jpg 600w, https:\/\/bitessiulai.lt\/wp-content\/uploads\/2025\/01\/Lykke-Weekender-Travel-Needle-Case-Small-Chocolate-96x96.jpg 96w, https:\/\/bitessiulai.lt\/wp-content\/uploads\/2025\/01\/Lykke-Weekender-Travel-Needle-Case-Small-Chocolate.jpg 736w\" sizes=\"(max-width: 300px) 100vw, 300px\" \/><\/p>\n<h6>Suggested uses:<\/h6>\n<ul>\n<li>Storage of knitting needles and crochet hooks.<\/li>\n<li>Suitable for storing small knitting accessories such as markers, lines, scissors, measuring tapes, etc.<\/li>\n<\/ul>\n<p>&nbsp;<\/p>\n<p><strong>Height 8cm.<\/strong><\/p>\n<p><strong>Width 13cm.<\/strong><\/p>","protected":false},"excerpt":{"rendered":"<p>LYKKE Weekender ma\u017eas u\u017edaromas d\u0117klas , pagamintas i\u0161 patvaraus d\u017einso ir vegani\u0161kos odos, pasi\u017eymi stilingumu ir prakti\u0161kumu. Si\u016blomi naudojimo b\u016bdai: Mezgimo virbal\u0173 ir n\u0117rimo va\u0161eli\u0173 laikymas. Tinka ma\u017eiems mezgimo reikmenims laikyti, tokiems kaip \u017eymekliams, valams, \u017eirkl\u0117ms, matavimo juostoms ar pn\u0161. &nbsp; Auk\u0161tis 8cm. Plotis 13cm.<\/p>","protected":false},"featured_media":5117,"comment_status":"open","ping_status":"closed","template":"","meta":[],"product_brand":[],"product_cat":[199,192],"product_tag":[],"giftcard-category":[],"class_list":{"0":"post-5116","1":"product","2":"type-product","3":"status-publish","4":"has-post-thumbnail","6":"product_cat-deklai-krepsiai","7":"product_cat-priedai-mezgimui","9":"first","10":"instock","11":"taxable","12":"shipping-taxable","13":"purchasable","14":"product-type-simple"},"_links":{"self":[{"href":"https:\/\/bitessiulai.lt\/en\/wp-json\/wp\/v2\/product\/5116","targetHints":{"allow":["GET"]}}],"collection":[{"href":"https:\/\/bitessiulai.lt\/en\/wp-json\/wp\/v2\/product"}],"about":[{"href":"https:\/\/bitessiulai.lt\/en\/wp-json\/wp\/v2\/types\/product"}],"replies":[{"embeddable":true,"href":"https:\/\/bitessiulai.lt\/en\/wp-json\/wp\/v2\/comments?post=5116"}],"version-history":[{"count":1,"href":"https:\/\/bitessiulai.lt\/en\/wp-json\/wp\/v2\/product\/5116\/revisions"}],"predecessor-version":[{"id":20421,"href":"https:\/\/bitessiulai.lt\/en\/wp-json\/wp\/v2\/product\/5116\/revisions\/20421"}],"wp:featuredmedia":[{"embeddable":true,"href":"https:\/\/bitessiulai.lt\/en\/wp-json\/wp\/v2\/media\/5117"}],"wp:attachment":[{"href":"https:\/\/bitessiulai.lt\/en\/wp-json\/wp\/v2\/media?parent=5116"}],"wp:term":[{"taxonomy":"product_brand","embeddable":true,"href":"https:\/\/bitessiulai.lt\/en\/wp-json\/wp\/v2\/product_brand?post=5116"},{"taxonomy":"product_cat","embeddable":true,"href":"https:\/\/bitessiulai.lt\/en\/wp-json\/wp\/v2\/product_cat?post=5116"},{"taxonomy":"product_tag","embeddable":true,"href":"https:\/\/bitessiulai.lt\/en\/wp-json\/wp\/v2\/product_tag?post=5116"},{"taxonomy":"giftcard-category","embeddable":true,"href":"https:\/\/bitessiulai.lt\/en\/wp-json\/wp\/v2\/giftcard-category?post=5116"}],"curies":[{"name":"wp","href":"https:\/\/api.w.org\/{rel}","templated":true}]}}