{"id":5109,"date":"2025-02-07T12:17:54","date_gmt":"2025-02-07T10:17:54","guid":{"rendered":"https:\/\/bitessiulai.lt\/?post_type=product&#038;p=5109"},"modified":"2026-01-15T12:02:18","modified_gmt":"2026-01-15T10:02:18","slug":"lykke-medine-liniuote","status":"publish","type":"product","link":"https:\/\/bitessiulai.lt\/en\/product\/lykke-medine-liniuote\/","title":{"rendered":"Lykke wooden ruler"},"content":{"rendered":"<h6>Lykke wooden ruler<\/h6>\n<p>Advantages of the ruler:<\/p>\n<ul>\n<li>Engraved sizes do not fade<\/li>\n<li>Ruler size 18.5cm. * 7cm.<\/li>\n<li>Determining the size of the needle and thread<\/li>\n<li>Can be used as a ruler, to measure a knitting sample<\/li>\n<li>Made of mango wood (natural and pleasant to use)<\/li>\n<\/ul>\n<p>&nbsp;<\/p>","protected":false},"excerpt":{"rendered":"<p>Lykke medin\u0117 liniuot\u0117 Liniuot\u0117s privalumai: I\u0161graviruoti dyd\u017eiai nenusitrina Liniuot\u0117s dydis 18,5cm. * 7cm. Virbalo ir va\u0161elio dyd\u017eio nustatymas Galima naudoti kaip liniuot\u0119, matuoti mezginio pavyzd\u012f Pagaminta i\u0161 mango medienos (nat\u016brali ir maloni naudoti) &nbsp;<\/p>","protected":false},"featured_media":14092,"comment_status":"open","ping_status":"closed","template":"","meta":[],"product_brand":[],"product_cat":[202,192],"product_tag":[],"giftcard-category":[],"class_list":{"0":"post-5109","1":"product","2":"type-product","3":"status-publish","4":"has-post-thumbnail","6":"product_cat-matavimo-priemones","7":"product_cat-priedai-mezgimui","9":"first","10":"instock","11":"taxable","12":"shipping-taxable","13":"purchasable","14":"product-type-variable"},"_links":{"self":[{"href":"https:\/\/bitessiulai.lt\/en\/wp-json\/wp\/v2\/product\/5109","targetHints":{"allow":["GET"]}}],"collection":[{"href":"https:\/\/bitessiulai.lt\/en\/wp-json\/wp\/v2\/product"}],"about":[{"href":"https:\/\/bitessiulai.lt\/en\/wp-json\/wp\/v2\/types\/product"}],"replies":[{"embeddable":true,"href":"https:\/\/bitessiulai.lt\/en\/wp-json\/wp\/v2\/comments?post=5109"}],"version-history":[{"count":1,"href":"https:\/\/bitessiulai.lt\/en\/wp-json\/wp\/v2\/product\/5109\/revisions"}],"predecessor-version":[{"id":20417,"href":"https:\/\/bitessiulai.lt\/en\/wp-json\/wp\/v2\/product\/5109\/revisions\/20417"}],"wp:featuredmedia":[{"embeddable":true,"href":"https:\/\/bitessiulai.lt\/en\/wp-json\/wp\/v2\/media\/14092"}],"wp:attachment":[{"href":"https:\/\/bitessiulai.lt\/en\/wp-json\/wp\/v2\/media?parent=5109"}],"wp:term":[{"taxonomy":"product_brand","embeddable":true,"href":"https:\/\/bitessiulai.lt\/en\/wp-json\/wp\/v2\/product_brand?post=5109"},{"taxonomy":"product_cat","embeddable":true,"href":"https:\/\/bitessiulai.lt\/en\/wp-json\/wp\/v2\/product_cat?post=5109"},{"taxonomy":"product_tag","embeddable":true,"href":"https:\/\/bitessiulai.lt\/en\/wp-json\/wp\/v2\/product_tag?post=5109"},{"taxonomy":"giftcard-category","embeddable":true,"href":"https:\/\/bitessiulai.lt\/en\/wp-json\/wp\/v2\/giftcard-category?post=5109"}],"curies":[{"name":"wp","href":"https:\/\/api.w.org\/{rel}","templated":true}]}}