{"id":5031,"date":"2025-02-07T12:03:09","date_gmt":"2025-02-07T10:03:09","guid":{"rendered":"https:\/\/bitessiulai.lt\/?post_type=product&#038;p=5031"},"modified":"2025-07-08T15:36:44","modified_gmt":"2025-07-08T12:36:44","slug":"115cm-lykke-driftwood-prisukamu-mediniu-virbalu-rinkinys-cacao","status":"publish","type":"product","link":"https:\/\/bitessiulai.lt\/en\/product\/115cm-lykke-driftwood-prisukamu-mediniu-virbalu-rinkinys-cacao\/","title":{"rendered":"11.5cm. LYKKE DRIFTWOOD screw-on wooden skewer set"},"content":{"rendered":"<h6><strong>LYKKE DRIFTWOOD screw-on wooden skewer set:<\/strong><\/h6>\n<ul>\n<li><strong>12pcs. screw-on skewers<\/strong> (<em>3.5mm, 3.75mm, 4.0mm, 4.5mm, 5.0mm, 5.5mm, 6.0mm, 6.5mm, 8.0mm, 9.0mm, 10.0mm, 12.0mm.)<\/em><\/li>\n<li><strong>5pcs. screw-in lines<\/strong> ( <em>2 pcs. x 60 cm, 2 pcs. x 80 cm, 1 pc. x 100 cm)<\/em><\/li>\n<li><strong>2<\/strong>\u00a0line connections,\u00a0<strong>8<\/strong>\u00a0brakes,\u00a0<strong>4<\/strong> tightening wrenches. Length of pins: <strong>11.5cm.<\/strong><\/li>\n<\/ul>\n<p><img fetchpriority=\"high\" decoding=\"async\" class=\"alignnone size-medium wp-image-5033\" src=\"https:\/\/bitessiulai.lt\/wp-content\/uploads\/2025\/01\/f20972062d1a999dd8bc57a0d488d3ae-300x201.jpg\" alt=\"\" width=\"300\" height=\"201\" srcset=\"https:\/\/bitessiulai.lt\/wp-content\/uploads\/2025\/01\/f20972062d1a999dd8bc57a0d488d3ae-300x201.jpg 300w, https:\/\/bitessiulai.lt\/wp-content\/uploads\/2025\/01\/f20972062d1a999dd8bc57a0d488d3ae-18x12.jpg 18w, https:\/\/bitessiulai.lt\/wp-content\/uploads\/2025\/01\/f20972062d1a999dd8bc57a0d488d3ae-150x101.jpg 150w, https:\/\/bitessiulai.lt\/wp-content\/uploads\/2025\/01\/f20972062d1a999dd8bc57a0d488d3ae.jpg 600w\" sizes=\"(max-width: 300px) 100vw, 300px\" \/><\/p>\n<p><b>LYKKE DRIFTWOOD <\/b>\u2013 these are handmade, high-quality needles made of natural birch wood.<\/p>\n<p>The needles have their own unique color tone, so each needle in the set may vary slightly.<\/p>\n<p><span class=\"weight900\">On LYKKE<\/span> The sizes of the needles are engraved, the set is presented in a beautiful eco-leather case with pockets, each tool has its own place, so order is really guaranteed \ud83d\ude42<\/p>","protected":false},"excerpt":{"rendered":"<p>LYKKE DRIFTWOOD prisukam\u0173 medini\u0173 virbal\u0173 rinkinys : 12vnt. prisukam\u0173 virbal\u0173 (3,5 mm, 3.75 mm, 4.0 mm, 4.5 mm, 5.0 mm, 5.5 mm, 6.0 mm, 6.5 mm, 8.0 mm, 9.0 mm, 10.0 mm, 12.0 mm.) 5vnt. prisukam\u0173 val\u0173 ( 2vnt. x 60 cm, 2vnt. x 80 cm, 1vnt. x 100 cm) 2\u00a0val\u0173 jungtys,\u00a08\u00a0stabd\u017eiukai,\u00a04 priver\u017eimo rakteliai. Virbal\u0173 ilgis: 11,5cm. LYKKE DRIFTWOOD \u2013 tai rank\u0173 darbo, auk\u0161tos kokyb\u0117s virbalai, pagaminti i\u0161 nat\u016bralios ber\u017eo medienos. Virbalai pasi\u017eymi savo unikaliu spalvos atpalviu, tod\u0117l kiekvienas virbalas rinkinyje gali \u0161iektiek skirtis. Ant LYKKE virbal\u0173 yra i\u0161graviruoti dyd\u017eiai, rinkinys pateiktas gra\u017eiame eko odos d\u0117kle su ki\u0161en\u0117liais, kiekviena priemon\u0117 turi savo viet\u0105, tod\u0117l tvarka tikrai garantuota \ud83d\ude42<\/p>","protected":false},"featured_media":5032,"comment_status":"open","ping_status":"closed","template":"","meta":[],"product_brand":[],"product_cat":[2124,180,181],"product_tag":[],"giftcard-category":[],"class_list":{"0":"post-5031","1":"product","2":"type-product","3":"status-publish","4":"has-post-thumbnail","6":"product_cat-lykke","7":"product_cat-mezgimo-priemones","8":"product_cat-virbalu-rinkiniai","10":"first","11":"instock","12":"taxable","13":"shipping-taxable","14":"purchasable","15":"product-type-variable"},"_links":{"self":[{"href":"https:\/\/bitessiulai.lt\/en\/wp-json\/wp\/v2\/product\/5031","targetHints":{"allow":["GET"]}}],"collection":[{"href":"https:\/\/bitessiulai.lt\/en\/wp-json\/wp\/v2\/product"}],"about":[{"href":"https:\/\/bitessiulai.lt\/en\/wp-json\/wp\/v2\/types\/product"}],"replies":[{"embeddable":true,"href":"https:\/\/bitessiulai.lt\/en\/wp-json\/wp\/v2\/comments?post=5031"}],"version-history":[{"count":0,"href":"https:\/\/bitessiulai.lt\/en\/wp-json\/wp\/v2\/product\/5031\/revisions"}],"wp:featuredmedia":[{"embeddable":true,"href":"https:\/\/bitessiulai.lt\/en\/wp-json\/wp\/v2\/media\/5032"}],"wp:attachment":[{"href":"https:\/\/bitessiulai.lt\/en\/wp-json\/wp\/v2\/media?parent=5031"}],"wp:term":[{"taxonomy":"product_brand","embeddable":true,"href":"https:\/\/bitessiulai.lt\/en\/wp-json\/wp\/v2\/product_brand?post=5031"},{"taxonomy":"product_cat","embeddable":true,"href":"https:\/\/bitessiulai.lt\/en\/wp-json\/wp\/v2\/product_cat?post=5031"},{"taxonomy":"product_tag","embeddable":true,"href":"https:\/\/bitessiulai.lt\/en\/wp-json\/wp\/v2\/product_tag?post=5031"},{"taxonomy":"giftcard-category","embeddable":true,"href":"https:\/\/bitessiulai.lt\/en\/wp-json\/wp\/v2\/giftcard-category?post=5031"}],"curies":[{"name":"wp","href":"https:\/\/api.w.org\/{rel}","templated":true}]}}