{"id":4715,"date":"2024-12-22T16:57:59","date_gmt":"2024-12-22T14:57:59","guid":{"rendered":"https:\/\/bitessiulai.lt\/?post_type=product&#038;p=4715"},"modified":"2026-04-29T23:13:14","modified_gmt":"2026-04-29T20:13:14","slug":"yarnart-siulu-rinkinukas-22","status":"publish","type":"product","link":"https:\/\/bitessiulai.lt\/en\/product\/yarnart-siulu-rinkinukas-22\/","title":{"rendered":"YarnArt Thread Set"},"content":{"rendered":"<h5 dir=\"auto\"><strong>YarnArt Thread Set:<\/strong><\/h5>\n<ul>\n<li>YarnArt Angora Active 3pcs.<\/li>\n<li>YarnArt Sequins 2pcs.<\/li>\n<\/ul>\n<p><strong>YarnArt Angora Active<\/strong><\/p>\n<p><img fetchpriority=\"high\" decoding=\"async\" class=\"alignnone size-medium wp-image-4719\" src=\"https:\/\/bitessiulai.lt\/wp-content\/uploads\/2024\/12\/YARNART_ANGORA_ACTIVE_848-600x600-1-300x300.jpg\" alt=\"\" width=\"300\" height=\"300\" srcset=\"https:\/\/bitessiulai.lt\/wp-content\/uploads\/2024\/12\/YARNART_ANGORA_ACTIVE_848-600x600-1-300x300.jpg 300w, https:\/\/bitessiulai.lt\/wp-content\/uploads\/2024\/12\/YARNART_ANGORA_ACTIVE_848-600x600-1-150x150.jpg 150w, https:\/\/bitessiulai.lt\/wp-content\/uploads\/2024\/12\/YARNART_ANGORA_ACTIVE_848-600x600-1-12x12.jpg 12w, https:\/\/bitessiulai.lt\/wp-content\/uploads\/2024\/12\/YARNART_ANGORA_ACTIVE_848-600x600-1-96x96.jpg 96w, https:\/\/bitessiulai.lt\/wp-content\/uploads\/2024\/12\/YARNART_ANGORA_ACTIVE_848-600x600-1.jpg 600w\" sizes=\"(max-width: 300px) 100vw, 300px\" \/><\/p>\n<p>(Color: 848)<\/p>\n<ul>\n<li dir=\"auto\"><strong>Composition:<\/strong> 20% wool, 80% acrylic<\/li>\n<li dir=\"auto\"><strong>Weight\/length:<\/strong> 100 years = approximately 500 years.<\/li>\n<li dir=\"auto\"><strong>Recommended knitting needle size:<\/strong> 4 mm.<\/li>\n<li dir=\"auto\"><strong>Recommended size of the vase:<\/strong> 5 mm.<\/li>\n<\/ul>\n<p>&nbsp;<\/p>\n<p><span class=\"html-span xexx8yu x4uap5 x18d9i69 xkhd6sd x1hl2dhg x16tdsg8 x1vvkbs x3nfvp2 x1j61x8r x1fcty0u xdj266r xat24cr xgzva0m xhhsvwb xxymvpz xlup9mm x1kky2od\"><img decoding=\"async\" class=\"xz74otr\" src=\"https:\/\/static.xx.fbcdn.net\/images\/emoji.php\/v9\/t2d\/1\/16\/1f4cd.png\" alt=\"\ud83d\udccd\" width=\"16\" height=\"16\" \/><\/span> <strong>Price \u20ac2.60<\/strong><\/p>\n<p>&nbsp;<\/p>\n<p><strong>YarnArt Sequins<\/strong><\/p>\n<p><img decoding=\"async\" class=\"alignnone size-medium wp-image-4720\" src=\"https:\/\/bitessiulai.lt\/wp-content\/uploads\/2024\/12\/YARNART_PAILLETTES_8001-600x600-2-300x300.jpg\" alt=\"\" width=\"300\" height=\"300\" srcset=\"https:\/\/bitessiulai.lt\/wp-content\/uploads\/2024\/12\/YARNART_PAILLETTES_8001-600x600-2-300x300.jpg 300w, https:\/\/bitessiulai.lt\/wp-content\/uploads\/2024\/12\/YARNART_PAILLETTES_8001-600x600-2-150x150.jpg 150w, https:\/\/bitessiulai.lt\/wp-content\/uploads\/2024\/12\/YARNART_PAILLETTES_8001-600x600-2-12x12.jpg 12w, https:\/\/bitessiulai.lt\/wp-content\/uploads\/2024\/12\/YARNART_PAILLETTES_8001-600x600-2-96x96.jpg 96w, https:\/\/bitessiulai.lt\/wp-content\/uploads\/2024\/12\/YARNART_PAILLETTES_8001-600x600-2.jpg 600w\" sizes=\"(max-width: 300px) 100vw, 300px\" \/><\/p>\n<p>(Color: 8001)<\/p>\n<ul>\n<li><strong>Composition:<\/strong> 100% polyester<\/li>\n<li><strong>Weight\/length:<\/strong> 50 years = approximately 800 years.<\/li>\n<li><strong>Recommended knitting needle size:<\/strong> 2.5 mm.<\/li>\n<li><strong>Recommended size of the vase:<\/strong> 3 mm.<\/li>\n<\/ul>\n<p><span class=\"html-span xexx8yu x4uap5 x18d9i69 xkhd6sd x1hl2dhg x16tdsg8 x1vvkbs x3nfvp2 x1j61x8r x1fcty0u xdj266r xat24cr xgzva0m xhhsvwb xxymvpz xlup9mm x1kky2od\"><img decoding=\"async\" class=\"xz74otr\" src=\"https:\/\/static.xx.fbcdn.net\/images\/emoji.php\/v9\/t2d\/1\/16\/1f4cd.png\" alt=\"\ud83d\udccd\" width=\"16\" height=\"16\" \/><\/span> <strong>Price \u20ac4.80<\/strong><\/p>\n<p>&nbsp;<\/p>\n<p><strong>YarnArt Sequins<\/strong><\/p>\n<p><img loading=\"lazy\" decoding=\"async\" class=\"alignnone size-medium wp-image-4721\" src=\"https:\/\/bitessiulai.lt\/wp-content\/uploads\/2024\/12\/YARNART_PAILLETTES_8004-600x600-1-300x300.jpg\" alt=\"\" width=\"300\" height=\"300\" srcset=\"https:\/\/bitessiulai.lt\/wp-content\/uploads\/2024\/12\/YARNART_PAILLETTES_8004-600x600-1-300x300.jpg 300w, https:\/\/bitessiulai.lt\/wp-content\/uploads\/2024\/12\/YARNART_PAILLETTES_8004-600x600-1-150x150.jpg 150w, https:\/\/bitessiulai.lt\/wp-content\/uploads\/2024\/12\/YARNART_PAILLETTES_8004-600x600-1-12x12.jpg 12w, https:\/\/bitessiulai.lt\/wp-content\/uploads\/2024\/12\/YARNART_PAILLETTES_8004-600x600-1-96x96.jpg 96w, https:\/\/bitessiulai.lt\/wp-content\/uploads\/2024\/12\/YARNART_PAILLETTES_8004-600x600-1.jpg 600w\" sizes=\"(max-width: 300px) 100vw, 300px\" \/><\/p>\n<p>&nbsp;<\/p>\n<p>(Color: 8004)<\/p>\n<ul>\n<li><strong>Composition:<\/strong> 100% polyester<\/li>\n<li><strong>Weight\/length:<\/strong> 50 years = approximately 800 years.<\/li>\n<li><strong>Recommended knitting needle size:<\/strong> 2.5 mm.<\/li>\n<li><strong>Recommended size of the vase:<\/strong> 3 mm.<\/li>\n<\/ul>\n<p><span class=\"html-span xexx8yu x4uap5 x18d9i69 xkhd6sd x1hl2dhg x16tdsg8 x1vvkbs x3nfvp2 x1j61x8r x1fcty0u xdj266r xat24cr xgzva0m xhhsvwb xxymvpz xlup9mm x1kky2od\"><img decoding=\"async\" class=\"xz74otr\" src=\"https:\/\/static.xx.fbcdn.net\/images\/emoji.php\/v9\/t2d\/1\/16\/1f4cd.png\" alt=\"\ud83d\udccd\" width=\"16\" height=\"16\" \/><\/span> <strong>Price \u20ac4.80<\/strong><\/p>\n<p>&nbsp;<\/p>\n<p><span class=\"html-span xexx8yu x4uap5 x18d9i69 xkhd6sd x1hl2dhg x16tdsg8 x1vvkbs x3nfvp2 x1j61x8r x1fcty0u xdj266r xat24cr xgzva0m xhhsvwb xxymvpz xlup9mm x1kky2od\"><img decoding=\"async\" class=\"xz74otr\" src=\"https:\/\/static.xx.fbcdn.net\/images\/emoji.php\/v9\/t2d\/1\/16\/1f4cd.png\" alt=\"\ud83d\udccd\" width=\"16\" height=\"16\" \/>If the set is not available or you need a larger quantity, please contact us. <img decoding=\"async\" class=\"xz74otr\" src=\"https:\/\/static.xx.fbcdn.net\/images\/emoji.php\/v9\/t2d\/1\/16\/1f4cd.png\" alt=\"\ud83d\udccd\" width=\"16\" height=\"16\" \/><\/span><\/p>\n<div class=\"item\">\n<ul>\n<li class=\"text\">+370 672 44443<\/li>\n<\/ul>\n<\/div>\n<div class=\"item\">\n<ul>\n<li class=\"text\">info@bitessiulai.lt<\/li>\n<\/ul>\n<p>*The YarnArt Thread Set shown on screen may differ slightly from the actual thread color.<\/p>\n<\/div>\n<p>&nbsp;<\/p>\n<p>&nbsp;<\/p>","protected":false},"excerpt":{"rendered":"<p>YarnArt Si\u016bl\u0173 rinkinukas\u00a0: YarnArt Angora Active 3vnt. YarnArt Paillettes 2vnt. YarnArt Angora Active (Spalva: 848) Sud\u0117tis: 20% vilna, 80% akrilas Svoris\/ilgis: 100 g.= ma\u017edaug 500 m. Rekomenduojamas virbal\u0173 dydis: 4 mm. Rekomenduojamas va\u0161elio dydis: 5 mm. &nbsp; Kaina 2,60\u20ac &nbsp; YarnArt Paillettes (Spalva: 8001) Sud\u0117tis: 100% poliesteris Svoris\/ilgis: 50 g.= ma\u017edaug 800 m. Rekomenduojamas virbal\u0173 dydis: 2,5 mm. Rekomenduojamas va\u0161elio dydis: 3 mm. Kaina 4,80\u20ac &nbsp; YarnArt Paillettes &nbsp; (Spalva: 8004) Sud\u0117tis: 100% poliesteris Svoris\/ilgis: 50 g.= ma\u017edaug 800 m. Rekomenduojamas virbal\u0173 dydis: 2,5 mm. Rekomenduojamas va\u0161elio dydis: 3 mm. Kaina 4,80\u20ac &nbsp; Jeigu prekyboje rinkinio n\u0117ra arba reikalingas didesnis kiekis, susiekite su Mumis +370 672 44443 info@bitessiulai.lt *Ekrane matomos YarnArt Si\u016bl\u0173 rinkinys gali \u0161iek tiek skirtis nuo tikrosios si\u016bl\u0173 spalvos. &nbsp; &nbsp;<\/p>","protected":false},"featured_media":4718,"comment_status":"open","ping_status":"closed","template":"","meta":[],"product_brand":[],"product_cat":[176,3569],"product_tag":[],"giftcard-category":[],"class_list":{"0":"post-4715","1":"product","2":"type-product","3":"status-publish","4":"has-post-thumbnail","6":"product_cat-siulu-rinkinukai","7":"product_cat-rinkinukai-yarnart-angora-active","9":"first","10":"instock","11":"taxable","12":"shipping-taxable","13":"purchasable","14":"product-type-simple"},"_links":{"self":[{"href":"https:\/\/bitessiulai.lt\/en\/wp-json\/wp\/v2\/product\/4715","targetHints":{"allow":["GET"]}}],"collection":[{"href":"https:\/\/bitessiulai.lt\/en\/wp-json\/wp\/v2\/product"}],"about":[{"href":"https:\/\/bitessiulai.lt\/en\/wp-json\/wp\/v2\/types\/product"}],"replies":[{"embeddable":true,"href":"https:\/\/bitessiulai.lt\/en\/wp-json\/wp\/v2\/comments?post=4715"}],"version-history":[{"count":0,"href":"https:\/\/bitessiulai.lt\/en\/wp-json\/wp\/v2\/product\/4715\/revisions"}],"wp:featuredmedia":[{"embeddable":true,"href":"https:\/\/bitessiulai.lt\/en\/wp-json\/wp\/v2\/media\/4718"}],"wp:attachment":[{"href":"https:\/\/bitessiulai.lt\/en\/wp-json\/wp\/v2\/media?parent=4715"}],"wp:term":[{"taxonomy":"product_brand","embeddable":true,"href":"https:\/\/bitessiulai.lt\/en\/wp-json\/wp\/v2\/product_brand?post=4715"},{"taxonomy":"product_cat","embeddable":true,"href":"https:\/\/bitessiulai.lt\/en\/wp-json\/wp\/v2\/product_cat?post=4715"},{"taxonomy":"product_tag","embeddable":true,"href":"https:\/\/bitessiulai.lt\/en\/wp-json\/wp\/v2\/product_tag?post=4715"},{"taxonomy":"giftcard-category","embeddable":true,"href":"https:\/\/bitessiulai.lt\/en\/wp-json\/wp\/v2\/giftcard-category?post=4715"}],"curies":[{"name":"wp","href":"https:\/\/api.w.org\/{rel}","templated":true}]}}