{"id":4690,"date":"2024-12-21T13:07:27","date_gmt":"2024-12-21T11:07:27","guid":{"rendered":"https:\/\/bitessiulai.lt\/?post_type=product&#038;p=4690"},"modified":"2025-09-12T13:14:32","modified_gmt":"2025-09-12T10:14:32","slug":"yarnart-siulu-rinkinukas-25","status":"publish","type":"product","link":"https:\/\/bitessiulai.lt\/en\/product\/yarnart-siulu-rinkinukas-25\/","title":{"rendered":"YarnArt Thread Set"},"content":{"rendered":"<h5 dir=\"auto\"><strong>YarnArt Thread Set:<\/strong><\/h5>\n<ul>\n<li>YarnArt Vista 4pcs.<\/li>\n<li>YarnArt Puma 2pcs.<\/li>\n<\/ul>\n<p><strong>YarnArt Vista<\/strong><\/p>\n<p><img fetchpriority=\"high\" decoding=\"async\" class=\"alignnone size-medium wp-image-4692\" src=\"https:\/\/bitessiulai.lt\/wp-content\/uploads\/2024\/12\/YARNART_VISTA_5319-600x600-1-300x300.jpg\" alt=\"\" width=\"300\" height=\"300\" srcset=\"https:\/\/bitessiulai.lt\/wp-content\/uploads\/2024\/12\/YARNART_VISTA_5319-600x600-1-300x300.jpg 300w, https:\/\/bitessiulai.lt\/wp-content\/uploads\/2024\/12\/YARNART_VISTA_5319-600x600-1-150x150.jpg 150w, https:\/\/bitessiulai.lt\/wp-content\/uploads\/2024\/12\/YARNART_VISTA_5319-600x600-1-12x12.jpg 12w, https:\/\/bitessiulai.lt\/wp-content\/uploads\/2024\/12\/YARNART_VISTA_5319-600x600-1-96x96.jpg 96w, https:\/\/bitessiulai.lt\/wp-content\/uploads\/2024\/12\/YARNART_VISTA_5319-600x600-1.jpg 600w\" sizes=\"(max-width: 300px) 100vw, 300px\" \/><\/p>\n<div class=\"x11i5rnm xat24cr x1mh8g0r x1vvkbs xtlvy1s x126k92a\">\n<div dir=\"auto\">(Color: 5319)<\/div>\n<ul>\n<li dir=\"auto\"><strong>Composition:<\/strong> 25% wool, 75% acrylic<\/li>\n<li dir=\"auto\"><strong>Weight\/length:<\/strong> 100 years = approximately 280 years.<\/li>\n<li dir=\"auto\"><strong>Recommended knitting needle size:<\/strong> 4 mm.<\/li>\n<li dir=\"auto\"><strong>Recommended size of the vase:<\/strong> 4 mm.<\/li>\n<\/ul>\n<\/div>\n<div class=\"x11i5rnm xat24cr x1mh8g0r x1vvkbs xtlvy1s x126k92a\"><\/div>\n<div class=\"x11i5rnm xat24cr x1mh8g0r x1vvkbs xtlvy1s x126k92a\"><\/div>\n<div class=\"x11i5rnm xat24cr x1mh8g0r x1vvkbs xtlvy1s x126k92a\">\n<div dir=\"auto\"><span class=\"html-span xexx8yu x4uap5 x18d9i69 xkhd6sd x1hl2dhg x16tdsg8 x1vvkbs x3nfvp2 x1j61x8r x1fcty0u xdj266r xat24cr xgzva0m xhhsvwb xxymvpz xlup9mm x1kky2od\"><img decoding=\"async\" class=\"xz74otr\" src=\"https:\/\/static.xx.fbcdn.net\/images\/emoji.php\/v9\/t2d\/1\/16\/1f4cd.png\" alt=\"\ud83d\udccd\" width=\"16\" height=\"16\" \/><\/span> <strong>Price \u20ac2.50<\/strong><\/div>\n<\/div>\n<div dir=\"auto\"><\/div>\n<div dir=\"auto\"><\/div>\n<div dir=\"auto\"><strong>YarnArt Puma<\/strong><\/div>\n<div dir=\"auto\"><img decoding=\"async\" class=\"alignnone size-medium wp-image-4693\" src=\"https:\/\/bitessiulai.lt\/wp-content\/uploads\/2024\/12\/YARNART_PIUMA_4402-600x600-1-300x300.jpg\" alt=\"\" width=\"300\" height=\"300\" srcset=\"https:\/\/bitessiulai.lt\/wp-content\/uploads\/2024\/12\/YARNART_PIUMA_4402-600x600-1-300x300.jpg 300w, https:\/\/bitessiulai.lt\/wp-content\/uploads\/2024\/12\/YARNART_PIUMA_4402-600x600-1-150x150.jpg 150w, https:\/\/bitessiulai.lt\/wp-content\/uploads\/2024\/12\/YARNART_PIUMA_4402-600x600-1-12x12.jpg 12w, https:\/\/bitessiulai.lt\/wp-content\/uploads\/2024\/12\/YARNART_PIUMA_4402-600x600-1-96x96.jpg 96w, https:\/\/bitessiulai.lt\/wp-content\/uploads\/2024\/12\/YARNART_PIUMA_4402-600x600-1.jpg 600w\" sizes=\"(max-width: 300px) 100vw, 300px\" \/><\/div>\n<div dir=\"auto\">\n<div class=\"x11i5rnm xat24cr x1mh8g0r x1vvkbs xtlvy1s x126k92a\">\n<div dir=\"auto\">(Color: 4402)<\/div>\n<ul>\n<li dir=\"auto\"><strong>Composition:<\/strong> 100% polyester<\/li>\n<li dir=\"auto\"><strong>Weight\/length:<\/strong> 50 years = approximately 100 years.<\/li>\n<li dir=\"auto\"><strong>Recommended knitting needle size:<\/strong> 5 mm.<\/li>\n<li dir=\"auto\"><strong>Recommended size of the vase:<\/strong> 5 mm.<\/li>\n<\/ul>\n<\/div>\n<div class=\"x11i5rnm xat24cr x1mh8g0r x1vvkbs xtlvy1s x126k92a\"><\/div>\n<div class=\"x11i5rnm xat24cr x1mh8g0r x1vvkbs xtlvy1s x126k92a\"><\/div>\n<div class=\"x11i5rnm xat24cr x1mh8g0r x1vvkbs xtlvy1s x126k92a\">\n<div dir=\"auto\"><span class=\"html-span xexx8yu x4uap5 x18d9i69 xkhd6sd x1hl2dhg x16tdsg8 x1vvkbs x3nfvp2 x1j61x8r x1fcty0u xdj266r xat24cr xgzva0m xhhsvwb xxymvpz xlup9mm x1kky2od\"><img decoding=\"async\" class=\"xz74otr\" src=\"https:\/\/static.xx.fbcdn.net\/images\/emoji.php\/v9\/t2d\/1\/16\/1f4cd.png\" alt=\"\ud83d\udccd\" width=\"16\" height=\"16\" \/><\/span> <strong>Price \u20ac1.50<\/strong><\/div>\n<\/div>\n<\/div>\n<div dir=\"auto\"><\/div>\n<div dir=\"auto\"><\/div>\n<div dir=\"auto\"><strong>YarnArt Puma<\/strong><\/div>\n<div dir=\"auto\"><img loading=\"lazy\" decoding=\"async\" class=\"alignnone size-medium wp-image-4694\" src=\"https:\/\/bitessiulai.lt\/wp-content\/uploads\/2024\/12\/YARNART_PIUMA_4408-600x600-1-300x300.jpg\" alt=\"\" width=\"300\" height=\"300\" srcset=\"https:\/\/bitessiulai.lt\/wp-content\/uploads\/2024\/12\/YARNART_PIUMA_4408-600x600-1-300x300.jpg 300w, https:\/\/bitessiulai.lt\/wp-content\/uploads\/2024\/12\/YARNART_PIUMA_4408-600x600-1-150x150.jpg 150w, https:\/\/bitessiulai.lt\/wp-content\/uploads\/2024\/12\/YARNART_PIUMA_4408-600x600-1-12x12.jpg 12w, https:\/\/bitessiulai.lt\/wp-content\/uploads\/2024\/12\/YARNART_PIUMA_4408-600x600-1-96x96.jpg 96w, https:\/\/bitessiulai.lt\/wp-content\/uploads\/2024\/12\/YARNART_PIUMA_4408-600x600-1.jpg 600w\" sizes=\"(max-width: 300px) 100vw, 300px\" \/><\/div>\n<div dir=\"auto\">\n<div dir=\"auto\">(Color: 4408)<\/div>\n<ul>\n<li dir=\"auto\"><strong>Composition:<\/strong> 100% polyester<\/li>\n<li dir=\"auto\"><strong>Weight\/length:<\/strong> 50 years = approximately 100 years.<\/li>\n<li dir=\"auto\"><strong>Recommended knitting needle size:<\/strong> 5 mm.<\/li>\n<li dir=\"auto\"><strong>Recommended size of the vase:<\/strong> 5 mm.<\/li>\n<\/ul>\n<\/div>\n<p><span class=\"html-span xexx8yu x4uap5 x18d9i69 xkhd6sd x1hl2dhg x16tdsg8 x1vvkbs x3nfvp2 x1j61x8r x1fcty0u xdj266r xat24cr xgzva0m xhhsvwb xxymvpz xlup9mm x1kky2od\"><img decoding=\"async\" class=\"xz74otr\" src=\"https:\/\/static.xx.fbcdn.net\/images\/emoji.php\/v9\/t2d\/1\/16\/1f4cd.png\" alt=\"\ud83d\udccd\" width=\"16\" height=\"16\" \/><\/span> <strong>Price \u20ac1.50<\/strong><\/p>\n<p>&nbsp;<\/p>\n<p><span class=\"html-span xexx8yu x4uap5 x18d9i69 xkhd6sd x1hl2dhg x16tdsg8 x1vvkbs x3nfvp2 x1j61x8r x1fcty0u xdj266r xat24cr xgzva0m xhhsvwb xxymvpz xlup9mm x1kky2od\"><img decoding=\"async\" class=\"xz74otr\" src=\"https:\/\/static.xx.fbcdn.net\/images\/emoji.php\/v9\/t2d\/1\/16\/1f4cd.png\" alt=\"\ud83d\udccd\" width=\"16\" height=\"16\" \/>If the set is not available or you need a larger quantity, please contact us. <img decoding=\"async\" class=\"xz74otr\" src=\"https:\/\/static.xx.fbcdn.net\/images\/emoji.php\/v9\/t2d\/1\/16\/1f4cd.png\" alt=\"\ud83d\udccd\" width=\"16\" height=\"16\" \/><\/span><\/p>\n<div class=\"item\">\n<ul>\n<li class=\"text\">+370 672 44443<\/li>\n<\/ul>\n<\/div>\n<div class=\"item\">\n<ul>\n<li class=\"text\">info@bitessiulai.lt<\/li>\n<\/ul>\n<p>*The YarnArt Thread Set shown on screen may differ slightly from the actual thread color.<\/p>\n<\/div>\n<div dir=\"auto\"><\/div>\n<div dir=\"auto\"><\/div>\n<div dir=\"auto\"><\/div>","protected":false},"excerpt":{"rendered":"<p>YarnArt Si\u016bl\u0173 rinkinukas\u00a0: YarnArt Vista 4vnt. YarnArt Piuma 2vnt. YarnArt Vista (Spalva: 5319) Sud\u0117tis: 25% vilna, 75% akrilas Svoris\/ilgis: 100 g.= ma\u017edaug 280 m. Rekomenduojamas virbal\u0173 dydis: 4 mm. Rekomenduojamas va\u0161elio dydis: 4 mm. Kaina 2,50\u20ac YarnArt Piuma (Spalva: 4402) Sud\u0117tis: 100% poliesteris Svoris\/ilgis: 50 g.= ma\u017edaug 100 m. Rekomenduojamas virbal\u0173 dydis: 5 mm. Rekomenduojamas va\u0161elio dydis: 5 mm. Kaina 1,50\u20ac YarnArt Piuma (Spalva: 4408) Sud\u0117tis: 100% poliesteris Svoris\/ilgis: 50 g.= ma\u017edaug 100 m. Rekomenduojamas virbal\u0173 dydis: 5 mm. Rekomenduojamas va\u0161elio dydis: 5 mm. Kaina 1,50\u20ac &nbsp; Jeigu prekyboje rinkinio n\u0117ra arba reikalingas didesnis kiekis, susiekite su Mumis +370 672 44443 info@bitessiulai.lt *Ekrane matomas YarnArt Si\u016bl\u0173 rinkinys gali \u0161iek tiek skirtis nuo tikrosios si\u016bl\u0173 spalvos.<\/p>","protected":false},"featured_media":4691,"comment_status":"open","ping_status":"closed","template":"","meta":[],"product_brand":[],"product_cat":[176,3566],"product_tag":[],"giftcard-category":[],"class_list":{"0":"post-4690","1":"product","2":"type-product","3":"status-publish","4":"has-post-thumbnail","6":"product_cat-siulu-rinkinukai","7":"product_cat-rinkinukai-su-yarnart-vista","9":"first","10":"outofstock","11":"taxable","12":"shipping-taxable","13":"purchasable","14":"product-type-simple"},"_links":{"self":[{"href":"https:\/\/bitessiulai.lt\/en\/wp-json\/wp\/v2\/product\/4690","targetHints":{"allow":["GET"]}}],"collection":[{"href":"https:\/\/bitessiulai.lt\/en\/wp-json\/wp\/v2\/product"}],"about":[{"href":"https:\/\/bitessiulai.lt\/en\/wp-json\/wp\/v2\/types\/product"}],"replies":[{"embeddable":true,"href":"https:\/\/bitessiulai.lt\/en\/wp-json\/wp\/v2\/comments?post=4690"}],"version-history":[{"count":0,"href":"https:\/\/bitessiulai.lt\/en\/wp-json\/wp\/v2\/product\/4690\/revisions"}],"wp:featuredmedia":[{"embeddable":true,"href":"https:\/\/bitessiulai.lt\/en\/wp-json\/wp\/v2\/media\/4691"}],"wp:attachment":[{"href":"https:\/\/bitessiulai.lt\/en\/wp-json\/wp\/v2\/media?parent=4690"}],"wp:term":[{"taxonomy":"product_brand","embeddable":true,"href":"https:\/\/bitessiulai.lt\/en\/wp-json\/wp\/v2\/product_brand?post=4690"},{"taxonomy":"product_cat","embeddable":true,"href":"https:\/\/bitessiulai.lt\/en\/wp-json\/wp\/v2\/product_cat?post=4690"},{"taxonomy":"product_tag","embeddable":true,"href":"https:\/\/bitessiulai.lt\/en\/wp-json\/wp\/v2\/product_tag?post=4690"},{"taxonomy":"giftcard-category","embeddable":true,"href":"https:\/\/bitessiulai.lt\/en\/wp-json\/wp\/v2\/giftcard-category?post=4690"}],"curies":[{"name":"wp","href":"https:\/\/api.w.org\/{rel}","templated":true}]}}