{"id":4475,"date":"2024-12-19T15:22:03","date_gmt":"2024-12-19T13:22:03","guid":{"rendered":"https:\/\/bitessiulai.lt\/?post_type=product&#038;p=4475"},"modified":"2025-04-28T13:59:31","modified_gmt":"2025-04-28T10:59:31","slug":"125-cm-koshitsu-curves-first-set-seeknit-prisukamu-bambuko-virbalu-rinkinys","status":"publish","type":"product","link":"https:\/\/bitessiulai.lt\/en\/product\/125-cm-koshitsu-curves-first-set-seeknit-prisukamu-bambuko-virbalu-rinkinys\/","title":{"rendered":"12.5 cm. Koshitsu Curves First Set Seeknit Screw-in Bamboo Knitting Needles"},"content":{"rendered":"<h6><strong>12.5 cm. Koshitsu Curves First Set Seeknit Screw-in Bamboo Knitting Needles<\/strong><\/h6>\n<p id=\"tw-target-text\" class=\"tw-data-text tw-text-large tw-ta\" dir=\"ltr\" data-placeholder=\"Vertimas\" data-ved=\"2ahUKEwj16fbpw52LAxW8R_EDHRD_ECsQ3ewLegQICBAV\" aria-label=\"Translated text: Seeknit is Japan&#039;s oldest manufacturer of bamboo knitting needles. It is an old family-owned factory with a proud tradition of craftsmanship and quality. Only carefully selected strong Japanese bamboo from special plantations in the Nara area is used. Koshitshu is an ancient herbal bath and heat treatment that makes the strong bamboo even stronger. Koshitsu provides a harder and more durable surface that at the same time has the natural soft feel of bamboo.\"><span class=\"Y2IQFc\" lang=\"lt\"><strong>Seeknit<\/strong> is the oldest manufacturer of bamboo knitting needles in Japan. It is an old family-owned factory, strong in craftsmanship and quality. Only carefully selected strong Japanese bamboo from special plantations in the Nara area is used. <\/span><\/p>\n<p class=\"tw-data-text tw-text-large tw-ta\" dir=\"ltr\" data-placeholder=\"Vertimas\" data-ved=\"2ahUKEwj16fbpw52LAxW8R_EDHRD_ECsQ3ewLegQICBAV\" aria-label=\"Translated text: Seeknit is Japan&#039;s oldest manufacturer of bamboo knitting needles. It is an old family-owned factory with a proud tradition of craftsmanship and quality. Only carefully selected strong Japanese bamboo from special plantations in the Nara area is used. Koshitshu is an ancient herbal bath and heat treatment that makes the strong bamboo even stronger. Koshitsu provides a harder and more durable surface that at the same time has the natural soft feel of bamboo.\"><span class=\"Y2IQFc\" lang=\"lt\"><strong>Koshitshu<\/strong> is an ancient herbal bath and heat treatment that makes strong bamboo even stronger. Koshitsu provides a harder and more durable surface that at the same time has the natural soft feel of bamboo.<\/span><\/p>\n<p><strong>Seeknit Curve<\/strong> \u2013 this is a refined and updated collection that will also go perfectly with the screw-on accessories from the regular Seeknit knitting needles collection.<\/p>\n<p>The new one <strong>Seeknit Curve<\/strong> The collection features an exceptionally smooth transition from the needle to the line. The sleek, shaped, smooth shape of the needles allows the yarn to glide easily over the surface of the needles, making the already enjoyable knitting even more enjoyable.<\/p>\n<p><b>The set includes:<\/b><\/p>\n<ul>\n<li><strong>8 screw-in bamboo skewers, 12.5cm long<\/strong> (2.75mm., 3.00mm., 3.25mm., 3.50mm., 3.75mm., 4.00mm., 4.50mm., 5.00mm.)<\/li>\n<li><strong>6pcs. screw-in lines\u00a0<\/strong>(M1.8\/M2 \u2013 35cm., 55cm., 75cm.)<\/li>\n<li><strong>2 pairs of brakes\u00a0<\/strong>(M1.8, M2)<\/li>\n<li><strong>2 rope connectors\u00a0<\/strong>(M1.8, M2)<\/li>\n<\/ul>\n<p><img fetchpriority=\"high\" decoding=\"async\" class=\"alignnone size-medium wp-image-4480\" src=\"https:\/\/bitessiulai.lt\/wp-content\/uploads\/2024\/12\/Seeknit-Curve-Koshitsu-IC-Needle-Tips-15-cm-6inch-1-300x210.jpg\" alt=\"\" width=\"300\" height=\"210\" srcset=\"https:\/\/bitessiulai.lt\/wp-content\/uploads\/2024\/12\/Seeknit-Curve-Koshitsu-IC-Needle-Tips-15-cm-6inch-1-300x210.jpg 300w, https:\/\/bitessiulai.lt\/wp-content\/uploads\/2024\/12\/Seeknit-Curve-Koshitsu-IC-Needle-Tips-15-cm-6inch-1-1024x717.jpg 1024w, https:\/\/bitessiulai.lt\/wp-content\/uploads\/2024\/12\/Seeknit-Curve-Koshitsu-IC-Needle-Tips-15-cm-6inch-1-768x538.jpg 768w, https:\/\/bitessiulai.lt\/wp-content\/uploads\/2024\/12\/Seeknit-Curve-Koshitsu-IC-Needle-Tips-15-cm-6inch-1-1536x1075.jpg 1536w, https:\/\/bitessiulai.lt\/wp-content\/uploads\/2024\/12\/Seeknit-Curve-Koshitsu-IC-Needle-Tips-15-cm-6inch-1-18x12.jpg 18w, https:\/\/bitessiulai.lt\/wp-content\/uploads\/2024\/12\/Seeknit-Curve-Koshitsu-IC-Needle-Tips-15-cm-6inch-1-600x420.jpg 600w, https:\/\/bitessiulai.lt\/wp-content\/uploads\/2024\/12\/Seeknit-Curve-Koshitsu-IC-Needle-Tips-15-cm-6inch-1-150x105.jpg 150w, https:\/\/bitessiulai.lt\/wp-content\/uploads\/2024\/12\/Seeknit-Curve-Koshitsu-IC-Needle-Tips-15-cm-6inch-1.jpg 2000w\" sizes=\"(max-width: 300px) 100vw, 300px\" \/><\/p>\n<p><img decoding=\"async\" class=\"alignnone size-medium wp-image-4479\" src=\"https:\/\/bitessiulai.lt\/wp-content\/uploads\/2024\/12\/Seeknit-Curve_Interchangeabale-Cords-with-Stainless-metal-fitting_-Image-3A-1-1-300x200.jpg\" alt=\"\" width=\"300\" height=\"200\" srcset=\"https:\/\/bitessiulai.lt\/wp-content\/uploads\/2024\/12\/Seeknit-Curve_Interchangeabale-Cords-with-Stainless-metal-fitting_-Image-3A-1-1-300x200.jpg 300w, https:\/\/bitessiulai.lt\/wp-content\/uploads\/2024\/12\/Seeknit-Curve_Interchangeabale-Cords-with-Stainless-metal-fitting_-Image-3A-1-1-1024x684.jpg 1024w, https:\/\/bitessiulai.lt\/wp-content\/uploads\/2024\/12\/Seeknit-Curve_Interchangeabale-Cords-with-Stainless-metal-fitting_-Image-3A-1-1-768x513.jpg 768w, https:\/\/bitessiulai.lt\/wp-content\/uploads\/2024\/12\/Seeknit-Curve_Interchangeabale-Cords-with-Stainless-metal-fitting_-Image-3A-1-1-18x12.jpg 18w, https:\/\/bitessiulai.lt\/wp-content\/uploads\/2024\/12\/Seeknit-Curve_Interchangeabale-Cords-with-Stainless-metal-fitting_-Image-3A-1-1-600x401.jpg 600w, https:\/\/bitessiulai.lt\/wp-content\/uploads\/2024\/12\/Seeknit-Curve_Interchangeabale-Cords-with-Stainless-metal-fitting_-Image-3A-1-1-150x100.jpg 150w, https:\/\/bitessiulai.lt\/wp-content\/uploads\/2024\/12\/Seeknit-Curve_Interchangeabale-Cords-with-Stainless-metal-fitting_-Image-3A-1-1.jpg 1486w\" sizes=\"(max-width: 300px) 100vw, 300px\" \/><\/p>\n<p>&nbsp;<\/p>\n<p><img decoding=\"async\" class=\"alignnone size-medium wp-image-4477\" src=\"https:\/\/bitessiulai.lt\/wp-content\/uploads\/2024\/12\/cf4be893077fbb8e101da743cad33d7a-300x200.jpg\" alt=\"\" width=\"300\" height=\"200\" srcset=\"https:\/\/bitessiulai.lt\/wp-content\/uploads\/2024\/12\/cf4be893077fbb8e101da743cad33d7a-300x200.jpg 300w, https:\/\/bitessiulai.lt\/wp-content\/uploads\/2024\/12\/cf4be893077fbb8e101da743cad33d7a-1024x682.jpg 1024w, https:\/\/bitessiulai.lt\/wp-content\/uploads\/2024\/12\/cf4be893077fbb8e101da743cad33d7a-768x512.jpg 768w, https:\/\/bitessiulai.lt\/wp-content\/uploads\/2024\/12\/cf4be893077fbb8e101da743cad33d7a-1536x1024.jpg 1536w, https:\/\/bitessiulai.lt\/wp-content\/uploads\/2024\/12\/cf4be893077fbb8e101da743cad33d7a-18x12.jpg 18w, https:\/\/bitessiulai.lt\/wp-content\/uploads\/2024\/12\/cf4be893077fbb8e101da743cad33d7a-600x400.jpg 600w, https:\/\/bitessiulai.lt\/wp-content\/uploads\/2024\/12\/cf4be893077fbb8e101da743cad33d7a-150x100.jpg 150w, https:\/\/bitessiulai.lt\/wp-content\/uploads\/2024\/12\/cf4be893077fbb8e101da743cad33d7a.jpg 2000w\" sizes=\"(max-width: 300px) 100vw, 300px\" \/><\/p>\n<p><img loading=\"lazy\" decoding=\"async\" class=\"alignnone size-medium wp-image-4476\" src=\"https:\/\/bitessiulai.lt\/wp-content\/uploads\/2024\/12\/3098e29e88b5a6c66563048fd0c59cf8-300x200.jpg\" alt=\"\" width=\"300\" height=\"200\" srcset=\"https:\/\/bitessiulai.lt\/wp-content\/uploads\/2024\/12\/3098e29e88b5a6c66563048fd0c59cf8-300x200.jpg 300w, https:\/\/bitessiulai.lt\/wp-content\/uploads\/2024\/12\/3098e29e88b5a6c66563048fd0c59cf8-1024x682.jpg 1024w, https:\/\/bitessiulai.lt\/wp-content\/uploads\/2024\/12\/3098e29e88b5a6c66563048fd0c59cf8-768x512.jpg 768w, https:\/\/bitessiulai.lt\/wp-content\/uploads\/2024\/12\/3098e29e88b5a6c66563048fd0c59cf8-1536x1024.jpg 1536w, https:\/\/bitessiulai.lt\/wp-content\/uploads\/2024\/12\/3098e29e88b5a6c66563048fd0c59cf8-18x12.jpg 18w, https:\/\/bitessiulai.lt\/wp-content\/uploads\/2024\/12\/3098e29e88b5a6c66563048fd0c59cf8-600x400.jpg 600w, https:\/\/bitessiulai.lt\/wp-content\/uploads\/2024\/12\/3098e29e88b5a6c66563048fd0c59cf8-150x100.jpg 150w, https:\/\/bitessiulai.lt\/wp-content\/uploads\/2024\/12\/3098e29e88b5a6c66563048fd0c59cf8.jpg 2000w\" sizes=\"(max-width: 300px) 100vw, 300px\" \/><\/p>\n<p><img loading=\"lazy\" decoding=\"async\" class=\"alignnone size-medium wp-image-4478\" src=\"https:\/\/bitessiulai.lt\/wp-content\/uploads\/2024\/12\/IMG_1591-300x200.jpg\" alt=\"\" width=\"300\" height=\"200\" srcset=\"https:\/\/bitessiulai.lt\/wp-content\/uploads\/2024\/12\/IMG_1591-300x200.jpg 300w, https:\/\/bitessiulai.lt\/wp-content\/uploads\/2024\/12\/IMG_1591-1024x682.jpg 1024w, https:\/\/bitessiulai.lt\/wp-content\/uploads\/2024\/12\/IMG_1591-768x512.jpg 768w, https:\/\/bitessiulai.lt\/wp-content\/uploads\/2024\/12\/IMG_1591-1536x1024.jpg 1536w, https:\/\/bitessiulai.lt\/wp-content\/uploads\/2024\/12\/IMG_1591-18x12.jpg 18w, https:\/\/bitessiulai.lt\/wp-content\/uploads\/2024\/12\/IMG_1591-600x400.jpg 600w, https:\/\/bitessiulai.lt\/wp-content\/uploads\/2024\/12\/IMG_1591-150x100.jpg 150w, https:\/\/bitessiulai.lt\/wp-content\/uploads\/2024\/12\/IMG_1591.jpg 2000w\" sizes=\"(max-width: 300px) 100vw, 300px\" \/><\/p>","protected":false},"excerpt":{"rendered":"<p>12,5 cm. Koshitsu Curves First Set Seeknit prisukam\u0173 bambuko virbal\u0173 rinkinys Seeknit yra seniausias Japonijos bambuko mezgimo virbal\u0173 gamintojas. Tai sena \u0161eimai priklausanti gamykla, stiprus meistri\u0161kumas ir kokyb\u0117. Naudojamas tik kruop\u0161\u010diai atrinktas stiprus japoni\u0161kas bambukas i\u0161 speciali\u0173 plantacij\u0173 Naros apylink\u0117se. Koshitshu yra senovin\u0117 \u017eoleli\u0173 vonia ir terminis apdorojimas, d\u0117l kurio stiprus bambukas tampa dar stipresnis. Koshitsu suteikia kietesn\u012f ir tvirtesn\u012f pavir\u0161i\u0173, kuris tuo pat metu turi nat\u016bral\u0173 mink\u0161t\u0105 bambuko poj\u016bt\u012f. Seeknit Curve \u2013 tai i\u0161tobulinta ir atnaujinta kolekcija, kuri puikiai tiks ir prie \u012fprastos Seeknit virbal\u0173 kolekcijos prisukam\u0173 pried\u0173. Naujoji Seeknit Curve kolekcija pasi\u017eymi ypatingai \u0161velniu per\u0117jimu nuo virbalo link valo. Aptaki, i\u0161formuota, i\u0161gludinta virbal\u0173 forma leid\u017eia lengvai si\u016blams slysti virbal\u0173 pavir\u0161iumi, o ir taip malonus mezgimas tampa dar malonesnis. Rinkin\u012f sudaro: 12,5cm. ilgio 8 prisukami bambuko virbalai (2.75mm., 3.00mm., 3.25mm., 3.50mm., 3.75mm., 4.00mm., 4.50mm., 5.00mm.) 6vnt. prisukami valai\u00a0(M1.8\/M2 &#8211; 35cm., 55cm., 75cm.) 2 poros stabd\u017ei\u0173\u00a0(M1.8, M2) 2 val\u0173 sujung\u0117jai\u00a0(M1.8, M2) &nbsp;<\/p>","protected":false},"featured_media":4474,"comment_status":"open","ping_status":"closed","template":"","meta":[],"product_brand":[],"product_cat":[180,2439,181],"product_tag":[],"giftcard-category":[],"class_list":{"0":"post-4475","1":"product","2":"type-product","3":"status-publish","4":"has-post-thumbnail","6":"product_cat-mezgimo-priemones","7":"product_cat-seeknit-mezgimo-priemoniu-gamintojai","8":"product_cat-virbalu-rinkiniai","10":"first","11":"instock","12":"taxable","13":"shipping-taxable","14":"purchasable","15":"product-type-variable"},"_links":{"self":[{"href":"https:\/\/bitessiulai.lt\/en\/wp-json\/wp\/v2\/product\/4475","targetHints":{"allow":["GET"]}}],"collection":[{"href":"https:\/\/bitessiulai.lt\/en\/wp-json\/wp\/v2\/product"}],"about":[{"href":"https:\/\/bitessiulai.lt\/en\/wp-json\/wp\/v2\/types\/product"}],"replies":[{"embeddable":true,"href":"https:\/\/bitessiulai.lt\/en\/wp-json\/wp\/v2\/comments?post=4475"}],"version-history":[{"count":0,"href":"https:\/\/bitessiulai.lt\/en\/wp-json\/wp\/v2\/product\/4475\/revisions"}],"wp:featuredmedia":[{"embeddable":true,"href":"https:\/\/bitessiulai.lt\/en\/wp-json\/wp\/v2\/media\/4474"}],"wp:attachment":[{"href":"https:\/\/bitessiulai.lt\/en\/wp-json\/wp\/v2\/media?parent=4475"}],"wp:term":[{"taxonomy":"product_brand","embeddable":true,"href":"https:\/\/bitessiulai.lt\/en\/wp-json\/wp\/v2\/product_brand?post=4475"},{"taxonomy":"product_cat","embeddable":true,"href":"https:\/\/bitessiulai.lt\/en\/wp-json\/wp\/v2\/product_cat?post=4475"},{"taxonomy":"product_tag","embeddable":true,"href":"https:\/\/bitessiulai.lt\/en\/wp-json\/wp\/v2\/product_tag?post=4475"},{"taxonomy":"giftcard-category","embeddable":true,"href":"https:\/\/bitessiulai.lt\/en\/wp-json\/wp\/v2\/giftcard-category?post=4475"}],"curies":[{"name":"wp","href":"https:\/\/api.w.org\/{rel}","templated":true}]}}