{"id":4416,"date":"2024-12-19T14:40:02","date_gmt":"2024-12-19T12:40:02","guid":{"rendered":"https:\/\/bitessiulai.lt\/?post_type=product&#038;p=4416"},"modified":"2026-05-04T06:43:45","modified_gmt":"2026-05-04T03:43:45","slug":"60-cm-shirotake-seeknit-virbalai-su-valu","status":"publish","type":"product","link":"https:\/\/bitessiulai.lt\/en\/product\/60-cm-shirotake-seeknit-virbalai-su-valu\/","title":{"rendered":"60 cm. Shirotake Seeknit needles with line"},"content":{"rendered":"<h6><strong>60 cm. Shirotake Seeknit needles with line<\/strong><\/h6>\n<p>The knitting needles in the Shirotake product line are made from naturally colored and sustainable bamboo.<\/p>\n<p><strong>Shirotake Seeknit needles with line<\/strong> polished with natural vegetable wax, which gives them a beautiful shine. <strong>Seeknit<\/strong>\u00a0The size of the rods is clearly visible and laser-etched on each rod. All Seeknit rods have a highly flexible line that prevents twisting or tangling.<\/p>\n<p><img fetchpriority=\"high\" decoding=\"async\" class=\"alignnone size-medium wp-image-4281\" src=\"https:\/\/bitessiulai.lt\/wp-content\/uploads\/2024\/12\/Circular-Needles_Shirotake_100cm_2021-3-9png-1-300x193.jpg\" alt=\"\" width=\"300\" height=\"193\" srcset=\"https:\/\/bitessiulai.lt\/wp-content\/uploads\/2024\/12\/Circular-Needles_Shirotake_100cm_2021-3-9png-1-300x193.jpg 300w, https:\/\/bitessiulai.lt\/wp-content\/uploads\/2024\/12\/Circular-Needles_Shirotake_100cm_2021-3-9png-1-1024x658.jpg 1024w, https:\/\/bitessiulai.lt\/wp-content\/uploads\/2024\/12\/Circular-Needles_Shirotake_100cm_2021-3-9png-1-768x493.jpg 768w, https:\/\/bitessiulai.lt\/wp-content\/uploads\/2024\/12\/Circular-Needles_Shirotake_100cm_2021-3-9png-1-18x12.jpg 18w, https:\/\/bitessiulai.lt\/wp-content\/uploads\/2024\/12\/Circular-Needles_Shirotake_100cm_2021-3-9png-1-600x385.jpg 600w, https:\/\/bitessiulai.lt\/wp-content\/uploads\/2024\/12\/Circular-Needles_Shirotake_100cm_2021-3-9png-1-150x96.jpg 150w, https:\/\/bitessiulai.lt\/wp-content\/uploads\/2024\/12\/Circular-Needles_Shirotake_100cm_2021-3-9png-1.jpg 1292w\" sizes=\"(max-width: 300px) 100vw, 300px\" \/><\/p>","protected":false},"excerpt":{"rendered":"<p>60 cm. Shirotake Seeknit virbalai su valu \u201eShirotake\u201c gamini\u0173 linijos mezgimo virbalai yra pagaminti i\u0161 nat\u016bralios spalvos ir tvaraus bambuko. Shirotake Seeknit virbalai su valu nupoliruoti nat\u016braliu augaliniu va\u0161ku, kuris suteikia jiems gra\u017e\u0173 blizg\u0117jim\u0105. \u201eSeeknit\u201c\u00a0virbal\u0173 dydis ai\u0161kiai matomas ir lazeriu \u012fspaustas ant kiekvieno virbalo. Visi Seeknit virbalai turi itin lankst\u0173 val\u0105, kuris neleid\u017eia susisukti ar susipainioti.<\/p>","protected":false},"featured_media":4280,"comment_status":"open","ping_status":"closed","template":"","meta":[],"product_brand":[],"product_cat":[180,2439,183],"product_tag":[],"giftcard-category":[],"class_list":{"0":"post-4416","1":"product","2":"type-product","3":"status-publish","4":"has-post-thumbnail","6":"product_cat-mezgimo-priemones","7":"product_cat-seeknit-mezgimo-priemoniu-gamintojai","8":"product_cat-virbalai-su-valu","10":"first","11":"instock","12":"taxable","13":"shipping-taxable","14":"purchasable","15":"product-type-variable"},"_links":{"self":[{"href":"https:\/\/bitessiulai.lt\/en\/wp-json\/wp\/v2\/product\/4416","targetHints":{"allow":["GET"]}}],"collection":[{"href":"https:\/\/bitessiulai.lt\/en\/wp-json\/wp\/v2\/product"}],"about":[{"href":"https:\/\/bitessiulai.lt\/en\/wp-json\/wp\/v2\/types\/product"}],"replies":[{"embeddable":true,"href":"https:\/\/bitessiulai.lt\/en\/wp-json\/wp\/v2\/comments?post=4416"}],"version-history":[{"count":1,"href":"https:\/\/bitessiulai.lt\/en\/wp-json\/wp\/v2\/product\/4416\/revisions"}],"predecessor-version":[{"id":20989,"href":"https:\/\/bitessiulai.lt\/en\/wp-json\/wp\/v2\/product\/4416\/revisions\/20989"}],"wp:featuredmedia":[{"embeddable":true,"href":"https:\/\/bitessiulai.lt\/en\/wp-json\/wp\/v2\/media\/4280"}],"wp:attachment":[{"href":"https:\/\/bitessiulai.lt\/en\/wp-json\/wp\/v2\/media?parent=4416"}],"wp:term":[{"taxonomy":"product_brand","embeddable":true,"href":"https:\/\/bitessiulai.lt\/en\/wp-json\/wp\/v2\/product_brand?post=4416"},{"taxonomy":"product_cat","embeddable":true,"href":"https:\/\/bitessiulai.lt\/en\/wp-json\/wp\/v2\/product_cat?post=4416"},{"taxonomy":"product_tag","embeddable":true,"href":"https:\/\/bitessiulai.lt\/en\/wp-json\/wp\/v2\/product_tag?post=4416"},{"taxonomy":"giftcard-category","embeddable":true,"href":"https:\/\/bitessiulai.lt\/en\/wp-json\/wp\/v2\/giftcard-category?post=4416"}],"curies":[{"name":"wp","href":"https:\/\/api.w.org\/{rel}","templated":true}]}}