{"id":4202,"date":"2024-12-19T10:52:14","date_gmt":"2024-12-19T08:52:14","guid":{"rendered":"https:\/\/bitessiulai.lt\/?post_type=product&#038;p=4202"},"modified":"2025-10-09T18:14:59","modified_gmt":"2025-10-09T15:14:59","slug":"125cm-koshitsu-seeknit-curve-bambuko-prisukamu-virbalu-rinkinys","status":"publish","type":"product","link":"https:\/\/bitessiulai.lt\/en\/product\/125cm-koshitsu-seeknit-curve-bambuko-prisukamu-virbalu-rinkinys\/","title":{"rendered":"12.5cm. Koshitsu Seeknit CURVE bamboo screw-in knitting needles set"},"content":{"rendered":"<p>&nbsp;<\/p>\n<h1><strong>12.5cm. Koshitsu Seeknit CURVE bamboo screw-in knitting needles set<\/strong><\/h1>\n<p><strong>The size S set includes:<\/strong><\/p>\n<ul>\n<li>4 screw-in bamboo skewers, 12.5cm long \u2013 (M1.8 type 2.50mm., 2.75mm., 3.00mm., 3.25mm.)<\/li>\n<li>3 pcs. screw-on lines (M1.8 type 35cm., 55cm., 75cm.)<\/li>\n<li>1 pc. connector<\/li>\n<li>2 pcs. brakes<\/li>\n<\/ul>\n<p><strong>The M size set includes:<\/strong><\/p>\n<ul>\n<li>4 screw-in bamboo skewers, 12.5cm long \u2013 (M2 type 3.50mm., 4.00mm., 4.50mm., 5.00mm.)<\/li>\n<li>3 pcs. screw-in lines (M2 type 35cm., 55cm., 75cm.)<\/li>\n<li>1 pc. connector<\/li>\n<li>2 pcs. brakes<\/li>\n<\/ul>\n<p><img fetchpriority=\"high\" decoding=\"async\" class=\"alignnone size-medium wp-image-4050\" src=\"https:\/\/bitessiulai.lt\/wp-content\/uploads\/2024\/12\/Seeknit-Curve-Koshitsu_IC-Needles-and-Stoppers_Image-300x200.jpg\" alt=\"\" width=\"300\" height=\"200\" srcset=\"https:\/\/bitessiulai.lt\/wp-content\/uploads\/2024\/12\/Seeknit-Curve-Koshitsu_IC-Needles-and-Stoppers_Image-300x200.jpg 300w, https:\/\/bitessiulai.lt\/wp-content\/uploads\/2024\/12\/Seeknit-Curve-Koshitsu_IC-Needles-and-Stoppers_Image-1024x682.jpg 1024w, https:\/\/bitessiulai.lt\/wp-content\/uploads\/2024\/12\/Seeknit-Curve-Koshitsu_IC-Needles-and-Stoppers_Image-768x512.jpg 768w, https:\/\/bitessiulai.lt\/wp-content\/uploads\/2024\/12\/Seeknit-Curve-Koshitsu_IC-Needles-and-Stoppers_Image-1536x1024.jpg 1536w, https:\/\/bitessiulai.lt\/wp-content\/uploads\/2024\/12\/Seeknit-Curve-Koshitsu_IC-Needles-and-Stoppers_Image-18x12.jpg 18w, https:\/\/bitessiulai.lt\/wp-content\/uploads\/2024\/12\/Seeknit-Curve-Koshitsu_IC-Needles-and-Stoppers_Image-600x400.jpg 600w, https:\/\/bitessiulai.lt\/wp-content\/uploads\/2024\/12\/Seeknit-Curve-Koshitsu_IC-Needles-and-Stoppers_Image-150x100.jpg 150w, https:\/\/bitessiulai.lt\/wp-content\/uploads\/2024\/12\/Seeknit-Curve-Koshitsu_IC-Needles-and-Stoppers_Image.jpg 2000w\" sizes=\"(max-width: 300px) 100vw, 300px\" \/><\/p>\n<p><img decoding=\"async\" class=\"alignnone size-medium wp-image-4048\" src=\"https:\/\/bitessiulai.lt\/wp-content\/uploads\/2024\/12\/Seeknit-Curve-Koshitsu-IC-Needle-Tips-10-cm-4inch_Small-768x551-1-300x215.jpg\" alt=\"\" width=\"300\" height=\"215\" srcset=\"https:\/\/bitessiulai.lt\/wp-content\/uploads\/2024\/12\/Seeknit-Curve-Koshitsu-IC-Needle-Tips-10-cm-4inch_Small-768x551-1-300x215.jpg 300w, https:\/\/bitessiulai.lt\/wp-content\/uploads\/2024\/12\/Seeknit-Curve-Koshitsu-IC-Needle-Tips-10-cm-4inch_Small-768x551-1-18x12.jpg 18w, https:\/\/bitessiulai.lt\/wp-content\/uploads\/2024\/12\/Seeknit-Curve-Koshitsu-IC-Needle-Tips-10-cm-4inch_Small-768x551-1-600x430.jpg 600w, https:\/\/bitessiulai.lt\/wp-content\/uploads\/2024\/12\/Seeknit-Curve-Koshitsu-IC-Needle-Tips-10-cm-4inch_Small-768x551-1-150x108.jpg 150w, https:\/\/bitessiulai.lt\/wp-content\/uploads\/2024\/12\/Seeknit-Curve-Koshitsu-IC-Needle-Tips-10-cm-4inch_Small-768x551-1.jpg 768w\" sizes=\"(max-width: 300px) 100vw, 300px\" \/><\/p>","protected":false},"excerpt":{"rendered":"<p>&nbsp; 12,5cm. Koshitsu Seeknit CURVE bambuko prisukam\u0173 virbal\u0173 rinkinys S dyd\u017eio rinkin\u012f sudaro: 12,5cm. ilgio 4 prisukami bambuko virbalai &#8211; (M1.8 tipo 2.50mm., 2.75mm., 3.00mm., 3.25mm.) 3 vnt. prisukami valai (M1.8 tipo 35cm., 55cm., 75cm.) 1 vnt. sujung\u0117jas 2 vnt. stabd\u017eiukai M dyd\u017eio rink\u012f sudaro: 12,5cm. ilgio 4 prisukami bambuko virbalai &#8211; (M2 tipo 3.50mm., 4.00mm., 4.50mm., 5.00mm.) 3 vnt. prisukami valai (M2 tipo 35cm., 55cm., 75cm.) 1 vnt. sujung\u0117jas 2 vnt. stabd\u017eiukai<\/p>","protected":false},"featured_media":4056,"comment_status":"open","ping_status":"closed","template":"","meta":[],"product_brand":[],"product_cat":[180,2439,181],"product_tag":[],"giftcard-category":[],"class_list":{"0":"post-4202","1":"product","2":"type-product","3":"status-publish","4":"has-post-thumbnail","6":"product_cat-mezgimo-priemones","7":"product_cat-seeknit-mezgimo-priemoniu-gamintojai","8":"product_cat-virbalu-rinkiniai","10":"first","11":"instock","12":"taxable","13":"shipping-taxable","14":"purchasable","15":"product-type-variable"},"_links":{"self":[{"href":"https:\/\/bitessiulai.lt\/en\/wp-json\/wp\/v2\/product\/4202","targetHints":{"allow":["GET"]}}],"collection":[{"href":"https:\/\/bitessiulai.lt\/en\/wp-json\/wp\/v2\/product"}],"about":[{"href":"https:\/\/bitessiulai.lt\/en\/wp-json\/wp\/v2\/types\/product"}],"replies":[{"embeddable":true,"href":"https:\/\/bitessiulai.lt\/en\/wp-json\/wp\/v2\/comments?post=4202"}],"version-history":[{"count":0,"href":"https:\/\/bitessiulai.lt\/en\/wp-json\/wp\/v2\/product\/4202\/revisions"}],"wp:featuredmedia":[{"embeddable":true,"href":"https:\/\/bitessiulai.lt\/en\/wp-json\/wp\/v2\/media\/4056"}],"wp:attachment":[{"href":"https:\/\/bitessiulai.lt\/en\/wp-json\/wp\/v2\/media?parent=4202"}],"wp:term":[{"taxonomy":"product_brand","embeddable":true,"href":"https:\/\/bitessiulai.lt\/en\/wp-json\/wp\/v2\/product_brand?post=4202"},{"taxonomy":"product_cat","embeddable":true,"href":"https:\/\/bitessiulai.lt\/en\/wp-json\/wp\/v2\/product_cat?post=4202"},{"taxonomy":"product_tag","embeddable":true,"href":"https:\/\/bitessiulai.lt\/en\/wp-json\/wp\/v2\/product_tag?post=4202"},{"taxonomy":"giftcard-category","embeddable":true,"href":"https:\/\/bitessiulai.lt\/en\/wp-json\/wp\/v2\/giftcard-category?post=4202"}],"curies":[{"name":"wp","href":"https:\/\/api.w.org\/{rel}","templated":true}]}}