{"id":3856,"date":"2024-12-18T12:31:51","date_gmt":"2024-12-18T10:31:51","guid":{"rendered":"https:\/\/bitessiulai.lt\/?post_type=product&#038;p=3856"},"modified":"2026-01-27T09:56:29","modified_gmt":"2026-01-27T07:56:29","slug":"30cm-seeknit-shirotake-ilgi-bambuko-virbalai","status":"publish","type":"product","link":"https:\/\/bitessiulai.lt\/en\/product\/30cm-seeknit-shirotake-ilgi-bambuko-virbalai\/","title":{"rendered":"30cm. Seeknit Shirotake long bamboo knitting needles"},"content":{"rendered":"<h6><strong>30cm. Seeknit Shirotake long bamboo knitting needles<\/strong><\/h6>\n<p>The knitting needles in the Shirotake product line are made from naturally colored and sustainable bamboo.<\/p>\n<p><strong>Shirotake Seeknit long bamboo knitting needles<\/strong> Polished with natural vegetable wax, which gives them a beautiful shine. The rods themselves are extremely strong and durable. They not only look beautiful, but are also very practical.<\/p>\n<p>&nbsp;<\/p>","protected":false},"excerpt":{"rendered":"<p>30cm. Seeknit Shirotake ilgi bambuko virbalai \u201eShirotake\u201c gamini\u0173 linijos mezgimo virbalai yra pagaminti i\u0161 nat\u016bralios spalvos ir tvaraus bambuko. Shirotake Seeknit ilgi bambuko virbalai nupoliruoti nat\u016braliu augaliniu va\u0161ku, kuris suteikia jiems gra\u017e\u0173 blizg\u0117jim\u0105. Patys virbalai be galo\u00a0tvirti\u00a0ir\u00a0atspar\u016bs. Jie ne tik gra\u017eiai atrodo, bet ir yra labai\u00a0prakti\u0161ki. &nbsp;<\/p>","protected":false},"featured_media":3980,"comment_status":"open","ping_status":"closed","template":"","meta":[],"product_brand":[],"product_cat":[182,180,2439],"product_tag":[],"giftcard-category":[],"class_list":{"0":"post-3856","1":"product","2":"type-product","3":"status-publish","4":"has-post-thumbnail","6":"product_cat-ilgi-tiesus-virbalai","7":"product_cat-mezgimo-priemones","8":"product_cat-seeknit-mezgimo-priemoniu-gamintojai","10":"first","11":"instock","12":"taxable","13":"shipping-taxable","14":"purchasable","15":"product-type-variable"},"_links":{"self":[{"href":"https:\/\/bitessiulai.lt\/en\/wp-json\/wp\/v2\/product\/3856","targetHints":{"allow":["GET"]}}],"collection":[{"href":"https:\/\/bitessiulai.lt\/en\/wp-json\/wp\/v2\/product"}],"about":[{"href":"https:\/\/bitessiulai.lt\/en\/wp-json\/wp\/v2\/types\/product"}],"replies":[{"embeddable":true,"href":"https:\/\/bitessiulai.lt\/en\/wp-json\/wp\/v2\/comments?post=3856"}],"version-history":[{"count":0,"href":"https:\/\/bitessiulai.lt\/en\/wp-json\/wp\/v2\/product\/3856\/revisions"}],"wp:featuredmedia":[{"embeddable":true,"href":"https:\/\/bitessiulai.lt\/en\/wp-json\/wp\/v2\/media\/3980"}],"wp:attachment":[{"href":"https:\/\/bitessiulai.lt\/en\/wp-json\/wp\/v2\/media?parent=3856"}],"wp:term":[{"taxonomy":"product_brand","embeddable":true,"href":"https:\/\/bitessiulai.lt\/en\/wp-json\/wp\/v2\/product_brand?post=3856"},{"taxonomy":"product_cat","embeddable":true,"href":"https:\/\/bitessiulai.lt\/en\/wp-json\/wp\/v2\/product_cat?post=3856"},{"taxonomy":"product_tag","embeddable":true,"href":"https:\/\/bitessiulai.lt\/en\/wp-json\/wp\/v2\/product_tag?post=3856"},{"taxonomy":"giftcard-category","embeddable":true,"href":"https:\/\/bitessiulai.lt\/en\/wp-json\/wp\/v2\/giftcard-category?post=3856"}],"curies":[{"name":"wp","href":"https:\/\/api.w.org\/{rel}","templated":true}]}}