{"id":25888,"date":"2026-05-06T12:35:47","date_gmt":"2026-05-06T09:35:47","guid":{"rendered":"https:\/\/bitessiulai.lt\/?post_type=product&#038;p=25888"},"modified":"2026-05-06T13:33:31","modified_gmt":"2026-05-06T10:33:31","slug":"knitpro-cherie-prisukamu-virbalu-rinkinys-13cm-limited-edition","status":"publish","type":"product","link":"https:\/\/bitessiulai.lt\/en\/product\/knitpro-cherie-prisukamu-virbalu-rinkinys-13cm-limited-edition\/","title":{"rendered":"KnitPro Cherie prisukam\u0173 virbal\u0173 rinkinys 13cm (Limited Edition)"},"content":{"rendered":"<p><strong>KnitPro Cherie prisukam\u0173 virbal\u0173 rinkinys 13cm (Limited Edition)<\/strong>\u00a0 \u2013 eleganti\u0161kas mezgimo virbal\u0173 rinkinys, sukurtas komfortui ir stiliui. Auk\u0161tos kokyb\u0117s laminuotos medienos virbalai su glotniais galiukais u\u017etikrina skland\u0173 mezgim\u0105, o besisukantys valai leid\u017eia dirbti be susisukim\u0173. Rinkinys pateikiamas stilingame d\u0117kle ir turi visus b\u016btinus priedus \u2013 tai puiki dovana kiekvienai mezg\u0117jai ar pa\u010diai sau.<\/p>\n<p><strong>The set includes:<\/strong><\/p>\n<ul>\n<li>10 por\u0173 13cm ilgio prisukam\u0173 virbal\u0173: 3.00, 3.50, 3.75, 4.00, 4.50, 5.00, 5.50, 6.00, 7.00 ir 8.00 mm<\/li>\n<li>4 Ultra Flex 360\u00b0 rotaciniai valai: 1 x 60 cm, 2 x 80 cm ir 1 x 100 cm<\/li>\n<li>6 juodi antgaliai<\/li>\n<li>3 rakteliai valams<\/li>\n<li>2 vilnos adatos<\/li>\n<li>2 juodi aki\u0173 laikikliai (ma\u017eas ir vidutinis)<\/li>\n<li>1 medinis taisymo kabliukas<\/li>\n<li>1 \u017eirkl\u0117s<\/li>\n<li>6 aki\u0173 \u017eymekliai<\/li>\n<\/ul>\n<p><img fetchpriority=\"high\" decoding=\"async\" class=\"alignnone size-medium wp-image-25892\" src=\"http:\/\/bitessiulai.lt\/wp-content\/uploads\/2026\/05\/ch_rie-5-300x300.webp\" alt=\"\" width=\"300\" height=\"300\" srcset=\"https:\/\/bitessiulai.lt\/wp-content\/uploads\/2026\/05\/ch_rie-5-300x300.webp 300w, https:\/\/bitessiulai.lt\/wp-content\/uploads\/2026\/05\/ch_rie-5-150x150.webp 150w, https:\/\/bitessiulai.lt\/wp-content\/uploads\/2026\/05\/ch_rie-5-768x768.webp 768w, https:\/\/bitessiulai.lt\/wp-content\/uploads\/2026\/05\/ch_rie-5-12x12.webp 12w, https:\/\/bitessiulai.lt\/wp-content\/uploads\/2026\/05\/ch_rie-5-600x600.webp 600w, https:\/\/bitessiulai.lt\/wp-content\/uploads\/2026\/05\/ch_rie-5.webp 800w\" sizes=\"(max-width: 300px) 100vw, 300px\" \/><\/p>","protected":false},"excerpt":{"rendered":"<p>KnitPro Cherie prisukam\u0173 virbal\u0173 rinkinys 13cm (Limited Edition)\u00a0 \u2013 eleganti\u0161kas mezgimo virbal\u0173 rinkinys, sukurtas komfortui ir stiliui. Auk\u0161tos kokyb\u0117s laminuotos medienos virbalai su glotniais galiukais u\u017etikrina skland\u0173 mezgim\u0105, o besisukantys valai leid\u017eia dirbti be susisukim\u0173. Rinkinys pateikiamas stilingame d\u0117kle ir turi visus b\u016btinus priedus \u2013 tai puiki dovana kiekvienai mezg\u0117jai ar pa\u010diai sau. Rinkin\u012f sudaro: 10 por\u0173 13cm ilgio prisukam\u0173 virbal\u0173: 3.00, 3.50, 3.75, 4.00, 4.50, 5.00, 5.50, 6.00, 7.00 ir 8.00 mm 4 Ultra Flex 360\u00b0 rotaciniai valai: 1 x 60 cm, 2 x 80 cm ir 1 x 100 cm 6 juodi antgaliai 3 rakteliai valams 2 vilnos adatos 2 juodi aki\u0173 laikikliai (ma\u017eas ir vidutinis) 1 medinis taisymo kabliukas 1 \u017eirkl\u0117s 6 aki\u0173 \u017eymekliai<\/p>","protected":false},"featured_media":25889,"comment_status":"open","ping_status":"closed","template":"","meta":[],"product_brand":[],"product_cat":[180,217,2440,2123,181],"product_tag":[],"giftcard-category":[],"class_list":{"0":"post-25888","1":"product","2":"type-product","3":"status-publish","4":"has-post-thumbnail","6":"product_cat-mezgimo-priemones","7":"product_cat-isparduotuve","8":"product_cat-knitpro","9":"product_cat-mezgimo-priemoniu-gamintojai","10":"product_cat-virbalu-rinkiniai","12":"first","13":"instock","14":"sale","15":"taxable","16":"shipping-taxable","17":"purchasable","18":"product-type-simple"},"_links":{"self":[{"href":"https:\/\/bitessiulai.lt\/en\/wp-json\/wp\/v2\/product\/25888","targetHints":{"allow":["GET"]}}],"collection":[{"href":"https:\/\/bitessiulai.lt\/en\/wp-json\/wp\/v2\/product"}],"about":[{"href":"https:\/\/bitessiulai.lt\/en\/wp-json\/wp\/v2\/types\/product"}],"replies":[{"embeddable":true,"href":"https:\/\/bitessiulai.lt\/en\/wp-json\/wp\/v2\/comments?post=25888"}],"version-history":[{"count":2,"href":"https:\/\/bitessiulai.lt\/en\/wp-json\/wp\/v2\/product\/25888\/revisions"}],"predecessor-version":[{"id":25894,"href":"https:\/\/bitessiulai.lt\/en\/wp-json\/wp\/v2\/product\/25888\/revisions\/25894"}],"wp:featuredmedia":[{"embeddable":true,"href":"https:\/\/bitessiulai.lt\/en\/wp-json\/wp\/v2\/media\/25889"}],"wp:attachment":[{"href":"https:\/\/bitessiulai.lt\/en\/wp-json\/wp\/v2\/media?parent=25888"}],"wp:term":[{"taxonomy":"product_brand","embeddable":true,"href":"https:\/\/bitessiulai.lt\/en\/wp-json\/wp\/v2\/product_brand?post=25888"},{"taxonomy":"product_cat","embeddable":true,"href":"https:\/\/bitessiulai.lt\/en\/wp-json\/wp\/v2\/product_cat?post=25888"},{"taxonomy":"product_tag","embeddable":true,"href":"https:\/\/bitessiulai.lt\/en\/wp-json\/wp\/v2\/product_tag?post=25888"},{"taxonomy":"giftcard-category","embeddable":true,"href":"https:\/\/bitessiulai.lt\/en\/wp-json\/wp\/v2\/giftcard-category?post=25888"}],"curies":[{"name":"wp","href":"https:\/\/api.w.org\/{rel}","templated":true}]}}