{"id":24440,"date":"2026-03-30T16:51:27","date_gmt":"2026-03-30T13:51:27","guid":{"rendered":"https:\/\/bitessiulai.lt\/?post_type=product&#038;p=24440"},"modified":"2026-05-13T21:21:46","modified_gmt":"2026-05-13T18:21:46","slug":"midara-bamboo","status":"publish","type":"product","link":"https:\/\/bitessiulai.lt\/en\/product\/midara-bamboo\/","title":{"rendered":"Midara Bamboo"},"content":{"rendered":"<p><strong>Midara Bamboo<\/strong> &#8211; \u0161veln\u016bs, nat\u016bral\u016bs, auk\u0161tos kokyb\u0117s si\u016blai, turintys nat\u016bral\u0173 blizges\u012f. Bambuko pluo\u0161tas gerai sugeria dr\u0117gm\u0119 ir turi v\u0117sumo poj\u016bt\u012f, tod\u0117l puikiai tiks \u0161ilto sezono projektams. Midara Bamboo primena \u0161ilk\u0105, tod\u0117l gaminiai atrodys itin elaganti\u0161ki ir prabang\u016bs.<\/p>\n<p>&nbsp;<\/p>\n<p>&nbsp;<\/p>\n<p>*The colors you see on your screen may differ slightly from the actual thread color.<\/p>","protected":false},"excerpt":{"rendered":"<p>Sud\u0117tis: 100% Bambukas<\/p>\n<p>Svoris\/ilgis: 100 g.= ma\u017edaug 305 m.<\/p>\n<p>Rekomenduojamas virbal\u0173 dydis: 2 &#8211; 3 mm.<\/p>\n<p>Rekomenduojamas v\u0105\u0161elio dydis: 2 &#8211; 3 mm.<\/p>","protected":false},"featured_media":24441,"comment_status":"open","ping_status":"closed","template":"","meta":[],"product_brand":[],"product_cat":[173,4595,4596,177,3096,178,174,175],"product_tag":[],"giftcard-category":[],"class_list":{"0":"post-24440","1":"product","2":"type-product","3":"status-publish","4":"has-post-thumbnail","6":"product_cat-siulai","7":"product_cat-bamboo","8":"product_cat-bambukas","9":"product_cat-mezgimo-siulai","10":"product_cat-midara","11":"product_cat-nerimo-siulai","12":"product_cat-siulu-gamintojai","13":"product_cat-siulu-pluostai","15":"first","16":"instock","17":"taxable","18":"shipping-taxable","19":"purchasable","20":"product-type-variable"},"_links":{"self":[{"href":"https:\/\/bitessiulai.lt\/en\/wp-json\/wp\/v2\/product\/24440","targetHints":{"allow":["GET"]}}],"collection":[{"href":"https:\/\/bitessiulai.lt\/en\/wp-json\/wp\/v2\/product"}],"about":[{"href":"https:\/\/bitessiulai.lt\/en\/wp-json\/wp\/v2\/types\/product"}],"replies":[{"embeddable":true,"href":"https:\/\/bitessiulai.lt\/en\/wp-json\/wp\/v2\/comments?post=24440"}],"version-history":[{"count":5,"href":"https:\/\/bitessiulai.lt\/en\/wp-json\/wp\/v2\/product\/24440\/revisions"}],"predecessor-version":[{"id":24486,"href":"https:\/\/bitessiulai.lt\/en\/wp-json\/wp\/v2\/product\/24440\/revisions\/24486"}],"wp:featuredmedia":[{"embeddable":true,"href":"https:\/\/bitessiulai.lt\/en\/wp-json\/wp\/v2\/media\/24441"}],"wp:attachment":[{"href":"https:\/\/bitessiulai.lt\/en\/wp-json\/wp\/v2\/media?parent=24440"}],"wp:term":[{"taxonomy":"product_brand","embeddable":true,"href":"https:\/\/bitessiulai.lt\/en\/wp-json\/wp\/v2\/product_brand?post=24440"},{"taxonomy":"product_cat","embeddable":true,"href":"https:\/\/bitessiulai.lt\/en\/wp-json\/wp\/v2\/product_cat?post=24440"},{"taxonomy":"product_tag","embeddable":true,"href":"https:\/\/bitessiulai.lt\/en\/wp-json\/wp\/v2\/product_tag?post=24440"},{"taxonomy":"giftcard-category","embeddable":true,"href":"https:\/\/bitessiulai.lt\/en\/wp-json\/wp\/v2\/giftcard-category?post=24440"}],"curies":[{"name":"wp","href":"https:\/\/api.w.org\/{rel}","templated":true}]}}