{"id":24345,"date":"2026-03-27T12:04:26","date_gmt":"2026-03-27T10:04:26","guid":{"rendered":"https:\/\/bitessiulai.lt\/?post_type=product&#038;p=24345"},"modified":"2026-05-08T10:05:58","modified_gmt":"2026-05-08T07:05:58","slug":"rico-design-creative-make-it-perlchen-siulai-su-stiklo-karoliukais","status":"publish","type":"product","link":"https:\/\/bitessiulai.lt\/en\/product\/rico-design-creative-make-it-perlchen-siulai-su-stiklo-karoliukais\/","title":{"rendered":"Rico Design Creative Make It Perlchen (si\u016blai su stiklo karoliukais)"},"content":{"rendered":"<p><strong>Creative Make It Perlchen (si\u016blai su stiklo karoliukais )<\/strong> \u2013 tai i\u0161skirtinis dekoratyvinis si\u016blas, pagamintas i\u0161 100 % liocelio ir papildytas subtiliai \u012fkomponuotais stiklo karoliukais. \u0160\u012f si\u016bl\u0105 galima naudoti kartu su kitais si\u016blais. D\u0117l susuktos (verptos) strukt\u016bros stiklo karoliukai si\u016ble juda tik minimaliai, tod\u0117l mezginiams suteikia subtili\u0105 tekst\u016br\u0105 ir eleganti\u0161k\u0105 blizgesio akcent\u0105.<\/p>\n<p>Puikus pasirinkimas norint pagyvinti megztinius, \u0161alikus, palaidines ar kitus J\u016bs\u0173 projektus.<\/p>\n<p><img fetchpriority=\"high\" decoding=\"async\" class=\"alignnone size-medium wp-image-24355\" src=\"http:\/\/bitessiulai.lt\/wp-content\/uploads\/2026\/03\/383443.100_1_GABPV_Q_w-300x300.jpg\" alt=\"\" width=\"300\" height=\"300\" srcset=\"https:\/\/bitessiulai.lt\/wp-content\/uploads\/2026\/03\/383443.100_1_GABPV_Q_w-300x300.jpg 300w, https:\/\/bitessiulai.lt\/wp-content\/uploads\/2026\/03\/383443.100_1_GABPV_Q_w-150x150.jpg 150w, https:\/\/bitessiulai.lt\/wp-content\/uploads\/2026\/03\/383443.100_1_GABPV_Q_w-12x12.jpg 12w, https:\/\/bitessiulai.lt\/wp-content\/uploads\/2026\/03\/383443.100_1_GABPV_Q_w.jpg 400w\" sizes=\"(max-width: 300px) 100vw, 300px\" \/><img decoding=\"async\" class=\"alignnone size-medium wp-image-24356\" src=\"http:\/\/bitessiulai.lt\/wp-content\/uploads\/2026\/03\/1208150-383443.003_3_PD_Q_1920x1920-300x300.jpg\" alt=\"\" width=\"300\" height=\"300\" srcset=\"https:\/\/bitessiulai.lt\/wp-content\/uploads\/2026\/03\/1208150-383443.003_3_PD_Q_1920x1920-300x300.jpg 300w, https:\/\/bitessiulai.lt\/wp-content\/uploads\/2026\/03\/1208150-383443.003_3_PD_Q_1920x1920-1024x1024.jpg 1024w, https:\/\/bitessiulai.lt\/wp-content\/uploads\/2026\/03\/1208150-383443.003_3_PD_Q_1920x1920-150x150.jpg 150w, https:\/\/bitessiulai.lt\/wp-content\/uploads\/2026\/03\/1208150-383443.003_3_PD_Q_1920x1920-768x768.jpg 768w, https:\/\/bitessiulai.lt\/wp-content\/uploads\/2026\/03\/1208150-383443.003_3_PD_Q_1920x1920-12x12.jpg 12w, https:\/\/bitessiulai.lt\/wp-content\/uploads\/2026\/03\/1208150-383443.003_3_PD_Q_1920x1920-600x600.jpg 600w, https:\/\/bitessiulai.lt\/wp-content\/uploads\/2026\/03\/1208150-383443.003_3_PD_Q_1920x1920.jpg 1500w\" sizes=\"(max-width: 300px) 100vw, 300px\" \/> <img decoding=\"async\" class=\"alignnone size-medium wp-image-24357\" src=\"http:\/\/bitessiulai.lt\/wp-content\/uploads\/2026\/03\/1351636-903022.028_ML_Q_1920x1920-300x300.jpg\" alt=\"\" width=\"300\" height=\"300\" srcset=\"https:\/\/bitessiulai.lt\/wp-content\/uploads\/2026\/03\/1351636-903022.028_ML_Q_1920x1920-300x300.jpg 300w, https:\/\/bitessiulai.lt\/wp-content\/uploads\/2026\/03\/1351636-903022.028_ML_Q_1920x1920-1024x1024.jpg 1024w, https:\/\/bitessiulai.lt\/wp-content\/uploads\/2026\/03\/1351636-903022.028_ML_Q_1920x1920-150x150.jpg 150w, https:\/\/bitessiulai.lt\/wp-content\/uploads\/2026\/03\/1351636-903022.028_ML_Q_1920x1920-768x768.jpg 768w, https:\/\/bitessiulai.lt\/wp-content\/uploads\/2026\/03\/1351636-903022.028_ML_Q_1920x1920-12x12.jpg 12w, https:\/\/bitessiulai.lt\/wp-content\/uploads\/2026\/03\/1351636-903022.028_ML_Q_1920x1920-600x600.jpg 600w, https:\/\/bitessiulai.lt\/wp-content\/uploads\/2026\/03\/1351636-903022.028_ML_Q_1920x1920.jpg 1500w\" sizes=\"(max-width: 300px) 100vw, 300px\" \/><\/p>\n<p>*The colors you see on your screen may differ slightly from the actual thread color.<\/p>","protected":false},"excerpt":{"rendered":"<p>Sud\u0117tis: 100% liocelis su stiklo karoliukais<\/p>\n<p>Svoris\/ilgis: 25 g.= ma\u017edaug 255m.<\/p>\n<p>Rekomenduojamas virbal\u0173 dydis: (prid\u0117tinis si\u016blas) derinama su kitu si\u016bl\u0173<\/p>","protected":false},"featured_media":24347,"comment_status":"open","ping_status":"closed","template":"","meta":[],"product_brand":[],"product_cat":[217,4567,915,2454,2432,173,174,175],"product_tag":[],"giftcard-category":[],"class_list":{"0":"post-24345","1":"product","2":"type-product","3":"status-publish","4":"has-post-thumbnail","6":"product_cat-isparduotuve","7":"product_cat-creative-make-it-perlchen","8":"product_cat-dekoratyviniai-siulai","9":"product_cat-liocelis","10":"product_cat-rico-design","11":"product_cat-siulai","12":"product_cat-siulu-gamintojai","13":"product_cat-siulu-pluostai","15":"first","16":"instock","17":"sale","18":"taxable","19":"shipping-taxable","20":"purchasable","21":"product-type-variable"},"_links":{"self":[{"href":"https:\/\/bitessiulai.lt\/en\/wp-json\/wp\/v2\/product\/24345","targetHints":{"allow":["GET"]}}],"collection":[{"href":"https:\/\/bitessiulai.lt\/en\/wp-json\/wp\/v2\/product"}],"about":[{"href":"https:\/\/bitessiulai.lt\/en\/wp-json\/wp\/v2\/types\/product"}],"replies":[{"embeddable":true,"href":"https:\/\/bitessiulai.lt\/en\/wp-json\/wp\/v2\/comments?post=24345"}],"version-history":[{"count":3,"href":"https:\/\/bitessiulai.lt\/en\/wp-json\/wp\/v2\/product\/24345\/revisions"}],"predecessor-version":[{"id":24360,"href":"https:\/\/bitessiulai.lt\/en\/wp-json\/wp\/v2\/product\/24345\/revisions\/24360"}],"wp:featuredmedia":[{"embeddable":true,"href":"https:\/\/bitessiulai.lt\/en\/wp-json\/wp\/v2\/media\/24347"}],"wp:attachment":[{"href":"https:\/\/bitessiulai.lt\/en\/wp-json\/wp\/v2\/media?parent=24345"}],"wp:term":[{"taxonomy":"product_brand","embeddable":true,"href":"https:\/\/bitessiulai.lt\/en\/wp-json\/wp\/v2\/product_brand?post=24345"},{"taxonomy":"product_cat","embeddable":true,"href":"https:\/\/bitessiulai.lt\/en\/wp-json\/wp\/v2\/product_cat?post=24345"},{"taxonomy":"product_tag","embeddable":true,"href":"https:\/\/bitessiulai.lt\/en\/wp-json\/wp\/v2\/product_tag?post=24345"},{"taxonomy":"giftcard-category","embeddable":true,"href":"https:\/\/bitessiulai.lt\/en\/wp-json\/wp\/v2\/giftcard-category?post=24345"}],"curies":[{"name":"wp","href":"https:\/\/api.w.org\/{rel}","templated":true}]}}