{"id":24047,"date":"2026-03-26T13:26:33","date_gmt":"2026-03-26T11:26:33","guid":{"rendered":"https:\/\/bitessiulai.lt\/?post_type=product&#038;p=24047"},"modified":"2026-05-09T23:10:19","modified_gmt":"2026-05-09T20:10:19","slug":"drops-cotton-light","status":"publish","type":"product","link":"https:\/\/bitessiulai.lt\/en\/product\/drops-cotton-light\/","title":{"rendered":"Drops Cotton Light"},"content":{"rendered":"<p><strong>DROPS Cotton Light<\/strong>\u00a0 &#8211; mink\u0161ti medvilniniai si\u016blai, pagaminti i\u0161 50% medviln\u0117s ir 50% mikropoliesterio. Susukta i\u0161 keli\u0173 sruog\u0173, tod\u0117l dygsnis yra lygus ir tolygus; mikropluo\u0161tai yra plonesni nei \u0161ilko sruogos ir nesugeria dr\u0117gm\u0117s. Tod\u0117l kartu su medvilne tiek vasariniai, tiek \u017eieminiai drabu\u017eiai kv\u0117puoja, turi ger\u0105 formos stabilum\u0105 ir ilgaam\u017ei\u0161kum\u0105.<\/p>\n<p>\u0160ie si\u016blai yra universal\u016bs ir tinkami \u012fvairioms mezgimo ir n\u0117rimo id\u0117joms. \u012eskaitant megztinius, skareles, palaidines, nam\u0173 aksesuarams pasigaminti ir daugybei kit\u0173 projekt\u0173.<\/p>\n<p><img fetchpriority=\"high\" decoding=\"async\" class=\"alignnone size-medium wp-image-24053\" src=\"http:\/\/bitessiulai.lt\/wp-content\/uploads\/2026\/03\/25-2-2-194x300.jpg\" alt=\"\" width=\"194\" height=\"300\" srcset=\"https:\/\/bitessiulai.lt\/wp-content\/uploads\/2026\/03\/25-2-2-194x300.jpg 194w, https:\/\/bitessiulai.lt\/wp-content\/uploads\/2026\/03\/25-2-2-8x12.jpg 8w, https:\/\/bitessiulai.lt\/wp-content\/uploads\/2026\/03\/25-2-2-97x150.jpg 97w, https:\/\/bitessiulai.lt\/wp-content\/uploads\/2026\/03\/25-2-2.jpg 458w\" sizes=\"(max-width: 194px) 100vw, 194px\" \/> <img decoding=\"async\" class=\"alignnone size-medium wp-image-24054\" src=\"http:\/\/bitessiulai.lt\/wp-content\/uploads\/2026\/03\/36-2-1-194x300.jpg\" alt=\"\" width=\"194\" height=\"300\" srcset=\"https:\/\/bitessiulai.lt\/wp-content\/uploads\/2026\/03\/36-2-1-194x300.jpg 194w, https:\/\/bitessiulai.lt\/wp-content\/uploads\/2026\/03\/36-2-1-8x12.jpg 8w, https:\/\/bitessiulai.lt\/wp-content\/uploads\/2026\/03\/36-2-1-97x150.jpg 97w, https:\/\/bitessiulai.lt\/wp-content\/uploads\/2026\/03\/36-2-1.jpg 458w\" sizes=\"(max-width: 194px) 100vw, 194px\" \/><\/p>\n<p>*The colors you see on your screen may differ slightly from the actual thread color.<\/p>\n<p>&nbsp;<\/p>\n<p>&nbsp;<\/p>","protected":false},"excerpt":{"rendered":"<p>Sud\u0117tis: 50% medviln\u0117, 50% poliesteris<\/p>\n<p>Weight\/length: 50 g. = approximately 105 m.<\/p>\n<p>Recommended needle size: 4 mm.<\/p>\n<p>&nbsp;<\/p>","protected":false},"featured_media":24048,"comment_status":"open","ping_status":"closed","template":"","meta":[],"product_brand":[],"product_cat":[217,4459,256,652,177,328,173,175],"product_tag":[],"giftcard-category":[],"class_list":{"0":"post-24047","1":"product","2":"type-product","3":"status-publish","4":"has-post-thumbnail","6":"product_cat-isparduotuve","7":"product_cat-cotton-light","8":"product_cat-drops","9":"product_cat-medvilne","10":"product_cat-mezgimo-siulai","11":"product_cat-poliesteris","12":"product_cat-siulai","13":"product_cat-siulu-pluostai","15":"first","16":"instock","17":"sale","18":"taxable","19":"shipping-taxable","20":"purchasable","21":"product-type-variable"},"_links":{"self":[{"href":"https:\/\/bitessiulai.lt\/en\/wp-json\/wp\/v2\/product\/24047","targetHints":{"allow":["GET"]}}],"collection":[{"href":"https:\/\/bitessiulai.lt\/en\/wp-json\/wp\/v2\/product"}],"about":[{"href":"https:\/\/bitessiulai.lt\/en\/wp-json\/wp\/v2\/types\/product"}],"replies":[{"embeddable":true,"href":"https:\/\/bitessiulai.lt\/en\/wp-json\/wp\/v2\/comments?post=24047"}],"version-history":[{"count":1,"href":"https:\/\/bitessiulai.lt\/en\/wp-json\/wp\/v2\/product\/24047\/revisions"}],"predecessor-version":[{"id":24096,"href":"https:\/\/bitessiulai.lt\/en\/wp-json\/wp\/v2\/product\/24047\/revisions\/24096"}],"wp:featuredmedia":[{"embeddable":true,"href":"https:\/\/bitessiulai.lt\/en\/wp-json\/wp\/v2\/media\/24048"}],"wp:attachment":[{"href":"https:\/\/bitessiulai.lt\/en\/wp-json\/wp\/v2\/media?parent=24047"}],"wp:term":[{"taxonomy":"product_brand","embeddable":true,"href":"https:\/\/bitessiulai.lt\/en\/wp-json\/wp\/v2\/product_brand?post=24047"},{"taxonomy":"product_cat","embeddable":true,"href":"https:\/\/bitessiulai.lt\/en\/wp-json\/wp\/v2\/product_cat?post=24047"},{"taxonomy":"product_tag","embeddable":true,"href":"https:\/\/bitessiulai.lt\/en\/wp-json\/wp\/v2\/product_tag?post=24047"},{"taxonomy":"giftcard-category","embeddable":true,"href":"https:\/\/bitessiulai.lt\/en\/wp-json\/wp\/v2\/giftcard-category?post=24047"}],"curies":[{"name":"wp","href":"https:\/\/api.w.org\/{rel}","templated":true}]}}