{"id":23013,"date":"2026-02-18T12:03:23","date_gmt":"2026-02-18T10:03:23","guid":{"rendered":"https:\/\/bitessiulai.lt\/?post_type=product&#038;p=23013"},"modified":"2026-02-19T09:41:31","modified_gmt":"2026-02-19T07:41:31","slug":"chiaogoo-bambukiniu-dvismailiu-virbalu-rinkinys-15-cm","status":"publish","type":"product","link":"https:\/\/bitessiulai.lt\/en\/product\/chiaogoo-bambukiniu-dvismailiu-virbalu-rinkinys-15-cm\/","title":{"rendered":"ChiaoGoo bambukini\u0173 dvismaili\u0173 virbal\u0173 rinkinys, 15 cm"},"content":{"rendered":"<p>\u0160is \u201e<strong>ChiaoGoo bambukini\u0173 dvismaili\u0173 virbal\u0173 rinkinys, 15 cm<\/strong>\u201c\u00a0 stilingame med\u017eiaginiame d\u0117kle turi visk\u0105, ko reikia kojin\u0117ms megzti i\u0161 plon\u0173 ir vidutinio storio si\u016bl\u0173. Rinkin\u012f sudaro 5 rinkiniai po 5 dvismailius virbalus, kuri\u0173 ilgis 15 cm, o dyd\u017eiai \u2013 2,25, 2,50, 2,75, 3,00 ir 3,25 mm. Dvismail\u016bs virbalai su patina apdaila pagaminti i\u0161 ekologi\u0161ko, lengvo ir tvaraus \u201eMoso\u201c bambuko. Jie taip pat turi rankomis pagamintus smail\u0117jan\u010dius galiukus. Virbal\u0173 dydis yra atspausdintas lazeriu ant kiekvienos virbalo. Be to, rinkinyje yra 12 \u017eymekli\u0173 ir adat\u0173 kalibras (arba adat\u0173 \u0161ablonas). Gra\u017eioje ir kompakti\u0161koje d\u0117\u017eut\u0117je yra 6 skyriai, kuriuose nurodyti reikiami virbal\u0173 dyd\u017eiai, o i\u0161orin\u0117je u\u017etraukiamame skyrelyje galima laikyti kitus priedus. D\u0117klas pagamintas i\u0161 juodai balto g\u0117li\u0173 ra\u0161to audinio su \u017ealiomis detal\u0117mis, turi u\u017etrauktuk\u0105, matmenys \u2013 18 x 9 cm.<\/p>","protected":false},"excerpt":{"rendered":"<p>\u0160is \u201eChiaoGoo bambukini\u0173 dvismaili\u0173 virbal\u0173 rinkinys, 15 cm\u201c\u00a0 stilingame med\u017eiaginiame d\u0117kle turi visk\u0105, ko reikia kojin\u0117ms megzti i\u0161 plon\u0173 ir vidutinio storio si\u016bl\u0173. Rinkin\u012f sudaro 5 rinkiniai po 5 dvismailius virbalus, kuri\u0173 ilgis 15 cm, o dyd\u017eiai \u2013 2,25, 2,50, 2,75, 3,00 ir 3,25 mm. Dvismail\u016bs virbalai su patina apdaila pagaminti i\u0161 ekologi\u0161ko, lengvo ir tvaraus \u201eMoso\u201c bambuko. Jie taip pat turi rankomis pagamintus smail\u0117jan\u010dius galiukus. Virbal\u0173 dydis yra atspausdintas lazeriu ant kiekvienos virbalo. Be to, rinkinyje yra 12 \u017eymekli\u0173 ir adat\u0173 kalibras (arba adat\u0173 \u0161ablonas). Gra\u017eioje ir kompakti\u0161koje d\u0117\u017eut\u0117je yra 6 skyriai, kuriuose nurodyti reikiami virbal\u0173 dyd\u017eiai, o i\u0161orin\u0117je u\u017etraukiamame skyrelyje galima laikyti kitus priedus. D\u0117klas pagamintas i\u0161 juodai balto g\u0117li\u0173 ra\u0161to audinio su \u017ealiomis detal\u0117mis, turi u\u017etrauktuk\u0105, matmenys \u2013 18 x 9 cm.<\/p>","protected":false},"featured_media":23015,"comment_status":"open","ping_status":"closed","template":"","meta":[],"product_brand":[],"product_cat":[180,2419,2123,181],"product_tag":[],"giftcard-category":[],"class_list":{"0":"post-23013","1":"product","2":"type-product","3":"status-publish","4":"has-post-thumbnail","6":"product_cat-mezgimo-priemones","7":"product_cat-chiaogoo","8":"product_cat-mezgimo-priemoniu-gamintojai","9":"product_cat-virbalu-rinkiniai","11":"first","12":"instock","13":"taxable","14":"shipping-taxable","15":"purchasable","16":"product-type-simple"},"_links":{"self":[{"href":"https:\/\/bitessiulai.lt\/en\/wp-json\/wp\/v2\/product\/23013","targetHints":{"allow":["GET"]}}],"collection":[{"href":"https:\/\/bitessiulai.lt\/en\/wp-json\/wp\/v2\/product"}],"about":[{"href":"https:\/\/bitessiulai.lt\/en\/wp-json\/wp\/v2\/types\/product"}],"replies":[{"embeddable":true,"href":"https:\/\/bitessiulai.lt\/en\/wp-json\/wp\/v2\/comments?post=23013"}],"version-history":[{"count":3,"href":"https:\/\/bitessiulai.lt\/en\/wp-json\/wp\/v2\/product\/23013\/revisions"}],"predecessor-version":[{"id":23088,"href":"https:\/\/bitessiulai.lt\/en\/wp-json\/wp\/v2\/product\/23013\/revisions\/23088"}],"wp:featuredmedia":[{"embeddable":true,"href":"https:\/\/bitessiulai.lt\/en\/wp-json\/wp\/v2\/media\/23015"}],"wp:attachment":[{"href":"https:\/\/bitessiulai.lt\/en\/wp-json\/wp\/v2\/media?parent=23013"}],"wp:term":[{"taxonomy":"product_brand","embeddable":true,"href":"https:\/\/bitessiulai.lt\/en\/wp-json\/wp\/v2\/product_brand?post=23013"},{"taxonomy":"product_cat","embeddable":true,"href":"https:\/\/bitessiulai.lt\/en\/wp-json\/wp\/v2\/product_cat?post=23013"},{"taxonomy":"product_tag","embeddable":true,"href":"https:\/\/bitessiulai.lt\/en\/wp-json\/wp\/v2\/product_tag?post=23013"},{"taxonomy":"giftcard-category","embeddable":true,"href":"https:\/\/bitessiulai.lt\/en\/wp-json\/wp\/v2\/giftcard-category?post=23013"}],"curies":[{"name":"wp","href":"https:\/\/api.w.org\/{rel}","templated":true}]}}