{"id":22105,"date":"2026-01-23T10:47:05","date_gmt":"2026-01-23T08:47:05","guid":{"rendered":"https:\/\/bitessiulai.lt\/?post_type=product&#038;p=22105"},"modified":"2026-04-19T11:56:12","modified_gmt":"2026-04-19T08:56:12","slug":"stenli-pulse","status":"publish","type":"product","link":"https:\/\/bitessiulai.lt\/en\/product\/stenli-pulse\/","title":{"rendered":"Stenli Pulse"},"content":{"rendered":"<p><strong>Stenli Pulse<\/strong> &#8211; \u00a0si\u016blai yra 100 % suverpti ir pagaminti Bulgarijoje, naudojant novatori\u0161k\u0105 nauj\u0105 technologij\u0105, kuri u\u017etikrina pastov\u0173 pluo\u0161to \u201epulsavim\u0105\u201c bei si\u016bl\u0173 stiprum\u0105. D\u0117l nat\u016braliai nelygios tekst\u016bros ir \u0161velnaus elastingumo jis idealiai tinka megzti ma\u017eais, vidutiniais ar dideliais virbalais, dideliais n\u0117rimo v\u0105\u0161eliais ar bet kokia kita tekstil\u0117s technika. \u0160\u012f si\u016bl\u0105 taip pat galima derinti su klasikiniais si\u016blais kaip dekoratyvin\u012f akcent\u0105.<\/p>\n<p>Rekomenduojamas kamuoliuk\u0173 kiekis J\u016bs\u0173 projektams:<\/p>\n<ul>\n<li>Kepur\u0117 1vnt.<\/li>\n<li>\u0160alikas 2-3vnt.<\/li>\n<li>Liemen\u0117 4vnt.<\/li>\n<li>Palaidin\u0117 5-6vnt.<\/li>\n<li>Megztinis 6-8vnt.<\/li>\n<li>Pledas 12-18vnt.<\/li>\n<\/ul>\n<p><img fetchpriority=\"high\" decoding=\"async\" class=\"alignnone size-medium wp-image-22107\" src=\"http:\/\/bitessiulai.lt\/wp-content\/uploads\/2026\/01\/DSC_9960-20251022081921-782-240x300.jpg\" alt=\"\" width=\"240\" height=\"300\" srcset=\"https:\/\/bitessiulai.lt\/wp-content\/uploads\/2026\/01\/DSC_9960-20251022081921-782-240x300.jpg 240w, https:\/\/bitessiulai.lt\/wp-content\/uploads\/2026\/01\/DSC_9960-20251022081921-782-819x1024.jpg 819w, https:\/\/bitessiulai.lt\/wp-content\/uploads\/2026\/01\/DSC_9960-20251022081921-782-768x960.jpg 768w, https:\/\/bitessiulai.lt\/wp-content\/uploads\/2026\/01\/DSC_9960-20251022081921-782-10x12.jpg 10w, https:\/\/bitessiulai.lt\/wp-content\/uploads\/2026\/01\/DSC_9960-20251022081921-782-600x750.jpg 600w, https:\/\/bitessiulai.lt\/wp-content\/uploads\/2026\/01\/DSC_9960-20251022081921-782-120x150.jpg 120w, https:\/\/bitessiulai.lt\/wp-content\/uploads\/2026\/01\/DSC_9960-20251022081921-782.jpg 960w\" sizes=\"(max-width: 240px) 100vw, 240px\" \/><img decoding=\"async\" class=\"alignnone size-medium wp-image-22108\" src=\"http:\/\/bitessiulai.lt\/wp-content\/uploads\/2026\/01\/B_571244977_1454879079977922_3169999651274167613_n-20251023164358-415-300x300.jpg\" alt=\"\" width=\"300\" height=\"300\" srcset=\"https:\/\/bitessiulai.lt\/wp-content\/uploads\/2026\/01\/B_571244977_1454879079977922_3169999651274167613_n-20251023164358-415-300x300.jpg 300w, https:\/\/bitessiulai.lt\/wp-content\/uploads\/2026\/01\/B_571244977_1454879079977922_3169999651274167613_n-20251023164358-415-150x150.jpg 150w, https:\/\/bitessiulai.lt\/wp-content\/uploads\/2026\/01\/B_571244977_1454879079977922_3169999651274167613_n-20251023164358-415-12x12.jpg 12w, https:\/\/bitessiulai.lt\/wp-content\/uploads\/2026\/01\/B_571244977_1454879079977922_3169999651274167613_n-20251023164358-415-96x96.jpg 96w, https:\/\/bitessiulai.lt\/wp-content\/uploads\/2026\/01\/B_571244977_1454879079977922_3169999651274167613_n-20251023164358-415.jpg 400w\" sizes=\"(max-width: 300px) 100vw, 300px\" \/><img decoding=\"async\" class=\"alignnone size-medium wp-image-22109\" src=\"http:\/\/bitessiulai.lt\/wp-content\/uploads\/2026\/01\/pulse-20251021114028-889-240x300.jpg\" alt=\"\" width=\"240\" height=\"300\" srcset=\"https:\/\/bitessiulai.lt\/wp-content\/uploads\/2026\/01\/pulse-20251021114028-889-240x300.jpg 240w, https:\/\/bitessiulai.lt\/wp-content\/uploads\/2026\/01\/pulse-20251021114028-889-819x1024.jpg 819w, https:\/\/bitessiulai.lt\/wp-content\/uploads\/2026\/01\/pulse-20251021114028-889-768x960.jpg 768w, https:\/\/bitessiulai.lt\/wp-content\/uploads\/2026\/01\/pulse-20251021114028-889-1229x1536.jpg 1229w, https:\/\/bitessiulai.lt\/wp-content\/uploads\/2026\/01\/pulse-20251021114028-889-10x12.jpg 10w, https:\/\/bitessiulai.lt\/wp-content\/uploads\/2026\/01\/pulse-20251021114028-889-600x750.jpg 600w, https:\/\/bitessiulai.lt\/wp-content\/uploads\/2026\/01\/pulse-20251021114028-889-120x150.jpg 120w, https:\/\/bitessiulai.lt\/wp-content\/uploads\/2026\/01\/pulse-20251021114028-889.jpg 1280w\" sizes=\"(max-width: 240px) 100vw, 240px\" \/><\/p>\n<p><iframe title=\"Stenliyarn Pulse | \u041f\u0440\u0435\u0436\u0434\u0430 \u0421\u0442\u0435\u043d\u043b\u0438 \u041f\u0443\u043b\u0441\" width=\"640\" height=\"360\" src=\"https:\/\/www.youtube.com\/embed\/Z9Td4E_2cN0?feature=oembed\" frameborder=\"0\" allow=\"accelerometer; autoplay; clipboard-write; encrypted-media; gyroscope; picture-in-picture; web-share\" referrerpolicy=\"strict-origin-when-cross-origin\" allowfullscreen><\/iframe><\/p>\n<p>*The colors you see on your screen may differ slightly from the actual thread color.<\/p>","protected":false},"excerpt":{"rendered":"<p>Sud\u0117tis: 100% Merino vilna<\/p>\n<p>Weight\/length: 100 g. = approximately 150 m.<\/p>\n<p>Rekomenduojamas virbal\u0173 dydis: 6 &#8211; 9 mm.<\/p>\n<p>Rekomenduojamas va\u0161elio dydis: 7 &#8211; 10 mm.<\/p>","protected":false},"featured_media":22151,"comment_status":"open","ping_status":"closed","template":"","meta":[],"product_brand":[],"product_cat":[175,948,177,178,4226,173,174,1641],"product_tag":[],"giftcard-category":[],"class_list":{"0":"post-22105","1":"product","2":"type-product","3":"status-publish","4":"has-post-thumbnail","6":"product_cat-siulu-pluostai","7":"product_cat-merino-vilna","8":"product_cat-mezgimo-siulai","9":"product_cat-nerimo-siulai","10":"product_cat-pulse","11":"product_cat-siulai","12":"product_cat-siulu-gamintojai","13":"product_cat-stenli","15":"first","16":"instock","17":"taxable","18":"shipping-taxable","19":"purchasable","20":"product-type-variable"},"_links":{"self":[{"href":"https:\/\/bitessiulai.lt\/en\/wp-json\/wp\/v2\/product\/22105","targetHints":{"allow":["GET"]}}],"collection":[{"href":"https:\/\/bitessiulai.lt\/en\/wp-json\/wp\/v2\/product"}],"about":[{"href":"https:\/\/bitessiulai.lt\/en\/wp-json\/wp\/v2\/types\/product"}],"replies":[{"embeddable":true,"href":"https:\/\/bitessiulai.lt\/en\/wp-json\/wp\/v2\/comments?post=22105"}],"version-history":[{"count":3,"href":"https:\/\/bitessiulai.lt\/en\/wp-json\/wp\/v2\/product\/22105\/revisions"}],"predecessor-version":[{"id":22136,"href":"https:\/\/bitessiulai.lt\/en\/wp-json\/wp\/v2\/product\/22105\/revisions\/22136"}],"wp:featuredmedia":[{"embeddable":true,"href":"https:\/\/bitessiulai.lt\/en\/wp-json\/wp\/v2\/media\/22151"}],"wp:attachment":[{"href":"https:\/\/bitessiulai.lt\/en\/wp-json\/wp\/v2\/media?parent=22105"}],"wp:term":[{"taxonomy":"product_brand","embeddable":true,"href":"https:\/\/bitessiulai.lt\/en\/wp-json\/wp\/v2\/product_brand?post=22105"},{"taxonomy":"product_cat","embeddable":true,"href":"https:\/\/bitessiulai.lt\/en\/wp-json\/wp\/v2\/product_cat?post=22105"},{"taxonomy":"product_tag","embeddable":true,"href":"https:\/\/bitessiulai.lt\/en\/wp-json\/wp\/v2\/product_tag?post=22105"},{"taxonomy":"giftcard-category","embeddable":true,"href":"https:\/\/bitessiulai.lt\/en\/wp-json\/wp\/v2\/giftcard-category?post=22105"}],"curies":[{"name":"wp","href":"https:\/\/api.w.org\/{rel}","templated":true}]}}