{"id":21925,"date":"2026-02-03T08:37:43","date_gmt":"2026-02-03T06:37:43","guid":{"rendered":"https:\/\/bitessiulai.lt\/?post_type=product&#038;p=21925"},"modified":"2026-05-04T09:38:45","modified_gmt":"2026-05-04T06:38:45","slug":"cardiff-cashmere-classic","status":"publish","type":"product","link":"https:\/\/bitessiulai.lt\/en\/product\/cardiff-cashmere-classic\/","title":{"rendered":"Cardiff Cashmere Classic (100% ka\u0161myras)"},"content":{"rendered":"<h6><strong>Cardiff Cashmere Classic (100<\/strong>% ka\u0161myras)<\/h6>\n<p>\u201eCardiff Cashmere Classic\u201c \u2013 tai gryno ka\u0161myro si\u016blai, pasi\u017eymintys nepriekai\u0161tinga mezgimo kokybe. Si\u016blai kruop\u0161\u010diai atnaujinti pagal naujausias tendencijas. Juos galima naudoti \u012fvairiems projektams \u2013 nuo \u200b\u200bpaprast\u0173 aksesuar\u0173 iki sud\u0117tingesni\u0173 megztini\u0173 ir kardigan\u0173. Jie puikiai tinka visiems mezgimo b\u016bdams. Platus spalv\u0173 pasirinkimas leis i\u0161sirinkti Jums labiausiai tinkan\u010dius spalv\u0173 derinius.<\/p>\n<p>Ka\u0161myro pluo\u0161tas yra ypatingas d\u0117l savo \u0161velnumo ir patvarumo, taip pat turi puiki\u0105 \u0161ilumos izoliacij\u0105. Si\u016blas yra itin lengvas, ta\u010diau u\u017etikrina \u0161ilum\u0105 ir subtili\u0105 i\u0161vaizd\u0105 J\u016bs\u0173 projektams. Turi nat\u016bral\u0173 blizges\u012f, kuris J\u016bs\u0173 k\u016brinius pavers itin prabangiais.<\/p>\n<p><img fetchpriority=\"high\" decoding=\"async\" class=\"alignnone size-medium wp-image-21927\" src=\"http:\/\/bitessiulai.lt\/wp-content\/uploads\/2026\/01\/Modelis2-225x300.jpg\" alt=\"\" width=\"225\" height=\"300\" srcset=\"https:\/\/bitessiulai.lt\/wp-content\/uploads\/2026\/01\/Modelis2-225x300.jpg 225w, https:\/\/bitessiulai.lt\/wp-content\/uploads\/2026\/01\/Modelis2-768x1024.jpg 768w, https:\/\/bitessiulai.lt\/wp-content\/uploads\/2026\/01\/Modelis2-1152x1536.jpg 1152w, https:\/\/bitessiulai.lt\/wp-content\/uploads\/2026\/01\/Modelis2-9x12.jpg 9w, https:\/\/bitessiulai.lt\/wp-content\/uploads\/2026\/01\/Modelis2-600x800.jpg 600w, https:\/\/bitessiulai.lt\/wp-content\/uploads\/2026\/01\/Modelis2-113x150.jpg 113w, https:\/\/bitessiulai.lt\/wp-content\/uploads\/2026\/01\/Modelis2.jpg 1200w\" sizes=\"(max-width: 225px) 100vw, 225px\" \/><img decoding=\"async\" class=\"alignnone size-medium wp-image-21928\" src=\"http:\/\/bitessiulai.lt\/wp-content\/uploads\/2026\/01\/Cardiff_cashmere_Group-300x300.webp\" alt=\"\" width=\"300\" height=\"300\" srcset=\"https:\/\/bitessiulai.lt\/wp-content\/uploads\/2026\/01\/Cardiff_cashmere_Group-300x300.webp 300w, https:\/\/bitessiulai.lt\/wp-content\/uploads\/2026\/01\/Cardiff_cashmere_Group-1024x1024.webp 1024w, https:\/\/bitessiulai.lt\/wp-content\/uploads\/2026\/01\/Cardiff_cashmere_Group-150x150.webp 150w, https:\/\/bitessiulai.lt\/wp-content\/uploads\/2026\/01\/Cardiff_cashmere_Group-768x769.webp 768w, https:\/\/bitessiulai.lt\/wp-content\/uploads\/2026\/01\/Cardiff_cashmere_Group-12x12.webp 12w, https:\/\/bitessiulai.lt\/wp-content\/uploads\/2026\/01\/Cardiff_cashmere_Group-600x600.webp 600w, https:\/\/bitessiulai.lt\/wp-content\/uploads\/2026\/01\/Cardiff_cashmere_Group-96x96.webp 96w, https:\/\/bitessiulai.lt\/wp-content\/uploads\/2026\/01\/Cardiff_cashmere_Group.webp 1500w\" sizes=\"(max-width: 300px) 100vw, 300px\" \/><img decoding=\"async\" class=\"alignnone size-medium wp-image-21929\" src=\"http:\/\/bitessiulai.lt\/wp-content\/uploads\/2026\/01\/0086bassa-300x300.webp\" alt=\"\" width=\"300\" height=\"300\" srcset=\"https:\/\/bitessiulai.lt\/wp-content\/uploads\/2026\/01\/0086bassa-300x300.webp 300w, https:\/\/bitessiulai.lt\/wp-content\/uploads\/2026\/01\/0086bassa-150x150.webp 150w, https:\/\/bitessiulai.lt\/wp-content\/uploads\/2026\/01\/0086bassa-12x12.webp 12w, https:\/\/bitessiulai.lt\/wp-content\/uploads\/2026\/01\/0086bassa-600x600.webp 600w, https:\/\/bitessiulai.lt\/wp-content\/uploads\/2026\/01\/0086bassa-96x96.webp 96w, https:\/\/bitessiulai.lt\/wp-content\/uploads\/2026\/01\/0086bassa.webp 750w\" sizes=\"(max-width: 300px) 100vw, 300px\" \/><\/p>\n<p><span dir=\"auto\">Ka\u0161myras &#8221; Cardiff&#8221; \u012fkv\u0117pimo \u0161altinis nuo pat prad\u017ei\u0173. J\u012f \u012fk\u016br\u0117 verslinink\u0173 \u0161eima i\u0161 Bielos, kuri devintajame de\u0161imtmetyje pripa\u017eino \u0161\u012f pluo\u0161t\u0105 auk\u0161\u010diausiu kokyb\u0117s ir presti\u017eo i\u0161rai\u0161ka tekstil\u0117s srityje. <\/span><span dir=\"auto\">Laikui b\u0117gant, \u012fmon\u0117s filosofija susitelk\u0117 ties pagrindin\u0117mis vertyb\u0117mis: i\u0161skirtine specializacija geriausi\u0173 ka\u0161myro pluo\u0161t\u0173 atrankoje ir perdirbime, nuolatinis \u012fsipareigojimas j\u0173 apdailai ir kokyb\u0117s siekimas, kuris lemia kiekvien\u0105 pasirinkim\u0105 ir kiekvien\u0105 proces\u0105.<\/span><\/p>\n<p><img loading=\"lazy\" decoding=\"async\" class=\"alignnone size-medium wp-image-21823\" src=\"http:\/\/bitessiulai.lt\/wp-content\/uploads\/2026\/01\/63a4ebdddcae249ed01535e0055e54a9-300x132.jpg\" alt=\"\" width=\"300\" height=\"132\" srcset=\"https:\/\/bitessiulai.lt\/wp-content\/uploads\/2026\/01\/63a4ebdddcae249ed01535e0055e54a9-300x132.jpg 300w, https:\/\/bitessiulai.lt\/wp-content\/uploads\/2026\/01\/63a4ebdddcae249ed01535e0055e54a9-18x8.jpg 18w, https:\/\/bitessiulai.lt\/wp-content\/uploads\/2026\/01\/63a4ebdddcae249ed01535e0055e54a9-150x66.jpg 150w, https:\/\/bitessiulai.lt\/wp-content\/uploads\/2026\/01\/63a4ebdddcae249ed01535e0055e54a9.jpg 500w\" sizes=\"(max-width: 300px) 100vw, 300px\" \/><\/p>\n<p>*The colors you see on your screen may differ slightly from the actual thread color.<\/p>\n<p>&nbsp;<\/p>","protected":false},"excerpt":{"rendered":"<p>Sud\u0117tis: 100% ka\u0161myras<\/p>\n<p>Svoris\/ilgis: 25 g.= ma\u017edaug 112 m.<\/p>\n<p>Rekomenduojamas virbal\u0173 dydis: 3,5 &#8211; 4,5\u00a0 mm.<\/p>","protected":false},"featured_media":21926,"comment_status":"open","ping_status":"closed","template":"","meta":[],"product_brand":[],"product_cat":[173,4123,4186,177,174],"product_tag":[],"giftcard-category":[],"class_list":{"0":"post-21925","1":"product","2":"type-product","3":"status-publish","4":"has-post-thumbnail","6":"product_cat-siulai","7":"product_cat-cardiff","8":"product_cat-cashmere-classic","9":"product_cat-mezgimo-siulai","10":"product_cat-siulu-gamintojai","12":"first","13":"instock","14":"taxable","15":"shipping-taxable","16":"purchasable","17":"product-type-variable"},"_links":{"self":[{"href":"https:\/\/bitessiulai.lt\/en\/wp-json\/wp\/v2\/product\/21925","targetHints":{"allow":["GET"]}}],"collection":[{"href":"https:\/\/bitessiulai.lt\/en\/wp-json\/wp\/v2\/product"}],"about":[{"href":"https:\/\/bitessiulai.lt\/en\/wp-json\/wp\/v2\/types\/product"}],"replies":[{"embeddable":true,"href":"https:\/\/bitessiulai.lt\/en\/wp-json\/wp\/v2\/comments?post=21925"}],"version-history":[{"count":2,"href":"https:\/\/bitessiulai.lt\/en\/wp-json\/wp\/v2\/product\/21925\/revisions"}],"predecessor-version":[{"id":22415,"href":"https:\/\/bitessiulai.lt\/en\/wp-json\/wp\/v2\/product\/21925\/revisions\/22415"}],"wp:featuredmedia":[{"embeddable":true,"href":"https:\/\/bitessiulai.lt\/en\/wp-json\/wp\/v2\/media\/21926"}],"wp:attachment":[{"href":"https:\/\/bitessiulai.lt\/en\/wp-json\/wp\/v2\/media?parent=21925"}],"wp:term":[{"taxonomy":"product_brand","embeddable":true,"href":"https:\/\/bitessiulai.lt\/en\/wp-json\/wp\/v2\/product_brand?post=21925"},{"taxonomy":"product_cat","embeddable":true,"href":"https:\/\/bitessiulai.lt\/en\/wp-json\/wp\/v2\/product_cat?post=21925"},{"taxonomy":"product_tag","embeddable":true,"href":"https:\/\/bitessiulai.lt\/en\/wp-json\/wp\/v2\/product_tag?post=21925"},{"taxonomy":"giftcard-category","embeddable":true,"href":"https:\/\/bitessiulai.lt\/en\/wp-json\/wp\/v2\/giftcard-category?post=21925"}],"curies":[{"name":"wp","href":"https:\/\/api.w.org\/{rel}","templated":true}]}}