{"id":20879,"date":"2025-12-19T16:08:27","date_gmt":"2025-12-19T14:08:27","guid":{"rendered":"https:\/\/bitessiulai.lt\/?post_type=product&#038;p=20879"},"modified":"2026-04-10T13:34:59","modified_gmt":"2026-04-10T10:34:59","slug":"knitpro-mindful-lace-virbalai-su-valu","status":"publish","type":"product","link":"https:\/\/bitessiulai.lt\/en\/product\/knitpro-mindful-lace-virbalai-su-valu\/","title":{"rendered":"KnitPro Mindful Lace virbalai su valu"},"content":{"rendered":"<p><span dir=\"auto\"><strong> KnitPro Mindful Lace virbalai su valu<\/strong> yra gra\u017eaus dizaino ir garantuoja valand\u0173 valandas truksiant\u012f mezgimo malonum\u0105. \u201eMindful\u201c kolekcija orientuota \u012f mezgim\u0105 kaip s\u0105moningum\u0105. D\u0117mesys ritmingiems, pasikartojantiems mezgimo virbal\u0173 judesiams veikia raminamai ir ma\u017eina stres\u0105. Tai teigiamai veikia k\u016bn\u0105 ir prot\u0105.<\/span><\/p>\n<p><span dir=\"auto\">Palaipsniui smail\u0117janti forma ir lygus virbal\u0173 galiuk\u0173 pavir\u0161ius garantuoja skland\u0173 mezgim\u0105. Ant kiekvieno virbalo pavir\u0161iaus yra \u012fkvepiantys \u017eod\u017eiai, kurie pad\u0117s sutelkti d\u0117mes\u012f \u012f akimirk\u0105. Virbal\u0173 galiukai pagaminti i\u0161 ner\u016bdijan\u010dio plieno, tod\u0117l jie yra labai tvirti ir patvar\u016bs. Lankstus plieninis valas padengtas nailono sluoksniu, tod\u0117l yra tvirtas, ta\u010diau leid\u017eia lengvai slysti per akis. M\u0117lynai \u017ealia valio spalva b\u016bdinga \u201eKnitPro Mindful\u201c kolekcijai. <\/span><\/p>\n<p><span dir=\"auto\">Galimi dyd\u017eiai : 2,00, 2,25, 2,50, 2,75, 3,00, 3,25, 3,50, 3,75, 4,00, 4,50, 5,00, 5,50, 6,00, 6,50, 7,00, 8,00, 9,00 ir 10,00 mm.\u00a0<\/span><\/p>\n<p><span dir=\"auto\">Galima rinktis tarp\u00a0 40, 60, 80, 100 ir 120 cm ilgio.<\/span><\/p>","protected":false},"excerpt":{"rendered":"<p>KnitPro Mindful Lace virbalai su valu yra gra\u017eaus dizaino ir garantuoja valand\u0173 valandas truksiant\u012f mezgimo malonum\u0105. \u201eMindful\u201c kolekcija orientuota \u012f mezgim\u0105 kaip s\u0105moningum\u0105. D\u0117mesys ritmingiems, pasikartojantiems mezgimo virbal\u0173 judesiams veikia raminamai ir ma\u017eina stres\u0105. Tai teigiamai veikia k\u016bn\u0105 ir prot\u0105. Palaipsniui smail\u0117janti forma ir lygus virbal\u0173 galiuk\u0173 pavir\u0161ius garantuoja skland\u0173 mezgim\u0105. Ant kiekvieno virbalo pavir\u0161iaus yra \u012fkvepiantys \u017eod\u017eiai, kurie pad\u0117s sutelkti d\u0117mes\u012f \u012f akimirk\u0105. Virbal\u0173 galiukai pagaminti i\u0161 ner\u016bdijan\u010dio plieno, tod\u0117l jie yra labai tvirti ir patvar\u016bs. Lankstus plieninis valas padengtas nailono sluoksniu, tod\u0117l yra tvirtas, ta\u010diau leid\u017eia lengvai slysti per akis. M\u0117lynai \u017ealia valio spalva b\u016bdinga \u201eKnitPro Mindful\u201c kolekcijai. Galimi dyd\u017eiai : 2,00, 2,25, 2,50, 2,75, 3,00, 3,25, 3,50, 3,75, 4,00, 4,50, 5,00, 5,50, 6,00, 6,50, 7,00, 8,00, 9,00 ir 10,00 mm.\u00a0 Galima rinktis tarp\u00a0 40, 60, 80, 100 ir 120 cm ilgio.<\/p>","protected":false},"featured_media":20880,"comment_status":"open","ping_status":"closed","template":"","meta":[],"product_brand":[],"product_cat":[2440,2123,183],"product_tag":[],"giftcard-category":[],"class_list":{"0":"post-20879","1":"product","2":"type-product","3":"status-publish","4":"has-post-thumbnail","6":"product_cat-knitpro","7":"product_cat-mezgimo-priemoniu-gamintojai","8":"product_cat-virbalai-su-valu","10":"first","11":"instock","12":"taxable","13":"shipping-taxable","14":"purchasable","15":"product-type-variable"},"_links":{"self":[{"href":"https:\/\/bitessiulai.lt\/en\/wp-json\/wp\/v2\/product\/20879","targetHints":{"allow":["GET"]}}],"collection":[{"href":"https:\/\/bitessiulai.lt\/en\/wp-json\/wp\/v2\/product"}],"about":[{"href":"https:\/\/bitessiulai.lt\/en\/wp-json\/wp\/v2\/types\/product"}],"replies":[{"embeddable":true,"href":"https:\/\/bitessiulai.lt\/en\/wp-json\/wp\/v2\/comments?post=20879"}],"version-history":[{"count":1,"href":"https:\/\/bitessiulai.lt\/en\/wp-json\/wp\/v2\/product\/20879\/revisions"}],"predecessor-version":[{"id":20982,"href":"https:\/\/bitessiulai.lt\/en\/wp-json\/wp\/v2\/product\/20879\/revisions\/20982"}],"wp:featuredmedia":[{"embeddable":true,"href":"https:\/\/bitessiulai.lt\/en\/wp-json\/wp\/v2\/media\/20880"}],"wp:attachment":[{"href":"https:\/\/bitessiulai.lt\/en\/wp-json\/wp\/v2\/media?parent=20879"}],"wp:term":[{"taxonomy":"product_brand","embeddable":true,"href":"https:\/\/bitessiulai.lt\/en\/wp-json\/wp\/v2\/product_brand?post=20879"},{"taxonomy":"product_cat","embeddable":true,"href":"https:\/\/bitessiulai.lt\/en\/wp-json\/wp\/v2\/product_cat?post=20879"},{"taxonomy":"product_tag","embeddable":true,"href":"https:\/\/bitessiulai.lt\/en\/wp-json\/wp\/v2\/product_tag?post=20879"},{"taxonomy":"giftcard-category","embeddable":true,"href":"https:\/\/bitessiulai.lt\/en\/wp-json\/wp\/v2\/giftcard-category?post=20879"}],"curies":[{"name":"wp","href":"https:\/\/api.w.org\/{rel}","templated":true}]}}