{"id":20618,"date":"2025-12-11T15:49:24","date_gmt":"2025-12-11T13:49:24","guid":{"rendered":"https:\/\/bitessiulai.lt\/?post_type=product&#038;p=20618"},"modified":"2026-04-24T22:05:58","modified_gmt":"2026-04-24T19:05:58","slug":"phildar-leo-merinos","status":"publish","type":"product","link":"https:\/\/bitessiulai.lt\/en\/product\/phildar-leo-merinos\/","title":{"rendered":"Phildar Leo Merinos"},"content":{"rendered":"<p><strong>Phildar Leo Merinos<\/strong> &#8211; prabang\u016bs si\u016blai, pagaminti Italijoje! Pagaminta i\u0161 nat\u016braliai \u0161ilt\u0173 med\u017eiag\u0173 (moheros ir merino vilnos), puikiai tiks \u017eiemai, taip pat idealiai tiks j\u016bs\u0173 mados ir aksesuar\u0173 k\u016briniams. Unikalios spalvos pad\u0117s sukurti i\u0161skirtinius ir kokybi\u0161kus dirbinius. Margumas leis pagyvinti J\u016bs\u0173 projektus.<\/p>\n<p>&nbsp;<\/p>\n<p><img fetchpriority=\"high\" decoding=\"async\" class=\"alignnone size-medium wp-image-20619\" src=\"http:\/\/bitessiulai.lt\/wp-content\/uploads\/2025\/12\/062354_1122_S1-242x300.jpg\" alt=\"\" width=\"242\" height=\"300\" srcset=\"https:\/\/bitessiulai.lt\/wp-content\/uploads\/2025\/12\/062354_1122_S1-242x300.jpg 242w, https:\/\/bitessiulai.lt\/wp-content\/uploads\/2025\/12\/062354_1122_S1-826x1024.jpg 826w, https:\/\/bitessiulai.lt\/wp-content\/uploads\/2025\/12\/062354_1122_S1-768x952.jpg 768w, https:\/\/bitessiulai.lt\/wp-content\/uploads\/2025\/12\/062354_1122_S1-10x12.jpg 10w, https:\/\/bitessiulai.lt\/wp-content\/uploads\/2025\/12\/062354_1122_S1-600x744.jpg 600w, https:\/\/bitessiulai.lt\/wp-content\/uploads\/2025\/12\/062354_1122_S1-121x150.jpg 121w, https:\/\/bitessiulai.lt\/wp-content\/uploads\/2025\/12\/062354_1122_S1.jpg 1200w\" sizes=\"(max-width: 242px) 100vw, 242px\" \/><img decoding=\"async\" class=\"alignnone size-medium wp-image-20620\" src=\"http:\/\/bitessiulai.lt\/wp-content\/uploads\/2025\/12\/KT25-405B_2333_S1-242x300.jpg\" alt=\"\" width=\"242\" height=\"300\" srcset=\"https:\/\/bitessiulai.lt\/wp-content\/uploads\/2025\/12\/KT25-405B_2333_S1-242x300.jpg 242w, https:\/\/bitessiulai.lt\/wp-content\/uploads\/2025\/12\/KT25-405B_2333_S1-826x1024.jpg 826w, https:\/\/bitessiulai.lt\/wp-content\/uploads\/2025\/12\/KT25-405B_2333_S1-768x952.jpg 768w, https:\/\/bitessiulai.lt\/wp-content\/uploads\/2025\/12\/KT25-405B_2333_S1-10x12.jpg 10w, https:\/\/bitessiulai.lt\/wp-content\/uploads\/2025\/12\/KT25-405B_2333_S1-600x744.jpg 600w, https:\/\/bitessiulai.lt\/wp-content\/uploads\/2025\/12\/KT25-405B_2333_S1-121x150.jpg 121w, https:\/\/bitessiulai.lt\/wp-content\/uploads\/2025\/12\/KT25-405B_2333_S1.jpg 1200w\" sizes=\"(max-width: 242px) 100vw, 242px\" \/> <img decoding=\"async\" class=\"alignnone size-medium wp-image-20621\" src=\"http:\/\/bitessiulai.lt\/wp-content\/uploads\/2025\/12\/KT25-405B_2333_S3-242x300.jpg\" alt=\"\" width=\"242\" height=\"300\" srcset=\"https:\/\/bitessiulai.lt\/wp-content\/uploads\/2025\/12\/KT25-405B_2333_S3-242x300.jpg 242w, https:\/\/bitessiulai.lt\/wp-content\/uploads\/2025\/12\/KT25-405B_2333_S3-826x1024.jpg 826w, https:\/\/bitessiulai.lt\/wp-content\/uploads\/2025\/12\/KT25-405B_2333_S3-768x952.jpg 768w, https:\/\/bitessiulai.lt\/wp-content\/uploads\/2025\/12\/KT25-405B_2333_S3-10x12.jpg 10w, https:\/\/bitessiulai.lt\/wp-content\/uploads\/2025\/12\/KT25-405B_2333_S3-600x744.jpg 600w, https:\/\/bitessiulai.lt\/wp-content\/uploads\/2025\/12\/KT25-405B_2333_S3-121x150.jpg 121w, https:\/\/bitessiulai.lt\/wp-content\/uploads\/2025\/12\/KT25-405B_2333_S3.jpg 1200w\" sizes=\"(max-width: 242px) 100vw, 242px\" \/><img loading=\"lazy\" decoding=\"async\" class=\"alignnone size-medium wp-image-20622\" src=\"http:\/\/bitessiulai.lt\/wp-content\/uploads\/2025\/12\/070011_1333_S4-242x300.webp\" alt=\"\" width=\"242\" height=\"300\" srcset=\"https:\/\/bitessiulai.lt\/wp-content\/uploads\/2025\/12\/070011_1333_S4-242x300.webp 242w, https:\/\/bitessiulai.lt\/wp-content\/uploads\/2025\/12\/070011_1333_S4-10x12.webp 10w, https:\/\/bitessiulai.lt\/wp-content\/uploads\/2025\/12\/070011_1333_S4-121x150.webp 121w, https:\/\/bitessiulai.lt\/wp-content\/uploads\/2025\/12\/070011_1333_S4.webp 600w\" sizes=\"(max-width: 242px) 100vw, 242px\" \/><\/p>\n<p>*The colors you see on your screen may differ slightly from the actual thread color.<\/p>","protected":false},"excerpt":{"rendered":"<p>Sud\u0117tis: 71% mohera, 10% vilna, 17%\u00a0 poliamidas, 2% elastanas<\/p>\n<p>Svoris\/ilgis: 25 g.= ma\u017edaug 137 m.<\/p>\n<p>Rekomenduojamas virbal\u0173 dydis: 6\u00a0 mm.<\/p>","protected":false},"featured_media":20616,"comment_status":"open","ping_status":"closed","template":"","meta":[],"product_brand":[],"product_cat":[173,2746,217,4083,177,362,3718,4064,324,175,410],"product_tag":[],"giftcard-category":[],"class_list":{"0":"post-20618","1":"product","2":"type-product","3":"status-publish","4":"has-post-thumbnail","6":"product_cat-siulai","7":"product_cat-elastanas","8":"product_cat-isparduotuve","9":"product_cat-leo-merinos","10":"product_cat-mezgimo-siulai","11":"product_cat-mohera","12":"product_cat-naujienos","13":"product_cat-phildar","14":"product_cat-poliamidas","15":"product_cat-siulu-pluostai","16":"product_cat-vilna","18":"first","19":"instock","20":"sale","21":"taxable","22":"shipping-taxable","23":"purchasable","24":"product-type-variable"},"_links":{"self":[{"href":"https:\/\/bitessiulai.lt\/en\/wp-json\/wp\/v2\/product\/20618","targetHints":{"allow":["GET"]}}],"collection":[{"href":"https:\/\/bitessiulai.lt\/en\/wp-json\/wp\/v2\/product"}],"about":[{"href":"https:\/\/bitessiulai.lt\/en\/wp-json\/wp\/v2\/types\/product"}],"replies":[{"embeddable":true,"href":"https:\/\/bitessiulai.lt\/en\/wp-json\/wp\/v2\/comments?post=20618"}],"version-history":[{"count":1,"href":"https:\/\/bitessiulai.lt\/en\/wp-json\/wp\/v2\/product\/20618\/revisions"}],"predecessor-version":[{"id":20626,"href":"https:\/\/bitessiulai.lt\/en\/wp-json\/wp\/v2\/product\/20618\/revisions\/20626"}],"wp:featuredmedia":[{"embeddable":true,"href":"https:\/\/bitessiulai.lt\/en\/wp-json\/wp\/v2\/media\/20616"}],"wp:attachment":[{"href":"https:\/\/bitessiulai.lt\/en\/wp-json\/wp\/v2\/media?parent=20618"}],"wp:term":[{"taxonomy":"product_brand","embeddable":true,"href":"https:\/\/bitessiulai.lt\/en\/wp-json\/wp\/v2\/product_brand?post=20618"},{"taxonomy":"product_cat","embeddable":true,"href":"https:\/\/bitessiulai.lt\/en\/wp-json\/wp\/v2\/product_cat?post=20618"},{"taxonomy":"product_tag","embeddable":true,"href":"https:\/\/bitessiulai.lt\/en\/wp-json\/wp\/v2\/product_tag?post=20618"},{"taxonomy":"giftcard-category","embeddable":true,"href":"https:\/\/bitessiulai.lt\/en\/wp-json\/wp\/v2\/giftcard-category?post=20618"}],"curies":[{"name":"wp","href":"https:\/\/api.w.org\/{rel}","templated":true}]}}