{"id":20559,"date":"2025-12-11T15:49:01","date_gmt":"2025-12-11T13:49:01","guid":{"rendered":"https:\/\/bitessiulai.lt\/?post_type=product&#038;p=20559"},"modified":"2026-03-05T12:20:03","modified_gmt":"2026-03-05T10:20:03","slug":"phildar-doudou","status":"publish","type":"product","link":"https:\/\/bitessiulai.lt\/en\/product\/phildar-doudou\/","title":{"rendered":"Phildar Doudou"},"content":{"rendered":"<p><strong>Phildar Doudou &#8211; <\/strong>itin mink\u0161tas ir \u017eaismingas si\u016blas, parduodamas kartu su pliu\u0161iniu \u017eaisliuku. Tai 100% poliesterio si\u016blai, labai pur\u016bs, mink\u0161ti ir tinkami jautriai k\u016bdikio odai. Poliesteris yra izoliacinis pluo\u0161tas, kur\u012f labai lengva pri\u017ei\u016br\u0117ti. Jis yra kar\u0161\u010diui atspariausias i\u0161 vis\u0173 sintetini\u0173 pluo\u0161t\u0173 ir labai greitai d\u017ei\u016bsta. Puiki dovana sau ar J\u016bs\u0173 mylimai mezg\u0117jai!<\/p>\n<p><img fetchpriority=\"high\" decoding=\"async\" class=\"alignnone size-medium wp-image-20560\" src=\"http:\/\/bitessiulai.lt\/wp-content\/uploads\/2025\/12\/056759_2328_S1-242x300.webp\" alt=\"\" width=\"242\" height=\"300\" srcset=\"https:\/\/bitessiulai.lt\/wp-content\/uploads\/2025\/12\/056759_2328_S1-242x300.webp 242w, https:\/\/bitessiulai.lt\/wp-content\/uploads\/2025\/12\/056759_2328_S1-10x12.webp 10w, https:\/\/bitessiulai.lt\/wp-content\/uploads\/2025\/12\/056759_2328_S1-121x150.webp 121w, https:\/\/bitessiulai.lt\/wp-content\/uploads\/2025\/12\/056759_2328_S1.webp 600w\" sizes=\"(max-width: 242px) 100vw, 242px\" \/><img decoding=\"async\" class=\"alignnone size-medium wp-image-20561\" src=\"http:\/\/bitessiulai.lt\/wp-content\/uploads\/2025\/12\/044173_1333_S2-242x300.webp\" alt=\"\" width=\"242\" height=\"300\" srcset=\"https:\/\/bitessiulai.lt\/wp-content\/uploads\/2025\/12\/044173_1333_S2-242x300.webp 242w, https:\/\/bitessiulai.lt\/wp-content\/uploads\/2025\/12\/044173_1333_S2-10x12.webp 10w, https:\/\/bitessiulai.lt\/wp-content\/uploads\/2025\/12\/044173_1333_S2-121x150.webp 121w, https:\/\/bitessiulai.lt\/wp-content\/uploads\/2025\/12\/044173_1333_S2.webp 600w\" sizes=\"(max-width: 242px) 100vw, 242px\" \/><\/p>\n<p><iframe title=\"PHIL DOUDOU\" width=\"640\" height=\"360\" src=\"https:\/\/www.youtube.com\/embed\/OO0R4YAqmtE?feature=oembed\" frameborder=\"0\" allow=\"accelerometer; autoplay; clipboard-write; encrypted-media; gyroscope; picture-in-picture; web-share\" referrerpolicy=\"strict-origin-when-cross-origin\" allowfullscreen><\/iframe><\/p>\n<p>*The colors you see on your screen may differ slightly from the actual thread color.<\/p>","protected":false},"excerpt":{"rendered":"<p>Composition: 100% polyester<\/p>\n<p>Svoris\/ilgis: 200 g.= ma\u017edaug 640 m.<\/p>\n<p>Recommended needle size: 5 mm.<\/p>\n<p>&nbsp;<\/p>","protected":false},"featured_media":20562,"comment_status":"open","ping_status":"closed","template":"","meta":[],"product_brand":[],"product_cat":[173,4065,217,177,3718,4064,328,174,175],"product_tag":[],"giftcard-category":[],"class_list":{"0":"post-20559","1":"product","2":"type-product","3":"status-publish","4":"has-post-thumbnail","6":"product_cat-siulai","7":"product_cat-doudou","8":"product_cat-isparduotuve","9":"product_cat-mezgimo-siulai","10":"product_cat-naujienos","11":"product_cat-phildar","12":"product_cat-poliesteris","13":"product_cat-siulu-gamintojai","14":"product_cat-siulu-pluostai","16":"first","17":"instock","18":"sale","19":"taxable","20":"shipping-taxable","21":"purchasable","22":"product-type-variable"},"_links":{"self":[{"href":"https:\/\/bitessiulai.lt\/en\/wp-json\/wp\/v2\/product\/20559","targetHints":{"allow":["GET"]}}],"collection":[{"href":"https:\/\/bitessiulai.lt\/en\/wp-json\/wp\/v2\/product"}],"about":[{"href":"https:\/\/bitessiulai.lt\/en\/wp-json\/wp\/v2\/types\/product"}],"replies":[{"embeddable":true,"href":"https:\/\/bitessiulai.lt\/en\/wp-json\/wp\/v2\/comments?post=20559"}],"version-history":[{"count":1,"href":"https:\/\/bitessiulai.lt\/en\/wp-json\/wp\/v2\/product\/20559\/revisions"}],"predecessor-version":[{"id":20571,"href":"https:\/\/bitessiulai.lt\/en\/wp-json\/wp\/v2\/product\/20559\/revisions\/20571"}],"wp:featuredmedia":[{"embeddable":true,"href":"https:\/\/bitessiulai.lt\/en\/wp-json\/wp\/v2\/media\/20562"}],"wp:attachment":[{"href":"https:\/\/bitessiulai.lt\/en\/wp-json\/wp\/v2\/media?parent=20559"}],"wp:term":[{"taxonomy":"product_brand","embeddable":true,"href":"https:\/\/bitessiulai.lt\/en\/wp-json\/wp\/v2\/product_brand?post=20559"},{"taxonomy":"product_cat","embeddable":true,"href":"https:\/\/bitessiulai.lt\/en\/wp-json\/wp\/v2\/product_cat?post=20559"},{"taxonomy":"product_tag","embeddable":true,"href":"https:\/\/bitessiulai.lt\/en\/wp-json\/wp\/v2\/product_tag?post=20559"},{"taxonomy":"giftcard-category","embeddable":true,"href":"https:\/\/bitessiulai.lt\/en\/wp-json\/wp\/v2\/giftcard-category?post=20559"}],"curies":[{"name":"wp","href":"https:\/\/api.w.org\/{rel}","templated":true}]}}