{"id":20458,"date":"2025-12-09T10:09:12","date_gmt":"2025-12-09T08:09:12","guid":{"rendered":"https:\/\/bitessiulai.lt\/?post_type=product&#038;p=20458"},"modified":"2026-05-09T07:39:22","modified_gmt":"2026-05-09T04:39:22","slug":"gazzal-aura","status":"publish","type":"product","link":"https:\/\/bitessiulai.lt\/en\/product\/gazzal-aura\/","title":{"rendered":"Gazzal Aura"},"content":{"rendered":"<p><span dir=\"auto\">\u201e<strong>Gazzal Aura<\/strong> \u201c \u2013 tai i\u0161skirtiniai auk\u0161\u010diausios kokyb\u0117s si\u016blai, pagaminti i\u0161 100 % australi\u0161kos \u201eSuperwash\u201c merino vilnos. D\u0117l subtilios ir smulkios pluo\u0161to strukt\u016bros jie suteikia komfort\u0105 ir \u0161ilum\u0105, tuo pa\u010diu i\u0161likdami lengvi ir laid\u016bs orui.<\/span><br \/>\n<span dir=\"auto\">\u0160i\u0173 si\u016bl\u0173 ypatyb\u0117 yra ta, kad jie da\u017eomi rankomis, tod\u0117l joks gaminys nebus pakartotas \u2013 j\u016bs\u0173 projektas taps tikru i\u0161skirtinumu. <\/span><span dir=\"auto\">\u201eSuperwash\u201c apdorojimas u\u017etikrina lengv\u0105 prie\u017ei\u016br\u0105: si\u016blai neblunka ir gali b\u016bti skalbiami skalbimo ma\u0161inoje, i\u0161laikant pirmin\u0119 i\u0161vaizd\u0105 ir mink\u0161tum\u0105.<\/span><\/p>\n<p><img fetchpriority=\"high\" decoding=\"async\" class=\"alignnone size-full wp-image-20461\" src=\"http:\/\/bitessiulai.lt\/wp-content\/uploads\/2025\/12\/images-1.jpg\" alt=\"\" width=\"206\" height=\"245\" srcset=\"https:\/\/bitessiulai.lt\/wp-content\/uploads\/2025\/12\/images-1.jpg 206w, https:\/\/bitessiulai.lt\/wp-content\/uploads\/2025\/12\/images-1-10x12.jpg 10w, https:\/\/bitessiulai.lt\/wp-content\/uploads\/2025\/12\/images-1-126x150.jpg 126w\" sizes=\"(max-width: 206px) 100vw, 206px\" \/><img decoding=\"async\" class=\"alignnone size-medium wp-image-20462\" src=\"http:\/\/bitessiulai.lt\/wp-content\/uploads\/2025\/12\/6880333231_w1280_h640_6880333231-298x300.webp\" alt=\"\" width=\"298\" height=\"300\" srcset=\"https:\/\/bitessiulai.lt\/wp-content\/uploads\/2025\/12\/6880333231_w1280_h640_6880333231-298x300.webp 298w, https:\/\/bitessiulai.lt\/wp-content\/uploads\/2025\/12\/6880333231_w1280_h640_6880333231-150x150.webp 150w, https:\/\/bitessiulai.lt\/wp-content\/uploads\/2025\/12\/6880333231_w1280_h640_6880333231-12x12.webp 12w, https:\/\/bitessiulai.lt\/wp-content\/uploads\/2025\/12\/6880333231_w1280_h640_6880333231-96x96.webp 96w, https:\/\/bitessiulai.lt\/wp-content\/uploads\/2025\/12\/6880333231_w1280_h640_6880333231.webp 586w\" sizes=\"(max-width: 298px) 100vw, 298px\" \/><\/p>\n<div class=\"embed-responsive embed-responsive-16by9\"><iframe title=\"New project \ud83c\udf41\u0406\u0437 \u043f\u0440\u044f\u0436\u0456 Gazzal Aura \ud83e\udd70 Color 163 \u2764\ufe0f\ud83e\ude77\u041d\u043e\u0432\u0438\u043d\u043e\u0447\u043a\u0430 \u0432\u0456\u0434 Gazzal \u2728\" width=\"540\" height=\"960\" src=\"https:\/\/www.youtube.com\/embed\/49PopLDXa9c?feature=oembed\" frameborder=\"0\" allow=\"accelerometer; autoplay; clipboard-write; encrypted-media; gyroscope; picture-in-picture; web-share\" referrerpolicy=\"strict-origin-when-cross-origin\" allowfullscreen><\/iframe><\/div>\n<p>*The colors you see on your screen may differ slightly from the actual thread color.<\/p>","protected":false},"excerpt":{"rendered":"<p>Composition: 100% Australian merino wool<\/p>\n<p>Svoris\/ilgis: 100 g.= ma\u017edaug 197 m.<\/p>\n<p>Recommended needle size: 5 \u2013 6 mm.<\/p>\n<p>Rekomenduojamas va\u0161elio dydis: 3 &#8211; 5\u00a0 mm.<\/p>","protected":false},"featured_media":20525,"comment_status":"open","ping_status":"closed","template":"","meta":[],"product_brand":[],"product_cat":[173,4040,947,948,177,178,174,175],"product_tag":[],"giftcard-category":[],"class_list":{"0":"post-20458","1":"product","2":"type-product","3":"status-publish","4":"has-post-thumbnail","6":"product_cat-siulai","7":"product_cat-aura","8":"product_cat-gazzal","9":"product_cat-merino-vilna","10":"product_cat-mezgimo-siulai","11":"product_cat-nerimo-siulai","12":"product_cat-siulu-gamintojai","13":"product_cat-siulu-pluostai","15":"first","16":"instock","17":"taxable","18":"shipping-taxable","19":"purchasable","20":"product-type-variable"},"_links":{"self":[{"href":"https:\/\/bitessiulai.lt\/en\/wp-json\/wp\/v2\/product\/20458","targetHints":{"allow":["GET"]}}],"collection":[{"href":"https:\/\/bitessiulai.lt\/en\/wp-json\/wp\/v2\/product"}],"about":[{"href":"https:\/\/bitessiulai.lt\/en\/wp-json\/wp\/v2\/types\/product"}],"replies":[{"embeddable":true,"href":"https:\/\/bitessiulai.lt\/en\/wp-json\/wp\/v2\/comments?post=20458"}],"version-history":[{"count":3,"href":"https:\/\/bitessiulai.lt\/en\/wp-json\/wp\/v2\/product\/20458\/revisions"}],"predecessor-version":[{"id":20520,"href":"https:\/\/bitessiulai.lt\/en\/wp-json\/wp\/v2\/product\/20458\/revisions\/20520"}],"wp:featuredmedia":[{"embeddable":true,"href":"https:\/\/bitessiulai.lt\/en\/wp-json\/wp\/v2\/media\/20525"}],"wp:attachment":[{"href":"https:\/\/bitessiulai.lt\/en\/wp-json\/wp\/v2\/media?parent=20458"}],"wp:term":[{"taxonomy":"product_brand","embeddable":true,"href":"https:\/\/bitessiulai.lt\/en\/wp-json\/wp\/v2\/product_brand?post=20458"},{"taxonomy":"product_cat","embeddable":true,"href":"https:\/\/bitessiulai.lt\/en\/wp-json\/wp\/v2\/product_cat?post=20458"},{"taxonomy":"product_tag","embeddable":true,"href":"https:\/\/bitessiulai.lt\/en\/wp-json\/wp\/v2\/product_tag?post=20458"},{"taxonomy":"giftcard-category","embeddable":true,"href":"https:\/\/bitessiulai.lt\/en\/wp-json\/wp\/v2\/giftcard-category?post=20458"}],"curies":[{"name":"wp","href":"https:\/\/api.w.org\/{rel}","templated":true}]}}