{"id":20149,"date":"2025-12-03T14:26:33","date_gmt":"2025-12-03T12:26:33","guid":{"rendered":"https:\/\/bitessiulai.lt\/?post_type=product&#038;p=20149"},"modified":"2026-04-01T20:38:19","modified_gmt":"2026-04-01T17:38:19","slug":"eucalan-skalbiklis-vilnai-5ml-meginukas","status":"publish","type":"product","link":"https:\/\/bitessiulai.lt\/en\/product\/eucalan-skalbiklis-vilnai-5ml-meginukas\/","title":{"rendered":"Eucalan skalbiklis vilnai 5ml (m\u0117ginukas)"},"content":{"rendered":"<p><b style=\"letter-spacing: 0px;\"><span dir=\"auto\">\u201eEucalan skalbiklis vilnai 5ml (m\u0117ginukas)\u201c<\/span><\/b><span dir=\"auto\" style=\"letter-spacing: 0px;\"> vilnos skalbiklio sud\u0117tyje yra lanolino, kuris stiprina vilnoni\u0173 gamini\u0173 pluo\u0161tus ir padeda jiems i\u0161likti optimalios b\u016bkl\u0117s. Kvapn\u016bs variantai su eteriniais aliejais suteiks j\u016bs\u0173 skalbiniams nuostab\u0173 kvap\u0105. \u201eEucalan\u201c yra netoksi\u0161kas, be optini\u0173 balikli\u0173, dirbtini\u0173 kvapikli\u0173 ir nepalieka joki\u0173 p\u0117dsak\u0173 ant j\u016bs\u0173 drabu\u017ei\u0173. \u201eEucalan\u201c yra idealus skalbiklis megztiems ir nertiems gaminiams, apatiniams, k\u016bdiki\u0173 drabu\u017eiams ir pliu\u0161iniams \u017eaislams. \u0160iame kvap\u0173 mi\u0161inyje yra skirting\u0173 kvap\u0173 \u201eEucalan\u201c pavyzd\u017ei\u0173: levand\u0173, jazmin\u0173, greipfrut\u0173, eukalipto ir nat\u016bralaus (be kvapo). Kiekviename m\u0117ginyje yra 5 ml, tai yra pakankamai vienam skalbimui.\u00a0<\/span><\/p>\n<div class=\"value\">\n<p><span dir=\"auto\">Eukalan\u0173 ingredient\u0173 s\u0105ra\u0161as:<\/span><\/p>\n<ul>\n<li><span dir=\"auto\">eterinis aliejus (nat\u016bralus aliejus, netaikoma nat\u016braliam eukaloniniam aliejui)<\/span><\/li>\n<li><span dir=\"auto\">ammonium lauryl sulfate (vegetable soap)<\/span><\/li>\n<li><span dir=\"auto\">ammonium chloride (an ammonium salt used as a thickener)<\/span><\/li>\n<li><span dir=\"auto\">cocamide MEA (weak foaming agent and thickener of vegetable origin)<\/span><\/li>\n<li><span dir=\"auto\">purified water<\/span><\/li>\n<li><span dir=\"auto\">hydroxypropyl methylcellulose (vegetable-based thickener)<\/span><\/li>\n<li><span dir=\"auto\">PEG 75 lanolin (naturally derived lanolin)<\/span><\/li>\n<li><span dir=\"auto\">methylchloroisothiazolinone (antibacterial preservative)<\/span><\/li>\n<\/ul>\n<\/div>","protected":false},"excerpt":{"rendered":"<p>\u201eEucalan skalbiklis vilnai 5ml (m\u0117ginukas)\u201c vilnos skalbiklio sud\u0117tyje yra lanolino, kuris stiprina vilnoni\u0173 gamini\u0173 pluo\u0161tus ir padeda jiems i\u0161likti optimalios b\u016bkl\u0117s. Kvapn\u016bs variantai su eteriniais aliejais suteiks j\u016bs\u0173 skalbiniams nuostab\u0173 kvap\u0105. \u201eEucalan\u201c yra netoksi\u0161kas, be optini\u0173 balikli\u0173, dirbtini\u0173 kvapikli\u0173 ir nepalieka joki\u0173 p\u0117dsak\u0173 ant j\u016bs\u0173 drabu\u017ei\u0173. \u201eEucalan\u201c yra idealus skalbiklis megztiems ir nertiems gaminiams, apatiniams, k\u016bdiki\u0173 drabu\u017eiams ir pliu\u0161iniams \u017eaislams. \u0160iame kvap\u0173 mi\u0161inyje yra skirting\u0173 kvap\u0173 \u201eEucalan\u201c pavyzd\u017ei\u0173: levand\u0173, jazmin\u0173, greipfrut\u0173, eukalipto ir nat\u016bralaus (be kvapo). Kiekviename m\u0117ginyje yra 5 ml, tai yra pakankamai vienam skalbimui.\u00a0 Eukalan\u0173 ingredient\u0173 s\u0105ra\u0161as: eterinis aliejus (nat\u016bralus aliejus, netaikoma nat\u016braliam eukaloniniam aliejui) amonio laurilsulfatas (augalinis muilas) amonio chloridas (amonio druska, naudojama kaip tir\u0161tiklis) kokamidas MEA (silpnas putojantis agentas ir augalin\u0117s kilm\u0117s tir\u0161tiklis) i\u0161grynintas vanduo hidroksipropilmetilceliulioz\u0117 (augalin\u0117s kilm\u0117s tir\u0161tiklis) PEG 75 lanolinas (nat\u016braliai i\u0161gaunamas lanolinas) metilchlorizotiazolinonas (antibakterinis konservantas)<\/p>","protected":false},"featured_media":20158,"comment_status":"open","ping_status":"closed","template":"","meta":[],"product_brand":[],"product_cat":[192,203,3718],"product_tag":[],"giftcard-category":[],"class_list":{"0":"post-20149","1":"product","2":"type-product","3":"status-publish","4":"has-post-thumbnail","6":"product_cat-priedai-mezgimui","7":"product_cat-mezginiu-prieziura","8":"product_cat-naujienos","10":"first","11":"instock","12":"taxable","13":"shipping-taxable","14":"purchasable","15":"product-type-variable"},"_links":{"self":[{"href":"https:\/\/bitessiulai.lt\/en\/wp-json\/wp\/v2\/product\/20149","targetHints":{"allow":["GET"]}}],"collection":[{"href":"https:\/\/bitessiulai.lt\/en\/wp-json\/wp\/v2\/product"}],"about":[{"href":"https:\/\/bitessiulai.lt\/en\/wp-json\/wp\/v2\/types\/product"}],"replies":[{"embeddable":true,"href":"https:\/\/bitessiulai.lt\/en\/wp-json\/wp\/v2\/comments?post=20149"}],"version-history":[{"count":1,"href":"https:\/\/bitessiulai.lt\/en\/wp-json\/wp\/v2\/product\/20149\/revisions"}],"predecessor-version":[{"id":21680,"href":"https:\/\/bitessiulai.lt\/en\/wp-json\/wp\/v2\/product\/20149\/revisions\/21680"}],"wp:featuredmedia":[{"embeddable":true,"href":"https:\/\/bitessiulai.lt\/en\/wp-json\/wp\/v2\/media\/20158"}],"wp:attachment":[{"href":"https:\/\/bitessiulai.lt\/en\/wp-json\/wp\/v2\/media?parent=20149"}],"wp:term":[{"taxonomy":"product_brand","embeddable":true,"href":"https:\/\/bitessiulai.lt\/en\/wp-json\/wp\/v2\/product_brand?post=20149"},{"taxonomy":"product_cat","embeddable":true,"href":"https:\/\/bitessiulai.lt\/en\/wp-json\/wp\/v2\/product_cat?post=20149"},{"taxonomy":"product_tag","embeddable":true,"href":"https:\/\/bitessiulai.lt\/en\/wp-json\/wp\/v2\/product_tag?post=20149"},{"taxonomy":"giftcard-category","embeddable":true,"href":"https:\/\/bitessiulai.lt\/en\/wp-json\/wp\/v2\/giftcard-category?post=20149"}],"curies":[{"name":"wp","href":"https:\/\/api.w.org\/{rel}","templated":true}]}}