{"id":19957,"date":"2025-11-29T13:00:29","date_gmt":"2025-11-29T11:00:29","guid":{"rendered":"https:\/\/bitessiulai.lt\/?post_type=product&#038;p=19957"},"modified":"2025-12-03T09:14:45","modified_gmt":"2025-12-03T07:14:45","slug":"200e-popierinis-dovanu-kuponas","status":"publish","type":"product","link":"https:\/\/bitessiulai.lt\/en\/product\/200e-popierinis-dovanu-kuponas\/","title":{"rendered":"200\u20ac Popierinis Dovan\u0173 kuponas"},"content":{"rendered":"<p><strong>200\u20ac Popierinis Dovan\u0173 kuponas:<\/strong><\/p>\n<ul>\n<li>Kupono suma<\/li>\n<li>Galiojimo data<\/li>\n<li>Kupono kodas<\/li>\n<\/ul>\n<p><strong>Informacija apie Dovan\u0173 kupon\u0105<\/strong><\/p>\n<ul>\n<li>Dovan\u0173 kuponas galioja 3m\u0117n., pasibaigus galiojimo terminui pinigai n\u0117ra gr\u0105\u017einami<\/li>\n<li>Dovan\u0173 kupon\u0105 galima panaudoti \u012fvedus nurodyta kupono kod\u0105<\/li>\n<li>Prek\u0117s pirktos su dovan\u0173 kuponu n\u0117r\u0105 kei\u010diamos ar gr\u0105\u017einamos<\/li>\n<li>Pirk\u0117jui panaudojus ma\u017eesn\u0119 kupono sum\u0105, pinigai n\u0117ra gr\u0105\u017einami<\/li>\n<li>Dovan\u0173 kuponas negr\u0105\u017einamas ir nekei\u010diamas \u012f pinigin\u0119 i\u0161rai\u0161k\u0105<\/li>\n<li>Kuponas gali b\u016bti panaudotas vieno apsipirkimo metu<\/li>\n<\/ul>\n<p>Popierinis Dovan\u0173 kuponas i\u0161siun\u010diamas J\u016bs\u0173 pasirinktu siuntimo b\u016bdu u\u017esakymo metu. Norint panaudoti kupon\u0105, kod\u0105 reiki\u0105 \u012fvesti suformavus krep\u0161el\u012f i skilt\u012f &#8220;Nuolaidos Kodas&#8221;.<\/p>","protected":false},"excerpt":{"rendered":"<p>200\u20ac Popierinis Dovan\u0173 kuponas: Kupono suma Galiojimo data Kupono kodas Informacija apie Dovan\u0173 kupon\u0105 Dovan\u0173 kuponas galioja 3m\u0117n., pasibaigus galiojimo terminui pinigai n\u0117ra gr\u0105\u017einami Dovan\u0173 kupon\u0105 galima panaudoti \u012fvedus nurodyta kupono kod\u0105 Prek\u0117s pirktos su dovan\u0173 kuponu n\u0117r\u0105 kei\u010diamos ar gr\u0105\u017einamos Pirk\u0117jui panaudojus ma\u017eesn\u0119 kupono sum\u0105, pinigai n\u0117ra gr\u0105\u017einami Dovan\u0173 kuponas negr\u0105\u017einamas ir nekei\u010diamas \u012f pinigin\u0119 i\u0161rai\u0161k\u0105 Kuponas gali b\u016bti panaudotas vieno apsipirkimo metu Popierinis Dovan\u0173 kuponas i\u0161siun\u010diamas J\u016bs\u0173 pasirinktu siuntimo b\u016bdu u\u017esakymo metu. Norint panaudoti kupon\u0105, kod\u0105 reiki\u0105 \u012fvesti suformavus krep\u0161el\u012f i skilt\u012f &#8220;Nuolaidos Kodas&#8221;.<\/p>","protected":false},"featured_media":20135,"comment_status":"open","ping_status":"closed","template":"","meta":[],"product_brand":[],"product_cat":[216],"product_tag":[],"giftcard-category":[],"class_list":{"0":"post-19957","1":"product","2":"type-product","3":"status-publish","4":"has-post-thumbnail","6":"product_cat-dovanu-kuponai","8":"first","9":"instock","10":"taxable","11":"shipping-taxable","12":"purchasable","13":"product-type-simple"},"_links":{"self":[{"href":"https:\/\/bitessiulai.lt\/en\/wp-json\/wp\/v2\/product\/19957","targetHints":{"allow":["GET"]}}],"collection":[{"href":"https:\/\/bitessiulai.lt\/en\/wp-json\/wp\/v2\/product"}],"about":[{"href":"https:\/\/bitessiulai.lt\/en\/wp-json\/wp\/v2\/types\/product"}],"replies":[{"embeddable":true,"href":"https:\/\/bitessiulai.lt\/en\/wp-json\/wp\/v2\/comments?post=19957"}],"version-history":[{"count":0,"href":"https:\/\/bitessiulai.lt\/en\/wp-json\/wp\/v2\/product\/19957\/revisions"}],"wp:featuredmedia":[{"embeddable":true,"href":"https:\/\/bitessiulai.lt\/en\/wp-json\/wp\/v2\/media\/20135"}],"wp:attachment":[{"href":"https:\/\/bitessiulai.lt\/en\/wp-json\/wp\/v2\/media?parent=19957"}],"wp:term":[{"taxonomy":"product_brand","embeddable":true,"href":"https:\/\/bitessiulai.lt\/en\/wp-json\/wp\/v2\/product_brand?post=19957"},{"taxonomy":"product_cat","embeddable":true,"href":"https:\/\/bitessiulai.lt\/en\/wp-json\/wp\/v2\/product_cat?post=19957"},{"taxonomy":"product_tag","embeddable":true,"href":"https:\/\/bitessiulai.lt\/en\/wp-json\/wp\/v2\/product_tag?post=19957"},{"taxonomy":"giftcard-category","embeddable":true,"href":"https:\/\/bitessiulai.lt\/en\/wp-json\/wp\/v2\/giftcard-category?post=19957"}],"curies":[{"name":"wp","href":"https:\/\/api.w.org\/{rel}","templated":true}]}}