{"id":16064,"date":"2025-09-06T10:30:51","date_gmt":"2025-09-06T07:30:51","guid":{"rendered":"https:\/\/bitessiulai.lt\/?post_type=product&#038;p=16064"},"modified":"2026-03-09T14:13:53","modified_gmt":"2026-03-09T12:13:53","slug":"eucalan-skystas-skalbiklis-su-eukalipto-kvapu-500ml","status":"publish","type":"product","link":"https:\/\/bitessiulai.lt\/en\/product\/eucalan-skystas-skalbiklis-su-eukalipto-kvapu-500ml\/","title":{"rendered":"Eucalan liquid detergent with eucalyptus scent 500ml"},"content":{"rendered":"<p>Eucalan liquid detergent with eucalyptus scent 500ml. <b><span dir=\"auto\">Eucalan<\/span><\/b><span dir=\"auto\">\u00a0 The detergent contains lanolin, which strengthens the fibers of wool products and helps them stay in optimal condition. This eucalyptus scented variant with essential oil will give your laundry a pleasant scent. Eucalan is non-toxic, free of optical brighteners, artificial fragrances and leaves no traces on your clothes. Eucalan is the ideal detergent for washing knitted and crocheted products, underwear, baby clothes and plush toys. Each bottle contains 500 ml of detergent.\u00a0<\/span><\/p>\n<p><span dir=\"auto\">Ingredients list:<\/span><\/p>\n<ul>\n<li><span dir=\"auto\">essential oil (natural eucalyptus oil)<\/span><\/li>\n<li><span dir=\"auto\">ammonium lauryl sulfate (vegetable soap)<\/span><\/li>\n<li><span dir=\"auto\">ammonium chloride (an ammonium salt used as a thickener)<\/span><\/li>\n<li><span dir=\"auto\">cocamide MEA (weak foaming agent and thickener of vegetable origin)<\/span><\/li>\n<li><span dir=\"auto\">purified water<\/span><\/li>\n<li><span dir=\"auto\">hydroxypropyl methylcellulose (vegetable-based thickener)<\/span><\/li>\n<li><span dir=\"auto\">PEG 75 lanolin (naturally derived lanolin)<\/span><\/li>\n<li><span dir=\"auto\">methylchloroisothiazolinone (antibacterial preservative)<\/span><\/li>\n<\/ul>\n<p><img fetchpriority=\"high\" decoding=\"async\" class=\"alignnone size-medium wp-image-16067\" src=\"http:\/\/bitessiulai.lt\/wp-content\/uploads\/2025\/09\/config500ml_1-300x300.webp\" alt=\"\" width=\"300\" height=\"300\" srcset=\"https:\/\/bitessiulai.lt\/wp-content\/uploads\/2025\/09\/config500ml_1-300x300.webp 300w, https:\/\/bitessiulai.lt\/wp-content\/uploads\/2025\/09\/config500ml_1-150x150.webp 150w, https:\/\/bitessiulai.lt\/wp-content\/uploads\/2025\/09\/config500ml_1-12x12.webp 12w, https:\/\/bitessiulai.lt\/wp-content\/uploads\/2025\/09\/config500ml_1-600x600.webp 600w, https:\/\/bitessiulai.lt\/wp-content\/uploads\/2025\/09\/config500ml_1-96x96.webp 96w, https:\/\/bitessiulai.lt\/wp-content\/uploads\/2025\/09\/config500ml_1.webp 700w\" sizes=\"(max-width: 300px) 100vw, 300px\" \/> <img decoding=\"async\" class=\"alignnone size-medium wp-image-16068\" src=\"http:\/\/bitessiulai.lt\/wp-content\/uploads\/2025\/09\/config_1-300x300.webp\" alt=\"\" width=\"300\" height=\"300\" srcset=\"https:\/\/bitessiulai.lt\/wp-content\/uploads\/2025\/09\/config_1-300x300.webp 300w, https:\/\/bitessiulai.lt\/wp-content\/uploads\/2025\/09\/config_1-150x150.webp 150w, https:\/\/bitessiulai.lt\/wp-content\/uploads\/2025\/09\/config_1-12x12.webp 12w, https:\/\/bitessiulai.lt\/wp-content\/uploads\/2025\/09\/config_1-600x600.webp 600w, https:\/\/bitessiulai.lt\/wp-content\/uploads\/2025\/09\/config_1-96x96.webp 96w, https:\/\/bitessiulai.lt\/wp-content\/uploads\/2025\/09\/config_1.webp 700w\" sizes=\"(max-width: 300px) 100vw, 300px\" \/> <img decoding=\"async\" class=\"alignnone size-medium wp-image-16069\" src=\"http:\/\/bitessiulai.lt\/wp-content\/uploads\/2025\/09\/elg500-2-300x300.webp\" alt=\"\" width=\"300\" height=\"300\" srcset=\"https:\/\/bitessiulai.lt\/wp-content\/uploads\/2025\/09\/elg500-2-300x300.webp 300w, https:\/\/bitessiulai.lt\/wp-content\/uploads\/2025\/09\/elg500-2-150x150.webp 150w, https:\/\/bitessiulai.lt\/wp-content\/uploads\/2025\/09\/elg500-2-12x12.webp 12w, https:\/\/bitessiulai.lt\/wp-content\/uploads\/2025\/09\/elg500-2-600x600.webp 600w, https:\/\/bitessiulai.lt\/wp-content\/uploads\/2025\/09\/elg500-2-96x96.webp 96w, https:\/\/bitessiulai.lt\/wp-content\/uploads\/2025\/09\/elg500-2.webp 700w\" sizes=\"(max-width: 300px) 100vw, 300px\" \/><\/p>","protected":false},"excerpt":{"rendered":"<p>Eucalan skystas skalbiklis su eukalipto kvapu 500ml . \u201eEucalan\u201c\u00a0 skalbiklio sud\u0117tyje yra lanolino, kuris stiprina vilnoni\u0173 gamini\u0173 pluo\u0161tus ir padeda jiems i\u0161likti optimalios b\u016bkl\u0117s. \u0160is eukalipto kvapo variantas su eteriniu aliejumi suteiks j\u016bs\u0173 skalbiniams malon\u0173 kvap\u0105. \u201eEucalan\u201c yra netoksi\u0161kas, be optini\u0173 balikli\u0173, dirbtini\u0173 kvapikli\u0173 ir nepalieka joki\u0173 p\u0117dsak\u0173 ant j\u016bs\u0173 drabu\u017ei\u0173. \u201eEucalan\u201c yra idealus skalbiklis megztiems ir nertiems gaminiams, apatiniams, k\u016bdiki\u0173 drabu\u017eiams ir pliu\u0161iniams \u017eaislams skalbti. Kiekviename buteliuke yra 500 ml skalbiklio.\u00a0 Ingredient\u0173 s\u0105ra\u0161as: eterinis aliejus (nat\u016bralus eukalipto aliejus) amonio laurilsulfatas (augalinis muilas) amonio chloridas (amonio druska, naudojama kaip tir\u0161tiklis) kokamidas MEA (silpnas putojantis agentas ir augalin\u0117s kilm\u0117s tir\u0161tiklis) i\u0161grynintas vanduo hidroksipropilmetilceliulioz\u0117 (augalin\u0117s kilm\u0117s tir\u0161tiklis) PEG 75 lanolinas (nat\u016braliai i\u0161gaunamas lanolinas) metilchlorizotiazolinonas (antibakterinis konservantas)<\/p>","protected":false},"featured_media":16065,"comment_status":"open","ping_status":"closed","template":"","meta":[],"product_brand":[],"product_cat":[192,203,3718],"product_tag":[],"giftcard-category":[],"class_list":{"0":"post-16064","1":"product","2":"type-product","3":"status-publish","4":"has-post-thumbnail","6":"product_cat-priedai-mezgimui","7":"product_cat-mezginiu-prieziura","8":"product_cat-naujienos","10":"first","11":"instock","12":"taxable","13":"shipping-taxable","14":"purchasable","15":"product-type-simple"},"_links":{"self":[{"href":"https:\/\/bitessiulai.lt\/en\/wp-json\/wp\/v2\/product\/16064","targetHints":{"allow":["GET"]}}],"collection":[{"href":"https:\/\/bitessiulai.lt\/en\/wp-json\/wp\/v2\/product"}],"about":[{"href":"https:\/\/bitessiulai.lt\/en\/wp-json\/wp\/v2\/types\/product"}],"replies":[{"embeddable":true,"href":"https:\/\/bitessiulai.lt\/en\/wp-json\/wp\/v2\/comments?post=16064"}],"version-history":[{"count":1,"href":"https:\/\/bitessiulai.lt\/en\/wp-json\/wp\/v2\/product\/16064\/revisions"}],"predecessor-version":[{"id":23624,"href":"https:\/\/bitessiulai.lt\/en\/wp-json\/wp\/v2\/product\/16064\/revisions\/23624"}],"wp:featuredmedia":[{"embeddable":true,"href":"https:\/\/bitessiulai.lt\/en\/wp-json\/wp\/v2\/media\/16065"}],"wp:attachment":[{"href":"https:\/\/bitessiulai.lt\/en\/wp-json\/wp\/v2\/media?parent=16064"}],"wp:term":[{"taxonomy":"product_brand","embeddable":true,"href":"https:\/\/bitessiulai.lt\/en\/wp-json\/wp\/v2\/product_brand?post=16064"},{"taxonomy":"product_cat","embeddable":true,"href":"https:\/\/bitessiulai.lt\/en\/wp-json\/wp\/v2\/product_cat?post=16064"},{"taxonomy":"product_tag","embeddable":true,"href":"https:\/\/bitessiulai.lt\/en\/wp-json\/wp\/v2\/product_tag?post=16064"},{"taxonomy":"giftcard-category","embeddable":true,"href":"https:\/\/bitessiulai.lt\/en\/wp-json\/wp\/v2\/giftcard-category?post=16064"}],"curies":[{"name":"wp","href":"https:\/\/api.w.org\/{rel}","templated":true}]}}