{"id":16023,"date":"2025-09-06T08:47:59","date_gmt":"2025-09-06T05:47:59","guid":{"rendered":"https:\/\/bitessiulai.lt\/?post_type=product&#038;p=16023"},"modified":"2026-05-04T06:43:45","modified_gmt":"2026-05-04T03:43:45","slug":"opry-sulankstomos-zirkles","status":"publish","type":"product","link":"https:\/\/bitessiulai.lt\/en\/product\/opry-sulankstomos-zirkles\/","title":{"rendered":"Opry folding scissors"},"content":{"rendered":"<p><strong><span dir=\"auto\">Opry<\/span><\/strong><span dir=\"auto\"><strong>\u00a0folding scissors<\/strong> \u2013 a convenient and safe tool for crafts on the go. When you want to store or take the scissors with you, simply bend the tips inward. This will prevent damage to your belongings or your craft bag and prevent you from getting hurt while searching for something in your bag. The metal scissors have shiny handles and are available in four different colors.\u00a0<\/span><\/p>","protected":false},"excerpt":{"rendered":"<p>Opry\u00a0sulankstomos \u017eirkl\u0117s &#8211; patogus ir saugus \u012frankis rankdarbiams kelyje. Kai norite laikyti ar pasiimti \u017eirkles su savimi, tiesiog sulenkite galiukus \u012f vid\u0173. Taip i\u0161vengsite \u017ealos savo daiktams ar rankdarbi\u0173 krep\u0161iui ir nesusi\u017eeisite ie\u0161kodami ko nors krep\u0161yje. Metalin\u0117s \u017eirkl\u0117s turi blizgan\u010dias rankenas ir yra keturi\u0173 skirting\u0173 spalv\u0173.\u00a0<\/p>","protected":false},"featured_media":16025,"comment_status":"open","ping_status":"closed","template":"","meta":[],"product_brand":[],"product_cat":[217,3718,192,215],"product_tag":[],"giftcard-category":[],"class_list":{"0":"post-16023","1":"product","2":"type-product","3":"status-publish","4":"has-post-thumbnail","6":"product_cat-isparduotuve","7":"product_cat-naujienos","8":"product_cat-priedai-mezgimui","9":"product_cat-zirkles","11":"first","12":"instock","13":"sale","14":"taxable","15":"shipping-taxable","16":"purchasable","17":"product-type-variable"},"_links":{"self":[{"href":"https:\/\/bitessiulai.lt\/en\/wp-json\/wp\/v2\/product\/16023","targetHints":{"allow":["GET"]}}],"collection":[{"href":"https:\/\/bitessiulai.lt\/en\/wp-json\/wp\/v2\/product"}],"about":[{"href":"https:\/\/bitessiulai.lt\/en\/wp-json\/wp\/v2\/types\/product"}],"replies":[{"embeddable":true,"href":"https:\/\/bitessiulai.lt\/en\/wp-json\/wp\/v2\/comments?post=16023"}],"version-history":[{"count":1,"href":"https:\/\/bitessiulai.lt\/en\/wp-json\/wp\/v2\/product\/16023\/revisions"}],"predecessor-version":[{"id":21033,"href":"https:\/\/bitessiulai.lt\/en\/wp-json\/wp\/v2\/product\/16023\/revisions\/21033"}],"wp:featuredmedia":[{"embeddable":true,"href":"https:\/\/bitessiulai.lt\/en\/wp-json\/wp\/v2\/media\/16025"}],"wp:attachment":[{"href":"https:\/\/bitessiulai.lt\/en\/wp-json\/wp\/v2\/media?parent=16023"}],"wp:term":[{"taxonomy":"product_brand","embeddable":true,"href":"https:\/\/bitessiulai.lt\/en\/wp-json\/wp\/v2\/product_brand?post=16023"},{"taxonomy":"product_cat","embeddable":true,"href":"https:\/\/bitessiulai.lt\/en\/wp-json\/wp\/v2\/product_cat?post=16023"},{"taxonomy":"product_tag","embeddable":true,"href":"https:\/\/bitessiulai.lt\/en\/wp-json\/wp\/v2\/product_tag?post=16023"},{"taxonomy":"giftcard-category","embeddable":true,"href":"https:\/\/bitessiulai.lt\/en\/wp-json\/wp\/v2\/giftcard-category?post=16023"}],"curies":[{"name":"wp","href":"https:\/\/api.w.org\/{rel}","templated":true}]}}