{"id":14127,"date":"2025-07-08T16:00:47","date_gmt":"2025-07-08T13:00:47","guid":{"rendered":"https:\/\/bitessiulai.lt\/?post_type=product&#038;p=14127"},"modified":"2026-04-21T09:35:04","modified_gmt":"2026-04-21T06:35:04","slug":"7cm-lykke-umber-starter-prisukamu-mediniu-virbalu-rinkinys","status":"publish","type":"product","link":"https:\/\/bitessiulai.lt\/en\/product\/7cm-lykke-umber-starter-prisukamu-mediniu-virbalu-rinkinys\/","title":{"rendered":"7cm. LYKKE UMBER STARTER set of screw-on wooden skewers"},"content":{"rendered":"<h6><strong>LYKKE UMBER STARTER set of screw-on wooden skewers:<\/strong><\/h6>\n<ul>\n<li><strong>5pcs. screw-on pins<\/strong> (3.25mm, <em>3.5mm, 3.75mm, 4.0mm, 4.5mm.)<\/em><\/li>\n<li><strong>3pcs. screw-in lines<\/strong> ( 4<em>0cm, 50cm, 60cm)<\/em><\/li>\n<li><strong>2<\/strong> line connections,<strong> 4<\/strong> brakes, <strong>2 <\/strong>tightening wrenches. Length of pins: <strong>7cm.<\/strong><\/li>\n<\/ul>\n<p><img fetchpriority=\"high\" decoding=\"async\" class=\"alignnone size-medium wp-image-14128\" src=\"http:\/\/bitessiulai.lt\/wp-content\/uploads\/2025\/07\/lykke_umber_tips-300x300.jpg\" alt=\"\" width=\"300\" height=\"300\" srcset=\"https:\/\/bitessiulai.lt\/wp-content\/uploads\/2025\/07\/lykke_umber_tips-300x300.jpg 300w, https:\/\/bitessiulai.lt\/wp-content\/uploads\/2025\/07\/lykke_umber_tips-1024x1024.jpg 1024w, https:\/\/bitessiulai.lt\/wp-content\/uploads\/2025\/07\/lykke_umber_tips-150x150.jpg 150w, https:\/\/bitessiulai.lt\/wp-content\/uploads\/2025\/07\/lykke_umber_tips-768x768.jpg 768w, https:\/\/bitessiulai.lt\/wp-content\/uploads\/2025\/07\/lykke_umber_tips-12x12.jpg 12w, https:\/\/bitessiulai.lt\/wp-content\/uploads\/2025\/07\/lykke_umber_tips-600x600.jpg 600w, https:\/\/bitessiulai.lt\/wp-content\/uploads\/2025\/07\/lykke_umber_tips-96x96.jpg 96w, https:\/\/bitessiulai.lt\/wp-content\/uploads\/2025\/07\/lykke_umber_tips.jpg 1280w\" sizes=\"(max-width: 300px) 100vw, 300px\" \/> <img decoding=\"async\" class=\"alignnone size-medium wp-image-14129\" src=\"http:\/\/bitessiulai.lt\/wp-content\/uploads\/2025\/07\/31744621150.7178.png-300x300.webp\" alt=\"\" width=\"300\" height=\"300\" srcset=\"https:\/\/bitessiulai.lt\/wp-content\/uploads\/2025\/07\/31744621150.7178.png-300x300.webp 300w, https:\/\/bitessiulai.lt\/wp-content\/uploads\/2025\/07\/31744621150.7178.png-150x150.webp 150w, https:\/\/bitessiulai.lt\/wp-content\/uploads\/2025\/07\/31744621150.7178.png-12x12.webp 12w, https:\/\/bitessiulai.lt\/wp-content\/uploads\/2025\/07\/31744621150.7178.png-96x96.webp 96w, https:\/\/bitessiulai.lt\/wp-content\/uploads\/2025\/07\/31744621150.7178.png.webp 600w\" sizes=\"(max-width: 300px) 100vw, 300px\" \/><\/p>\n<p><b>LYKKE UMBER STARTER <\/b>\u2013 these are handmade, high-quality needles made of natural birch wood.<\/p>\n<p>The needles have their own unique color tone, so each needle in the set may vary slightly.<\/p>\n<p><span class=\"weight900\">On LYKKE<\/span> The sizes of the needles are engraved, the set is presented in a beautiful eco-leather case with pockets, each tool has its own place, so order is really guaranteed \ud83d\ude42<\/p>","protected":false},"excerpt":{"rendered":"<p>LYKKE UMBER STARTER prisukam\u0173 medini\u0173 virbal\u0173 rinkinys : 5vnt. prisukam\u0173 virbal\u0173 (3,25mm, 3,5 mm, 3.75 mm, 4.0 mm, 4.5 mm.) 3vnt. prisukam\u0173 val\u0173 ( 40 cm, 50 cm, 60 cm) 2 val\u0173 jungtys, 4 stabd\u017eiukai, 2 priver\u017eimo rakteliai. Virbal\u0173 ilgis: 7cm. LYKKE UMBER STARTER \u2013 tai rank\u0173 darbo, auk\u0161tos kokyb\u0117s virbalai, pagaminti i\u0161 nat\u016bralios ber\u017eo medienos. Virbalai pasi\u017eymi savo unikaliu spalvos atpalviu, tod\u0117l kiekvienas virbalas rinkinyje gali \u0161iektiek skirtis. Ant LYKKE virbal\u0173 yra i\u0161graviruoti dyd\u017eiai, rinkinys pateiktas gra\u017eiame eko odos d\u0117kle su ki\u0161en\u0117liais, kiekviena priemon\u0117 turi savo viet\u0105, tod\u0117l tvarka tikrai garantuota \ud83d\ude42<\/p>","protected":false},"featured_media":14130,"comment_status":"open","ping_status":"closed","template":"","meta":[],"product_brand":[],"product_cat":[180,2124,181],"product_tag":[],"giftcard-category":[],"class_list":{"0":"post-14127","1":"product","2":"type-product","3":"status-publish","4":"has-post-thumbnail","6":"product_cat-mezgimo-priemones","7":"product_cat-lykke","8":"product_cat-virbalu-rinkiniai","10":"first","11":"instock","12":"taxable","13":"shipping-taxable","14":"purchasable","15":"product-type-simple"},"_links":{"self":[{"href":"https:\/\/bitessiulai.lt\/en\/wp-json\/wp\/v2\/product\/14127","targetHints":{"allow":["GET"]}}],"collection":[{"href":"https:\/\/bitessiulai.lt\/en\/wp-json\/wp\/v2\/product"}],"about":[{"href":"https:\/\/bitessiulai.lt\/en\/wp-json\/wp\/v2\/types\/product"}],"replies":[{"embeddable":true,"href":"https:\/\/bitessiulai.lt\/en\/wp-json\/wp\/v2\/comments?post=14127"}],"version-history":[{"count":0,"href":"https:\/\/bitessiulai.lt\/en\/wp-json\/wp\/v2\/product\/14127\/revisions"}],"wp:featuredmedia":[{"embeddable":true,"href":"https:\/\/bitessiulai.lt\/en\/wp-json\/wp\/v2\/media\/14130"}],"wp:attachment":[{"href":"https:\/\/bitessiulai.lt\/en\/wp-json\/wp\/v2\/media?parent=14127"}],"wp:term":[{"taxonomy":"product_brand","embeddable":true,"href":"https:\/\/bitessiulai.lt\/en\/wp-json\/wp\/v2\/product_brand?post=14127"},{"taxonomy":"product_cat","embeddable":true,"href":"https:\/\/bitessiulai.lt\/en\/wp-json\/wp\/v2\/product_cat?post=14127"},{"taxonomy":"product_tag","embeddable":true,"href":"https:\/\/bitessiulai.lt\/en\/wp-json\/wp\/v2\/product_tag?post=14127"},{"taxonomy":"giftcard-category","embeddable":true,"href":"https:\/\/bitessiulai.lt\/en\/wp-json\/wp\/v2\/giftcard-category?post=14127"}],"curies":[{"name":"wp","href":"https:\/\/api.w.org\/{rel}","templated":true}]}}