{"id":12334,"date":"2025-05-17T17:40:19","date_gmt":"2025-05-17T14:40:19","guid":{"rendered":"https:\/\/bitessiulai.lt\/?post_type=product&#038;p=12334"},"modified":"2026-03-12T14:56:24","modified_gmt":"2026-03-12T12:56:24","slug":"knitpro-jadore-cubics-virbalu-rinkinys-deluxe-13-cm","status":"publish","type":"product","link":"https:\/\/bitessiulai.lt\/en\/product\/knitpro-jadore-cubics-virbalu-rinkinys-deluxe-13-cm\/","title":{"rendered":"KnitPro J&#039;adore Cubics needles set Deluxe 13 cm"},"content":{"rendered":"<p><strong>KnitPro J&#039;adore Cubics needles set Deluxe 13 cm<\/strong>\u00a0guarantees smooth knitting without hand fatigue. The needles in this series are made of purple lacquered birch wood and are distinguished by their square shape. The needles fit well in the hands and provide good grip. The KnitPro J&#039;adore Cubics Interchangeable Knitting Needle Set Deluxe is a complete set of interchangeable knitting needles, cords and accessories.<\/p>\n<p>&nbsp;<\/p>\n<p>The set includes:<\/p>\n<ul>\n<li>7 pairs of interchangeable needles, 13 cm long, in sizes 4.00, 4.50, 5.00, 5.50, 6.00, 7.00 and 8.00 mm<\/li>\n<li>4 x 360\u02da swivel lines (1 x 60, 2 x 80 and 1 x 100 cm total length including tips)<\/li>\n<li>8 x end plugs<\/li>\n<li>4 x line keys<\/li>\n<li>1 x cable connector set<\/li>\n<\/ul>\n<p>&nbsp;<\/p>","protected":false},"excerpt":{"rendered":"<p>KnitPro J&#8217;adore Cubics virbal\u0173 rinkinys Deluxe 13 cm\u00a0garantuoja skland\u0173 mezgim\u0105 be rank\u0173 nuovargio. \u0160ios serijos virbalai pagaminti i\u0161 violetin\u0117s spalvos lakuotos ber\u017eo medienos ir i\u0161siskiria savo kvadratine forma. Virbalai gerai priglunda prie rank\u0173 ir u\u017etikrina ger\u0105 sukibim\u0105. \u201eKnitPro J&#8217;adore Cubics\u201c kei\u010diam\u0173 mezgimo virbal\u0173 rinkinys \u201eDeluxe\u201c \u2013 tai pilnas kei\u010diam\u0173 mezgimo virbal\u0173, virveli\u0173 ir pried\u0173 rinkinys. &nbsp; Rinkin\u012f sudaro: 7 poros kei\u010diam\u0173 virbal\u0173, kuri\u0173 ilgis 13 cm, 4,00, 4,50, 5,00, 5,50, 6,00, 7,00 ir 8,00 mm dyd\u017ei\u0173 4 x 360\u02da pasukami valai (1 x 60, 2 x 80 ir 1 x 100 cm bendras ilgis, \u012fskaitant antgalius) 8 x galiniai kam\u0161\u010diai 4 x valo raktai 1 x kabeli\u0173 jung\u010di\u0173 rinkinys &nbsp;<\/p>","protected":false},"featured_media":12335,"comment_status":"open","ping_status":"closed","template":"","meta":[],"product_brand":[],"product_cat":[180,2440,181],"product_tag":[],"giftcard-category":[],"class_list":{"0":"post-12334","1":"product","2":"type-product","3":"status-publish","4":"has-post-thumbnail","6":"product_cat-mezgimo-priemones","7":"product_cat-knitpro","8":"product_cat-virbalu-rinkiniai","10":"first","11":"instock","12":"taxable","13":"shipping-taxable","14":"purchasable","15":"product-type-simple"},"_links":{"self":[{"href":"https:\/\/bitessiulai.lt\/en\/wp-json\/wp\/v2\/product\/12334","targetHints":{"allow":["GET"]}}],"collection":[{"href":"https:\/\/bitessiulai.lt\/en\/wp-json\/wp\/v2\/product"}],"about":[{"href":"https:\/\/bitessiulai.lt\/en\/wp-json\/wp\/v2\/types\/product"}],"replies":[{"embeddable":true,"href":"https:\/\/bitessiulai.lt\/en\/wp-json\/wp\/v2\/comments?post=12334"}],"version-history":[{"count":1,"href":"https:\/\/bitessiulai.lt\/en\/wp-json\/wp\/v2\/product\/12334\/revisions"}],"predecessor-version":[{"id":20822,"href":"https:\/\/bitessiulai.lt\/en\/wp-json\/wp\/v2\/product\/12334\/revisions\/20822"}],"wp:featuredmedia":[{"embeddable":true,"href":"https:\/\/bitessiulai.lt\/en\/wp-json\/wp\/v2\/media\/12335"}],"wp:attachment":[{"href":"https:\/\/bitessiulai.lt\/en\/wp-json\/wp\/v2\/media?parent=12334"}],"wp:term":[{"taxonomy":"product_brand","embeddable":true,"href":"https:\/\/bitessiulai.lt\/en\/wp-json\/wp\/v2\/product_brand?post=12334"},{"taxonomy":"product_cat","embeddable":true,"href":"https:\/\/bitessiulai.lt\/en\/wp-json\/wp\/v2\/product_cat?post=12334"},{"taxonomy":"product_tag","embeddable":true,"href":"https:\/\/bitessiulai.lt\/en\/wp-json\/wp\/v2\/product_tag?post=12334"},{"taxonomy":"giftcard-category","embeddable":true,"href":"https:\/\/bitessiulai.lt\/en\/wp-json\/wp\/v2\/giftcard-category?post=12334"}],"curies":[{"name":"wp","href":"https:\/\/api.w.org\/{rel}","templated":true}]}}