{"id":12306,"date":"2025-05-17T14:05:12","date_gmt":"2025-05-17T11:05:12","guid":{"rendered":"https:\/\/bitessiulai.lt\/?post_type=product&#038;p=12306"},"modified":"2025-12-08T13:43:59","modified_gmt":"2025-12-08T11:43:59","slug":"chiaogoo-galiniai-kamsciai","status":"publish","type":"product","link":"https:\/\/bitessiulai.lt\/en\/product\/chiaogoo-galiniai-kamsciai\/","title":{"rendered":"ChiaoGoo end caps"},"content":{"rendered":"<p>ChiaoGoo galiniai kam\u0161\u010diai. \u0160iuos \u201eChiaoGoo\u201c galinius kam\u0161\u010dius galite pritvirtinti prie pyni\u0173 gal\u0173, kai norite naudoti virbal\u0173 galiukus kitiems mezgimo projektams. \u0160ie kam\u0161\u010diai neleid\u017eia akims nukristi nuo pyni\u0173. \u0160ie sta\u010diakampiai galiniai kam\u0161\u010diai pagaminti i\u0161 dervos. Balti galiniai kam\u0161\u010diai tinka [S] pyn\u0117ms, juodi \u2013 [L] pynei.<\/p>\n","protected":false},"excerpt":{"rendered":"<p>ChiaoGoo galiniai kam\u0161\u010diai. \u0160iuos \u201eChiaoGoo\u201c galinius kam\u0161\u010dius galite pritvirtinti prie pyni\u0173 gal\u0173, kai norite naudoti virbal\u0173 galiukus kitiems mezgimo projektams. \u0160ie kam\u0161\u010diai neleid\u017eia akims nukristi nuo pyni\u0173. \u0160ie sta\u010diakampiai galiniai kam\u0161\u010diai pagaminti i\u0161 dervos. Balti galiniai kam\u0161\u010diai tinka [S] pyn\u0117ms, juodi \u2013 [L] pynei.<\/p>\n","protected":false},"featured_media":12308,"comment_status":"open","ping_status":"closed","template":"","meta":[],"product_brand":[],"product_cat":[180,189],"product_tag":[],"giftcard-category":[],"class_list":{"0":"post-12306","1":"product","2":"type-product","3":"status-publish","4":"has-post-thumbnail","6":"product_cat-mezgimo-priemones","7":"product_cat-antgaliai-stabdziukai","9":"first","10":"instock","11":"taxable","12":"shipping-taxable","13":"purchasable","14":"product-type-variable"},"_links":{"self":[{"href":"https:\/\/bitessiulai.lt\/en\/wp-json\/wp\/v2\/product\/12306","targetHints":{"allow":["GET"]}}],"collection":[{"href":"https:\/\/bitessiulai.lt\/en\/wp-json\/wp\/v2\/product"}],"about":[{"href":"https:\/\/bitessiulai.lt\/en\/wp-json\/wp\/v2\/types\/product"}],"replies":[{"embeddable":true,"href":"https:\/\/bitessiulai.lt\/en\/wp-json\/wp\/v2\/comments?post=12306"}],"version-history":[{"count":1,"href":"https:\/\/bitessiulai.lt\/en\/wp-json\/wp\/v2\/product\/12306\/revisions"}],"predecessor-version":[{"id":20415,"href":"https:\/\/bitessiulai.lt\/en\/wp-json\/wp\/v2\/product\/12306\/revisions\/20415"}],"wp:featuredmedia":[{"embeddable":true,"href":"https:\/\/bitessiulai.lt\/en\/wp-json\/wp\/v2\/media\/12308"}],"wp:attachment":[{"href":"https:\/\/bitessiulai.lt\/en\/wp-json\/wp\/v2\/media?parent=12306"}],"wp:term":[{"taxonomy":"product_brand","embeddable":true,"href":"https:\/\/bitessiulai.lt\/en\/wp-json\/wp\/v2\/product_brand?post=12306"},{"taxonomy":"product_cat","embeddable":true,"href":"https:\/\/bitessiulai.lt\/en\/wp-json\/wp\/v2\/product_cat?post=12306"},{"taxonomy":"product_tag","embeddable":true,"href":"https:\/\/bitessiulai.lt\/en\/wp-json\/wp\/v2\/product_tag?post=12306"},{"taxonomy":"giftcard-category","embeddable":true,"href":"https:\/\/bitessiulai.lt\/en\/wp-json\/wp\/v2\/giftcard-category?post=12306"}],"curies":[{"name":"wp","href":"https:\/\/api.w.org\/{rel}","templated":true}]}}